{"id":949,"date":"2025-11-23T11:22:36","date_gmt":"2025-11-23T11:22:36","guid":{"rendered":"https:\/\/www.abdellahdeddah.com\/?page_id=949"},"modified":"2025-12-06T19:36:39","modified_gmt":"2025-12-06T19:36:39","slug":"passion","status":"publish","type":"page","link":"https:\/\/abdellahdeddah.com\/fr\/passion\/","title":{"rendered":"Passion"},"content":{"rendered":"<div data-elementor-type=\"wp-page\" data-elementor-id=\"949\" class=\"elementor elementor-949\">\n\t\t\t\t\t\t<section class=\"elementor-section elementor-top-section elementor-element elementor-element-4448e0b elementor-section-boxed elementor-section-height-default elementor-section-height-default\" data-id=\"4448e0b\" data-element_type=\"section\" data-e-type=\"section\">\n\t\t\t\t\t\t<div class=\"elementor-container elementor-column-gap-default\">\n\t\t\t\t\t<div class=\"elementor-column elementor-col-100 elementor-top-column elementor-element elementor-element-e1c4a73\" data-id=\"e1c4a73\" data-element_type=\"column\" data-e-type=\"column\">\n\t\t\t<div class=\"elementor-widget-wrap elementor-element-populated\">\n\t\t\t\t\t\t<div class=\"elementor-element elementor-element-a6841a0 elementor-widget__width-initial elementor-widget elementor-widget-image\" data-id=\"a6841a0\" data-element_type=\"widget\" data-e-type=\"widget\" data-widget_type=\"image.default\">\n\t\t\t\t\t\t\t\t\t\t\t\t\t\t\t<img fetchpriority=\"high\" decoding=\"async\" width=\"1140\" height=\"390\" src=\"https:\/\/abdellahdeddah.com\/wp-content\/uploads\/2025\/11\/passion.jpg\" class=\"attachment-full size-full wp-image-952\" alt=\"\" srcset=\"https:\/\/abdellahdeddah.com\/wp-content\/uploads\/2025\/11\/passion.jpg 1140w, https:\/\/abdellahdeddah.com\/wp-content\/uploads\/2025\/11\/passion-300x103.jpg 300w, https:\/\/abdellahdeddah.com\/wp-content\/uploads\/2025\/11\/passion-1024x350.jpg 1024w, https:\/\/abdellahdeddah.com\/wp-content\/uploads\/2025\/11\/passion-768x263.jpg 768w, https:\/\/abdellahdeddah.com\/wp-content\/uploads\/2025\/11\/passion-600x205.jpg 600w, https:\/\/abdellahdeddah.com\/wp-content\/uploads\/2025\/11\/passion-150x51.jpg 150w\" sizes=\"(max-width: 1140px) 100vw, 1140px\" \/>\t\t\t\t\t\t\t\t\t\t\t\t\t\t\t<\/div>\n\t\t\t\t\t<\/div>\n\t\t<\/div>\n\t\t\t\t\t<\/div>\n\t\t<\/section>\n\t\t\t\t<section class=\"elementor-section elementor-top-section elementor-element elementor-element-3c812fb elementor-section-boxed elementor-section-height-default elementor-section-height-default\" data-id=\"3c812fb\" data-element_type=\"section\" data-e-type=\"section\">\n\t\t\t\t\t\t<div class=\"elementor-container elementor-column-gap-default\">\n\t\t\t\t\t<div class=\"elementor-column elementor-col-100 elementor-top-column elementor-element elementor-element-d9fdf03\" data-id=\"d9fdf03\" data-element_type=\"column\" data-e-type=\"column\">\n\t\t\t<div class=\"elementor-widget-wrap elementor-element-populated\">\n\t\t\t\t\t\t<section class=\"elementor-section elementor-inner-section elementor-element elementor-element-afc58a9 elementor-section-boxed elementor-section-height-default elementor-section-height-default\" data-id=\"afc58a9\" data-element_type=\"section\" data-e-type=\"section\" data-settings=\"{&quot;background_background&quot;:&quot;classic&quot;}\">\n\t\t\t\t\t\t<div class=\"elementor-container elementor-column-gap-default\">\n\t\t\t\t\t<div class=\"elementor-column elementor-col-100 elementor-inner-column elementor-element elementor-element-d4906b4\" data-id=\"d4906b4\" data-element_type=\"column\" data-e-type=\"column\">\n\t\t\t<div class=\"elementor-widget-wrap elementor-element-populated\">\n\t\t\t\t\t\t<div class=\"elementor-element elementor-element-b427cf9 elementor-widget elementor-widget-heading\" data-id=\"b427cf9\" data-element_type=\"widget\" data-e-type=\"widget\" data-widget_type=\"heading.default\">\n\t\t\t\t\t<h2 class=\"elementor-heading-title elementor-size-default\">Passion<\/h2>\t\t\t\t<\/div>\n\t\t\t\t<div class=\"elementor-element elementor-element-e3dbbf0 elementor-widget elementor-widget-text-editor\" data-id=\"e3dbbf0\" data-element_type=\"widget\" data-e-type=\"widget\" data-widget_type=\"text-editor.default\">\n\t\t\t\t\t\t\t\t\t<h5 data-start=\"129\" data-end=\"461\">La cr\u00e9ativit\u00e9 est au c\u0153ur de tout ce que je fais. Je puise mon inspiration dans le monde qui m\u2019entoure et je transforme les id\u00e9es en visuels gr\u00e2ce \u00e0 ma sensibilit\u00e9 artistique et \u00e0 ma vision unique.<br data-start=\"301\" data-end=\"304\" \/>Ma passion pour le design me pousse \u00e0 cr\u00e9er des \u0153uvres pertinentes, raffin\u00e9es et percutantes, qui refl\u00e8tent \u00e0 la fois les besoins du client et ma propre identit\u00e9 artistique.<\/h5>\t\t\t\t\t\t\t\t<\/div>\n\t\t\t\t\t<\/div>\n\t\t<\/div>\n\t\t\t\t\t<\/div>\n\t\t<\/section>\n\t\t\t\t\t<\/div>\n\t\t<\/div>\n\t\t\t\t\t<\/div>\n\t\t<\/section>\n\t\t\t\t<section class=\"elementor-section elementor-top-section elementor-element elementor-element-4ee16aa elementor-section-boxed elementor-section-height-default elementor-section-height-default\" data-id=\"4ee16aa\" data-element_type=\"section\" data-e-type=\"section\">\n\t\t\t\t\t\t<div class=\"elementor-container elementor-column-gap-default\">\n\t\t\t\t\t<div class=\"elementor-column elementor-col-50 elementor-top-column elementor-element elementor-element-2656b3a\" data-id=\"2656b3a\" data-element_type=\"column\" data-e-type=\"column\">\n\t\t\t<div class=\"elementor-widget-wrap elementor-element-populated\">\n\t\t\t\t\t\t<div class=\"elementor-element elementor-element-9cef45e elementor-widget elementor-widget-image\" data-id=\"9cef45e\" data-element_type=\"widget\" data-e-type=\"widget\" data-widget_type=\"image.default\">\n\t\t\t\t\t\t\t\t\t\t\t\t\t\t\t<img decoding=\"async\" width=\"819\" height=\"1024\" src=\"https:\/\/abdellahdeddah.com\/wp-content\/uploads\/2025\/11\/App-02-819x1024.jpg\" class=\"attachment-large size-large wp-image-953\" alt=\"\" srcset=\"https:\/\/abdellahdeddah.com\/wp-content\/uploads\/2025\/11\/App-02-819x1024.jpg 819w, https:\/\/abdellahdeddah.com\/wp-content\/uploads\/2025\/11\/App-02-240x300.jpg 240w, https:\/\/abdellahdeddah.com\/wp-content\/uploads\/2025\/11\/App-02-768x960.jpg 768w, https:\/\/abdellahdeddah.com\/wp-content\/uploads\/2025\/11\/App-02-600x750.jpg 600w, https:\/\/abdellahdeddah.com\/wp-content\/uploads\/2025\/11\/App-02-120x150.jpg 120w, https:\/\/abdellahdeddah.com\/wp-content\/uploads\/2025\/11\/App-02.jpg 1200w\" sizes=\"(max-width: 819px) 100vw, 819px\" \/>\t\t\t\t\t\t\t\t\t\t\t\t\t\t\t<\/div>\n\t\t\t\t\t<\/div>\n\t\t<\/div>\n\t\t\t\t<div class=\"elementor-column elementor-col-50 elementor-top-column elementor-element elementor-element-5b0bf3c\" data-id=\"5b0bf3c\" data-element_type=\"column\" data-e-type=\"column\">\n\t\t\t<div class=\"elementor-widget-wrap elementor-element-populated\">\n\t\t\t\t\t\t<div class=\"elementor-element elementor-element-d7a9682 elementor-widget elementor-widget-image\" data-id=\"d7a9682\" data-element_type=\"widget\" data-e-type=\"widget\" data-widget_type=\"image.default\">\n\t\t\t\t\t\t\t\t\t\t\t\t\t\t\t<img decoding=\"async\" width=\"819\" height=\"1024\" src=\"https:\/\/abdellahdeddah.com\/wp-content\/uploads\/2025\/11\/App-04--819x1024.jpg\" class=\"attachment-large size-large wp-image-954\" alt=\"\" srcset=\"https:\/\/abdellahdeddah.com\/wp-content\/uploads\/2025\/11\/App-04--819x1024.jpg 819w, https:\/\/abdellahdeddah.com\/wp-content\/uploads\/2025\/11\/App-04--240x300.jpg 240w, https:\/\/abdellahdeddah.com\/wp-content\/uploads\/2025\/11\/App-04--768x960.jpg 768w, https:\/\/abdellahdeddah.com\/wp-content\/uploads\/2025\/11\/App-04--600x750.jpg 600w, https:\/\/abdellahdeddah.com\/wp-content\/uploads\/2025\/11\/App-04--120x150.jpg 120w, https:\/\/abdellahdeddah.com\/wp-content\/uploads\/2025\/11\/App-04-.jpg 1200w\" sizes=\"(max-width: 819px) 100vw, 819px\" \/>\t\t\t\t\t\t\t\t\t\t\t\t\t\t\t<\/div>\n\t\t\t\t\t<\/div>\n\t\t<\/div>\n\t\t\t\t\t<\/div>\n\t\t<\/section>\n\t\t\t\t<section class=\"elementor-section elementor-top-section elementor-element elementor-element-bf4a818 elementor-section-boxed elementor-section-height-default elementor-section-height-default\" data-id=\"bf4a818\" data-element_type=\"section\" data-e-type=\"section\">\n\t\t\t\t\t\t<div class=\"elementor-container elementor-column-gap-default\">\n\t\t\t\t\t<div class=\"elementor-column elementor-col-50 elementor-top-column elementor-element elementor-element-5f23320\" data-id=\"5f23320\" data-element_type=\"column\" data-e-type=\"column\">\n\t\t\t<div class=\"elementor-widget-wrap elementor-element-populated\">\n\t\t\t\t\t\t<div class=\"elementor-element elementor-element-bab4f2b elementor-widget elementor-widget-image\" data-id=\"bab4f2b\" data-element_type=\"widget\" data-e-type=\"widget\" data-widget_type=\"image.default\">\n\t\t\t\t\t\t\t\t\t\t\t\t\t\t\t<img loading=\"lazy\" decoding=\"async\" width=\"819\" height=\"1024\" src=\"https:\/\/abdellahdeddah.com\/wp-content\/uploads\/2025\/11\/app-08-819x1024.png\" class=\"attachment-large size-large wp-image-955\" alt=\"\" srcset=\"https:\/\/abdellahdeddah.com\/wp-content\/uploads\/2025\/11\/app-08-819x1024.png 819w, https:\/\/abdellahdeddah.com\/wp-content\/uploads\/2025\/11\/app-08-240x300.png 240w, https:\/\/abdellahdeddah.com\/wp-content\/uploads\/2025\/11\/app-08-768x960.png 768w, https:\/\/abdellahdeddah.com\/wp-content\/uploads\/2025\/11\/app-08-600x750.png 600w, https:\/\/abdellahdeddah.com\/wp-content\/uploads\/2025\/11\/app-08-120x150.png 120w, https:\/\/abdellahdeddah.com\/wp-content\/uploads\/2025\/11\/app-08.png 1200w\" sizes=\"(max-width: 819px) 100vw, 819px\" \/>\t\t\t\t\t\t\t\t\t\t\t\t\t\t\t<\/div>\n\t\t\t\t\t<\/div>\n\t\t<\/div>\n\t\t\t\t<div class=\"elementor-column elementor-col-50 elementor-top-column elementor-element elementor-element-b33c2ca\" data-id=\"b33c2ca\" data-element_type=\"column\" data-e-type=\"column\">\n\t\t\t<div class=\"elementor-widget-wrap elementor-element-populated\">\n\t\t\t\t\t\t<div class=\"elementor-element elementor-element-47dd8c9 elementor-widget elementor-widget-image\" data-id=\"47dd8c9\" data-element_type=\"widget\" data-e-type=\"widget\" data-widget_type=\"image.default\">\n\t\t\t\t\t\t\t\t\t\t\t\t\t\t\t<img loading=\"lazy\" decoding=\"async\" width=\"819\" height=\"1024\" src=\"https:\/\/abdellahdeddah.com\/wp-content\/uploads\/2025\/11\/App-05-819x1024.jpg\" class=\"attachment-large size-large wp-image-956\" alt=\"\" srcset=\"https:\/\/abdellahdeddah.com\/wp-content\/uploads\/2025\/11\/App-05-819x1024.jpg 819w, https:\/\/abdellahdeddah.com\/wp-content\/uploads\/2025\/11\/App-05-240x300.jpg 240w, https:\/\/abdellahdeddah.com\/wp-content\/uploads\/2025\/11\/App-05-768x960.jpg 768w, https:\/\/abdellahdeddah.com\/wp-content\/uploads\/2025\/11\/App-05-600x750.jpg 600w, https:\/\/abdellahdeddah.com\/wp-content\/uploads\/2025\/11\/App-05-120x150.jpg 120w, https:\/\/abdellahdeddah.com\/wp-content\/uploads\/2025\/11\/App-05.jpg 1200w\" sizes=\"(max-width: 819px) 100vw, 819px\" \/>\t\t\t\t\t\t\t\t\t\t\t\t\t\t\t<\/div>\n\t\t\t\t\t<\/div>\n\t\t<\/div>\n\t\t\t\t\t<\/div>\n\t\t<\/section>\n\t\t\t\t<section class=\"elementor-section elementor-top-section elementor-element elementor-element-0bc9373 elementor-section-boxed elementor-section-height-default elementor-section-height-default\" data-id=\"0bc9373\" data-element_type=\"section\" data-e-type=\"section\">\n\t\t\t\t\t\t<div class=\"elementor-container elementor-column-gap-default\">\n\t\t\t\t\t<div class=\"elementor-column elementor-col-50 elementor-top-column elementor-element elementor-element-4e35f85\" data-id=\"4e35f85\" data-element_type=\"column\" data-e-type=\"column\">\n\t\t\t<div class=\"elementor-widget-wrap elementor-element-populated\">\n\t\t\t\t\t\t<div class=\"elementor-element elementor-element-6c61f25 elementor-widget elementor-widget-image\" data-id=\"6c61f25\" data-element_type=\"widget\" data-e-type=\"widget\" data-widget_type=\"image.default\">\n\t\t\t\t\t\t\t\t\t\t\t\t\t\t\t<img loading=\"lazy\" decoding=\"async\" width=\"819\" height=\"1024\" src=\"https:\/\/abdellahdeddah.com\/wp-content\/uploads\/2025\/11\/App-16-819x1024.png\" class=\"attachment-large size-large wp-image-959\" alt=\"\" srcset=\"https:\/\/abdellahdeddah.com\/wp-content\/uploads\/2025\/11\/App-16-819x1024.png 819w, https:\/\/abdellahdeddah.com\/wp-content\/uploads\/2025\/11\/App-16-240x300.png 240w, https:\/\/abdellahdeddah.com\/wp-content\/uploads\/2025\/11\/App-16-768x960.png 768w, https:\/\/abdellahdeddah.com\/wp-content\/uploads\/2025\/11\/App-16-600x750.png 600w, https:\/\/abdellahdeddah.com\/wp-content\/uploads\/2025\/11\/App-16-120x150.png 120w, https:\/\/abdellahdeddah.com\/wp-content\/uploads\/2025\/11\/App-16.png 1200w\" sizes=\"(max-width: 819px) 100vw, 819px\" \/>\t\t\t\t\t\t\t\t\t\t\t\t\t\t\t<\/div>\n\t\t\t\t\t<\/div>\n\t\t<\/div>\n\t\t\t\t<div class=\"elementor-column elementor-col-50 elementor-top-column elementor-element elementor-element-c0bbf9c\" data-id=\"c0bbf9c\" data-element_type=\"column\" data-e-type=\"column\">\n\t\t\t<div class=\"elementor-widget-wrap elementor-element-populated\">\n\t\t\t\t\t\t<div class=\"elementor-element elementor-element-3a896d2 elementor-widget elementor-widget-image\" data-id=\"3a896d2\" data-element_type=\"widget\" data-e-type=\"widget\" data-widget_type=\"image.default\">\n\t\t\t\t\t\t\t\t\t\t\t\t\t\t\t<img loading=\"lazy\" decoding=\"async\" width=\"819\" height=\"1024\" src=\"https:\/\/abdellahdeddah.com\/wp-content\/uploads\/2025\/12\/App-01-819x1024.jpg\" class=\"attachment-large size-large wp-image-1773\" alt=\"\" srcset=\"https:\/\/abdellahdeddah.com\/wp-content\/uploads\/2025\/12\/App-01-819x1024.jpg 819w, https:\/\/abdellahdeddah.com\/wp-content\/uploads\/2025\/12\/App-01-240x300.jpg 240w, https:\/\/abdellahdeddah.com\/wp-content\/uploads\/2025\/12\/App-01-768x960.jpg 768w, https:\/\/abdellahdeddah.com\/wp-content\/uploads\/2025\/12\/App-01-10x12.jpg 10w, https:\/\/abdellahdeddah.com\/wp-content\/uploads\/2025\/12\/App-01-600x750.jpg 600w, https:\/\/abdellahdeddah.com\/wp-content\/uploads\/2025\/12\/App-01-120x150.jpg 120w, https:\/\/abdellahdeddah.com\/wp-content\/uploads\/2025\/12\/App-01.jpg 1200w\" sizes=\"(max-width: 819px) 100vw, 819px\" \/>\t\t\t\t\t\t\t\t\t\t\t\t\t\t\t<\/div>\n\t\t\t\t\t<\/div>\n\t\t<\/div>\n\t\t\t\t\t<\/div>\n\t\t<\/section>\n\t\t\t\t<section class=\"elementor-section elementor-top-section elementor-element elementor-element-a3981b7 elementor-section-boxed elementor-section-height-default elementor-section-height-default\" data-id=\"a3981b7\" data-element_type=\"section\" data-e-type=\"section\">\n\t\t\t\t\t\t<div class=\"elementor-container elementor-column-gap-default\">\n\t\t\t\t\t<div class=\"elementor-column elementor-col-50 elementor-top-column elementor-element elementor-element-62e539d\" data-id=\"62e539d\" data-element_type=\"column\" data-e-type=\"column\">\n\t\t\t<div class=\"elementor-widget-wrap elementor-element-populated\">\n\t\t\t\t\t\t<div class=\"elementor-element elementor-element-3e8a91f elementor-widget elementor-widget-image\" data-id=\"3e8a91f\" data-element_type=\"widget\" data-e-type=\"widget\" data-widget_type=\"image.default\">\n\t\t\t\t\t\t\t\t\t\t\t\t\t\t\t<img loading=\"lazy\" decoding=\"async\" width=\"819\" height=\"1024\" src=\"https:\/\/abdellahdeddah.com\/wp-content\/uploads\/2025\/11\/app-20-819x1024.png\" class=\"attachment-large size-large wp-image-963\" alt=\"\" srcset=\"https:\/\/abdellahdeddah.com\/wp-content\/uploads\/2025\/11\/app-20-819x1024.png 819w, https:\/\/abdellahdeddah.com\/wp-content\/uploads\/2025\/11\/app-20-240x300.png 240w, https:\/\/abdellahdeddah.com\/wp-content\/uploads\/2025\/11\/app-20-768x960.png 768w, https:\/\/abdellahdeddah.com\/wp-content\/uploads\/2025\/11\/app-20-600x750.png 600w, https:\/\/abdellahdeddah.com\/wp-content\/uploads\/2025\/11\/app-20-120x150.png 120w, https:\/\/abdellahdeddah.com\/wp-content\/uploads\/2025\/11\/app-20.png 1200w\" sizes=\"(max-width: 819px) 100vw, 819px\" \/>\t\t\t\t\t\t\t\t\t\t\t\t\t\t\t<\/div>\n\t\t\t\t\t<\/div>\n\t\t<\/div>\n\t\t\t\t<div class=\"elementor-column elementor-col-50 elementor-top-column elementor-element elementor-element-c0b78d3\" data-id=\"c0b78d3\" data-element_type=\"column\" data-e-type=\"column\">\n\t\t\t<div class=\"elementor-widget-wrap elementor-element-populated\">\n\t\t\t\t\t\t<div class=\"elementor-element elementor-element-a9b6b0a elementor-widget elementor-widget-image\" data-id=\"a9b6b0a\" data-element_type=\"widget\" data-e-type=\"widget\" data-widget_type=\"image.default\">\n\t\t\t\t\t\t\t\t\t\t\t\t\t\t\t<img loading=\"lazy\" decoding=\"async\" width=\"819\" height=\"1024\" src=\"https:\/\/abdellahdeddah.com\/wp-content\/uploads\/2025\/11\/app-19-819x1024.png\" class=\"attachment-large size-large wp-image-962\" alt=\"\" srcset=\"https:\/\/abdellahdeddah.com\/wp-content\/uploads\/2025\/11\/app-19-819x1024.png 819w, https:\/\/abdellahdeddah.com\/wp-content\/uploads\/2025\/11\/app-19-240x300.png 240w, https:\/\/abdellahdeddah.com\/wp-content\/uploads\/2025\/11\/app-19-768x960.png 768w, https:\/\/abdellahdeddah.com\/wp-content\/uploads\/2025\/11\/app-19-600x750.png 600w, https:\/\/abdellahdeddah.com\/wp-content\/uploads\/2025\/11\/app-19-120x150.png 120w, https:\/\/abdellahdeddah.com\/wp-content\/uploads\/2025\/11\/app-19.png 1200w\" sizes=\"(max-width: 819px) 100vw, 819px\" \/>\t\t\t\t\t\t\t\t\t\t\t\t\t\t\t<\/div>\n\t\t\t\t\t<\/div>\n\t\t<\/div>\n\t\t\t\t\t<\/div>\n\t\t<\/section>\n\t\t\t\t<\/div>","protected":false},"excerpt":{"rendered":"Passion Creativity is at the heart of everything I do. I draw inspiration from the world around me and translate ideas into visuals through my own artistic taste and unique vision.My passion for design drives me to craft meaningful, refined, and impactful creations that reflect both the client\u2019s needs and my personal artistic identity.","protected":false},"author":1,"featured_media":0,"parent":0,"menu_order":0,"comment_status":"closed","ping_status":"closed","template":"","meta":{"footnotes":""},"class_list":["post-949","page","type-page","status-publish","hentry"],"_hostinger_reach_plugin_has_subscription_block":false,"_hostinger_reach_plugin_is_elementor":false,"_links":{"self":[{"href":"https:\/\/abdellahdeddah.com\/fr\/wp-json\/wp\/v2\/pages\/949","targetHints":{"allow":["GET"]}}],"collection":[{"href":"https:\/\/abdellahdeddah.com\/fr\/wp-json\/wp\/v2\/pages"}],"about":[{"href":"https:\/\/abdellahdeddah.com\/fr\/wp-json\/wp\/v2\/types\/page"}],"author":[{"embeddable":true,"href":"https:\/\/abdellahdeddah.com\/fr\/wp-json\/wp\/v2\/users\/1"}],"replies":[{"embeddable":true,"href":"https:\/\/abdellahdeddah.com\/fr\/wp-json\/wp\/v2\/comments?post=949"}],"version-history":[{"count":10,"href":"https:\/\/abdellahdeddah.com\/fr\/wp-json\/wp\/v2\/pages\/949\/revisions"}],"predecessor-version":[{"id":1776,"href":"https:\/\/abdellahdeddah.com\/fr\/wp-json\/wp\/v2\/pages\/949\/revisions\/1776"}],"wp:attachment":[{"href":"https:\/\/abdellahdeddah.com\/fr\/wp-json\/wp\/v2\/media?parent=949"}],"curies":[{"name":"wp","href":"https:\/\/api.w.org\/{rel}","templated":true}]}}