{"id":861,"date":"2025-11-20T10:45:01","date_gmt":"2025-11-20T10:45:01","guid":{"rendered":"https:\/\/www.abdellahdeddah.com\/?page_id=861"},"modified":"2025-12-02T21:01:27","modified_gmt":"2025-12-02T21:01:27","slug":"branding-projects","status":"publish","type":"page","link":"https:\/\/abdellahdeddah.com\/fr\/branding-projects\/","title":{"rendered":"Projets de branding"},"content":{"rendered":"<div data-elementor-type=\"wp-page\" data-elementor-id=\"861\" class=\"elementor elementor-861\">\n\t\t\t\t\t\t<section class=\"elementor-section elementor-top-section elementor-element elementor-element-0c0aa80 elementor-section-boxed elementor-section-height-default elementor-section-height-default\" data-id=\"0c0aa80\" data-element_type=\"section\" data-e-type=\"section\">\n\t\t\t\t\t\t<div class=\"elementor-container elementor-column-gap-default\">\n\t\t\t\t\t<div class=\"elementor-column elementor-col-100 elementor-top-column elementor-element elementor-element-f8c3883\" data-id=\"f8c3883\" data-element_type=\"column\" data-e-type=\"column\">\n\t\t\t<div class=\"elementor-widget-wrap elementor-element-populated\">\n\t\t\t\t\t\t<div class=\"elementor-element elementor-element-e710453 elementor-widget__width-initial elementor-widget elementor-widget-image\" data-id=\"e710453\" data-element_type=\"widget\" data-e-type=\"widget\" data-widget_type=\"image.default\">\n\t\t\t\t\t\t\t\t\t\t\t\t\t\t\t<img fetchpriority=\"high\" decoding=\"async\" width=\"1278\" height=\"471\" src=\"https:\/\/abdellahdeddah.com\/wp-content\/uploads\/2025\/11\/b.jpg\" class=\"attachment-full size-full wp-image-964\" alt=\"\" srcset=\"https:\/\/abdellahdeddah.com\/wp-content\/uploads\/2025\/11\/b.jpg 1278w, https:\/\/abdellahdeddah.com\/wp-content\/uploads\/2025\/11\/b-300x111.jpg 300w, https:\/\/abdellahdeddah.com\/wp-content\/uploads\/2025\/11\/b-1024x377.jpg 1024w, https:\/\/abdellahdeddah.com\/wp-content\/uploads\/2025\/11\/b-768x283.jpg 768w, https:\/\/abdellahdeddah.com\/wp-content\/uploads\/2025\/11\/b-600x221.jpg 600w, https:\/\/abdellahdeddah.com\/wp-content\/uploads\/2025\/11\/b-150x55.jpg 150w\" sizes=\"(max-width: 1278px) 100vw, 1278px\" \/>\t\t\t\t\t\t\t\t\t\t\t\t\t\t\t<\/div>\n\t\t\t\t\t<\/div>\n\t\t<\/div>\n\t\t\t\t\t<\/div>\n\t\t<\/section>\n\t\t\t\t<section class=\"elementor-section elementor-top-section elementor-element elementor-element-cb755d6 elementor-section-boxed elementor-section-height-default elementor-section-height-default\" data-id=\"cb755d6\" data-element_type=\"section\" data-e-type=\"section\">\n\t\t\t\t\t\t<div class=\"elementor-container elementor-column-gap-default\">\n\t\t\t\t\t<div class=\"elementor-column elementor-col-100 elementor-top-column elementor-element elementor-element-9600f4e\" data-id=\"9600f4e\" data-element_type=\"column\" data-e-type=\"column\">\n\t\t\t<div class=\"elementor-widget-wrap elementor-element-populated\">\n\t\t\t\t\t\t<section class=\"elementor-section elementor-inner-section elementor-element elementor-element-8d60cf9 elementor-section-boxed elementor-section-height-default elementor-section-height-default\" data-id=\"8d60cf9\" data-element_type=\"section\" data-e-type=\"section\" data-settings=\"{&quot;background_background&quot;:&quot;classic&quot;}\">\n\t\t\t\t\t\t<div class=\"elementor-container elementor-column-gap-default\">\n\t\t\t\t\t<div class=\"elementor-column elementor-col-100 elementor-inner-column elementor-element elementor-element-20cef79\" data-id=\"20cef79\" data-element_type=\"column\" data-e-type=\"column\">\n\t\t\t<div class=\"elementor-widget-wrap elementor-element-populated\">\n\t\t\t\t\t\t<div class=\"elementor-element elementor-element-5ac6a3c elementor-widget elementor-widget-heading\" data-id=\"5ac6a3c\" data-element_type=\"widget\" data-e-type=\"widget\" data-widget_type=\"heading.default\">\n\t\t\t\t\t<h2 class=\"elementor-heading-title elementor-size-default\">Design d\u2019identit\u00e9 de marque<\/h2>\t\t\t\t<\/div>\n\t\t\t\t<div class=\"elementor-element elementor-element-9b4ae66 elementor-widget elementor-widget-text-editor\" data-id=\"9b4ae66\" data-element_type=\"widget\" data-e-type=\"widget\" data-widget_type=\"text-editor.default\">\n\t\t\t\t\t\t\t\t\t<h6 data-start=\"797\" data-end=\"828\">\u00a0L\u2019identit\u00e9 de marque est l\u2019un des \u00e9l\u00e9ments les plus essentiels pour toute entreprise aujourd\u2019hui, car elle joue un r\u00f4le d\u00e9terminant dans la construction de votre image et dans l\u2019\u00e9tablissement d\u2019un climat de confiance avec votre audience.\nUne identit\u00e9 visuelle forte communique instantan\u00e9ment qui vous \u00eates et vous distingue de vos concurrents \u2014 que vous soyez une start-up ou une marque d\u00e9j\u00e0 \u00e9tablie.<br \/><br \/>Quel que soit votre secteur d\u2019activit\u00e9 ou la taille de votre entreprise, une identit\u00e9 de marque bien con\u00e7ue vous aide \u00e0 transmettre votre message avec clart\u00e9, \u00e0 attirer de nouveaux clients et \u00e0 laisser une impression professionnelle durable.<br data-start=\"1337\" data-end=\"1340\" \/>Et face \u00e0 une concurrence en constante augmentation, il est plus important que jamais de disposer d\u2019une identit\u00e9 visuelle qui refl\u00e8te vos valeurs, met en avant votre singularit\u00e9 et renforce votre pr\u00e9sence sur l\u2019ensemble des plateformes digitales et imprim\u00e9es.<\/h6>\t\t\t\t\t\t\t\t<\/div>\n\t\t\t\t\t<\/div>\n\t\t<\/div>\n\t\t\t\t\t<\/div>\n\t\t<\/section>\n\t\t\t\t\t<\/div>\n\t\t<\/div>\n\t\t\t\t\t<\/div>\n\t\t<\/section>\n\t\t\t\t<section class=\"elementor-section elementor-top-section elementor-element elementor-element-f6eda9d elementor-section-boxed elementor-section-height-default elementor-section-height-default\" data-id=\"f6eda9d\" data-element_type=\"section\" data-e-type=\"section\">\n\t\t\t\t\t\t<div class=\"elementor-container elementor-column-gap-default\">\n\t\t\t\t\t<div class=\"elementor-column elementor-col-50 elementor-top-column elementor-element elementor-element-75bc324\" data-id=\"75bc324\" data-element_type=\"column\" data-e-type=\"column\">\n\t\t\t<div class=\"elementor-widget-wrap elementor-element-populated\">\n\t\t\t\t\t\t<div class=\"elementor-element elementor-element-7eeea17 elementor-widget elementor-widget-image\" data-id=\"7eeea17\" data-element_type=\"widget\" data-e-type=\"widget\" data-widget_type=\"image.default\">\n\t\t\t\t\t\t\t\t\t\t\t\t\t\t\t\t<a href=\"https:\/\/abdellahdeddah.com\/fr\/elihsane\/\">\n\t\t\t\t\t\t\t<img decoding=\"async\" width=\"590\" height=\"390\" src=\"https:\/\/abdellahdeddah.com\/wp-content\/uploads\/2025\/11\/elihsanelogo.jpg\" class=\"attachment-large size-large wp-image-1221\" alt=\"\" srcset=\"https:\/\/abdellahdeddah.com\/wp-content\/uploads\/2025\/11\/elihsanelogo.jpg 590w, https:\/\/abdellahdeddah.com\/wp-content\/uploads\/2025\/11\/elihsanelogo-300x198.jpg 300w, https:\/\/abdellahdeddah.com\/wp-content\/uploads\/2025\/11\/elihsanelogo-150x99.jpg 150w\" sizes=\"(max-width: 590px) 100vw, 590px\" \/>\t\t\t\t\t\t\t\t<\/a>\n\t\t\t\t\t\t\t\t\t\t\t\t\t\t\t<\/div>\n\t\t\t\t\t<\/div>\n\t\t<\/div>\n\t\t\t\t<div class=\"elementor-column elementor-col-50 elementor-top-column elementor-element elementor-element-583cd5d\" data-id=\"583cd5d\" data-element_type=\"column\" data-e-type=\"column\">\n\t\t\t<div class=\"elementor-widget-wrap elementor-element-populated\">\n\t\t\t\t\t\t<div class=\"elementor-element elementor-element-b8c4124 elementor-widget elementor-widget-image\" data-id=\"b8c4124\" data-element_type=\"widget\" data-e-type=\"widget\" data-widget_type=\"image.default\">\n\t\t\t\t\t\t\t\t\t\t\t\t\t\t\t\t<a href=\"https:\/\/abdellahdeddah.com\/fr\/sedad\/\">\n\t\t\t\t\t\t\t<img decoding=\"async\" width=\"590\" height=\"390\" src=\"https:\/\/abdellahdeddah.com\/wp-content\/uploads\/2025\/11\/sedad-0.jpg\" class=\"attachment-large size-large wp-image-1220\" alt=\"\" srcset=\"https:\/\/abdellahdeddah.com\/wp-content\/uploads\/2025\/11\/sedad-0.jpg 590w, https:\/\/abdellahdeddah.com\/wp-content\/uploads\/2025\/11\/sedad-0-300x198.jpg 300w, https:\/\/abdellahdeddah.com\/wp-content\/uploads\/2025\/11\/sedad-0-150x99.jpg 150w\" sizes=\"(max-width: 590px) 100vw, 590px\" \/>\t\t\t\t\t\t\t\t<\/a>\n\t\t\t\t\t\t\t\t\t\t\t\t\t\t\t<\/div>\n\t\t\t\t\t<\/div>\n\t\t<\/div>\n\t\t\t\t\t<\/div>\n\t\t<\/section>\n\t\t\t\t<section class=\"elementor-section elementor-top-section elementor-element elementor-element-407dbd8 elementor-section-boxed elementor-section-height-default elementor-section-height-default\" data-id=\"407dbd8\" data-element_type=\"section\" data-e-type=\"section\">\n\t\t\t\t\t\t<div class=\"elementor-container elementor-column-gap-default\">\n\t\t\t\t\t<div class=\"elementor-column elementor-col-50 elementor-top-column elementor-element elementor-element-fc403c1\" data-id=\"fc403c1\" data-element_type=\"column\" data-e-type=\"column\">\n\t\t\t<div class=\"elementor-widget-wrap elementor-element-populated\">\n\t\t\t\t\t\t<div class=\"elementor-element elementor-element-c20c628 elementor-widget elementor-widget-image\" data-id=\"c20c628\" data-element_type=\"widget\" data-e-type=\"widget\" data-widget_type=\"image.default\">\n\t\t\t\t\t\t\t\t\t\t\t\t\t\t\t\t<a href=\"https:\/\/abdellahdeddah.com\/fr\/medipole\/\">\n\t\t\t\t\t\t\t<img loading=\"lazy\" decoding=\"async\" width=\"590\" height=\"390\" src=\"https:\/\/abdellahdeddah.com\/wp-content\/uploads\/2025\/11\/medipole-1-1.jpg\" class=\"attachment-large size-large wp-image-1123\" alt=\"\" srcset=\"https:\/\/abdellahdeddah.com\/wp-content\/uploads\/2025\/11\/medipole-1-1.jpg 590w, https:\/\/abdellahdeddah.com\/wp-content\/uploads\/2025\/11\/medipole-1-1-300x198.jpg 300w, https:\/\/abdellahdeddah.com\/wp-content\/uploads\/2025\/11\/medipole-1-1-150x99.jpg 150w\" sizes=\"(max-width: 590px) 100vw, 590px\" \/>\t\t\t\t\t\t\t\t<\/a>\n\t\t\t\t\t\t\t\t\t\t\t\t\t\t\t<\/div>\n\t\t\t\t\t<\/div>\n\t\t<\/div>\n\t\t\t\t<div class=\"elementor-column elementor-col-50 elementor-top-column elementor-element elementor-element-c766aa7\" data-id=\"c766aa7\" data-element_type=\"column\" data-e-type=\"column\">\n\t\t\t<div class=\"elementor-widget-wrap elementor-element-populated\">\n\t\t\t\t\t\t<div class=\"elementor-element elementor-element-7c0c6ac elementor-widget elementor-widget-image\" data-id=\"7c0c6ac\" data-element_type=\"widget\" data-e-type=\"widget\" data-widget_type=\"image.default\">\n\t\t\t\t\t\t\t\t\t\t\t\t\t\t\t\t<a href=\"https:\/\/abdellahdeddah.com\/fr\/royal-services\/\">\n\t\t\t\t\t\t\t<img loading=\"lazy\" decoding=\"async\" width=\"590\" height=\"390\" src=\"https:\/\/abdellahdeddah.com\/wp-content\/uploads\/2025\/11\/royqle-1.jpg\" class=\"attachment-large size-large wp-image-1295\" alt=\"\" srcset=\"https:\/\/abdellahdeddah.com\/wp-content\/uploads\/2025\/11\/royqle-1.jpg 590w, https:\/\/abdellahdeddah.com\/wp-content\/uploads\/2025\/11\/royqle-1-300x198.jpg 300w, https:\/\/abdellahdeddah.com\/wp-content\/uploads\/2025\/11\/royqle-1-150x99.jpg 150w\" sizes=\"(max-width: 590px) 100vw, 590px\" \/>\t\t\t\t\t\t\t\t<\/a>\n\t\t\t\t\t\t\t\t\t\t\t\t\t\t\t<\/div>\n\t\t\t\t\t<\/div>\n\t\t<\/div>\n\t\t\t\t\t<\/div>\n\t\t<\/section>\n\t\t\t\t<section class=\"elementor-section elementor-top-section elementor-element elementor-element-f93fcaf elementor-section-boxed elementor-section-height-default elementor-section-height-default\" data-id=\"f93fcaf\" data-element_type=\"section\" data-e-type=\"section\">\n\t\t\t\t\t\t<div class=\"elementor-container elementor-column-gap-default\">\n\t\t\t\t\t<div class=\"elementor-column elementor-col-50 elementor-top-column elementor-element elementor-element-e4e9afc\" data-id=\"e4e9afc\" data-element_type=\"column\" data-e-type=\"column\">\n\t\t\t<div class=\"elementor-widget-wrap elementor-element-populated\">\n\t\t\t\t\t\t<div class=\"elementor-element elementor-element-0573077 elementor-widget elementor-widget-image\" data-id=\"0573077\" data-element_type=\"widget\" data-e-type=\"widget\" data-widget_type=\"image.default\">\n\t\t\t\t\t\t\t\t\t\t\t\t\t\t\t\t<a href=\"https:\/\/abdellahdeddah.com\/fr\/melabiss\/\">\n\t\t\t\t\t\t\t<img loading=\"lazy\" decoding=\"async\" width=\"590\" height=\"390\" src=\"https:\/\/abdellahdeddah.com\/wp-content\/uploads\/2025\/11\/melabiss1-1.jpg\" class=\"attachment-large size-large wp-image-1124\" alt=\"\" srcset=\"https:\/\/abdellahdeddah.com\/wp-content\/uploads\/2025\/11\/melabiss1-1.jpg 590w, https:\/\/abdellahdeddah.com\/wp-content\/uploads\/2025\/11\/melabiss1-1-300x198.jpg 300w, https:\/\/abdellahdeddah.com\/wp-content\/uploads\/2025\/11\/melabiss1-1-150x99.jpg 150w\" sizes=\"(max-width: 590px) 100vw, 590px\" \/>\t\t\t\t\t\t\t\t<\/a>\n\t\t\t\t\t\t\t\t\t\t\t\t\t\t\t<\/div>\n\t\t\t\t\t<\/div>\n\t\t<\/div>\n\t\t\t\t<div class=\"elementor-column elementor-col-50 elementor-top-column elementor-element elementor-element-245dcd7\" data-id=\"245dcd7\" data-element_type=\"column\" data-e-type=\"column\">\n\t\t\t<div class=\"elementor-widget-wrap elementor-element-populated\">\n\t\t\t\t\t\t<div class=\"elementor-element elementor-element-bf0691c elementor-widget elementor-widget-image\" data-id=\"bf0691c\" data-element_type=\"widget\" data-e-type=\"widget\" data-widget_type=\"image.default\">\n\t\t\t\t\t\t\t\t\t\t\t\t\t\t\t\t<a href=\"https:\/\/abdellahdeddah.com\/fr\/shs\/\">\n\t\t\t\t\t\t\t<img loading=\"lazy\" decoding=\"async\" width=\"590\" height=\"390\" src=\"https:\/\/abdellahdeddah.com\/wp-content\/uploads\/2025\/11\/shs1-1.jpg\" class=\"attachment-large size-large wp-image-1125\" alt=\"\" srcset=\"https:\/\/abdellahdeddah.com\/wp-content\/uploads\/2025\/11\/shs1-1.jpg 590w, https:\/\/abdellahdeddah.com\/wp-content\/uploads\/2025\/11\/shs1-1-300x198.jpg 300w, https:\/\/abdellahdeddah.com\/wp-content\/uploads\/2025\/11\/shs1-1-150x99.jpg 150w\" sizes=\"(max-width: 590px) 100vw, 590px\" \/>\t\t\t\t\t\t\t\t<\/a>\n\t\t\t\t\t\t\t\t\t\t\t\t\t\t\t<\/div>\n\t\t\t\t\t<\/div>\n\t\t<\/div>\n\t\t\t\t\t<\/div>\n\t\t<\/section>\n\t\t\t\t<section class=\"elementor-section elementor-top-section elementor-element elementor-element-9d59077 elementor-section-boxed elementor-section-height-default elementor-section-height-default\" data-id=\"9d59077\" data-element_type=\"section\" data-e-type=\"section\">\n\t\t\t\t\t\t<div class=\"elementor-container elementor-column-gap-default\">\n\t\t\t\t\t<div class=\"elementor-column elementor-col-50 elementor-top-column elementor-element elementor-element-bc71d0b\" data-id=\"bc71d0b\" data-element_type=\"column\" data-e-type=\"column\">\n\t\t\t<div class=\"elementor-widget-wrap elementor-element-populated\">\n\t\t\t\t\t\t<div class=\"elementor-element elementor-element-24c9a40 elementor-widget elementor-widget-image\" data-id=\"24c9a40\" data-element_type=\"widget\" data-e-type=\"widget\" data-widget_type=\"image.default\">\n\t\t\t\t\t\t\t\t\t\t\t\t\t\t\t\t<a href=\"https:\/\/abdellahdeddah.com\/fr\/mini-market\/\">\n\t\t\t\t\t\t\t<img loading=\"lazy\" decoding=\"async\" width=\"590\" height=\"390\" src=\"https:\/\/abdellahdeddah.com\/wp-content\/uploads\/2025\/11\/mini-market-1-1.jpg\" class=\"attachment-large size-large wp-image-1126\" alt=\"\" srcset=\"https:\/\/abdellahdeddah.com\/wp-content\/uploads\/2025\/11\/mini-market-1-1.jpg 590w, https:\/\/abdellahdeddah.com\/wp-content\/uploads\/2025\/11\/mini-market-1-1-300x198.jpg 300w, https:\/\/abdellahdeddah.com\/wp-content\/uploads\/2025\/11\/mini-market-1-1-150x99.jpg 150w\" sizes=\"(max-width: 590px) 100vw, 590px\" \/>\t\t\t\t\t\t\t\t<\/a>\n\t\t\t\t\t\t\t\t\t\t\t\t\t\t\t<\/div>\n\t\t\t\t\t<\/div>\n\t\t<\/div>\n\t\t\t\t<div class=\"elementor-column elementor-col-50 elementor-top-column elementor-element elementor-element-2ebb0f6\" data-id=\"2ebb0f6\" data-element_type=\"column\" data-e-type=\"column\">\n\t\t\t<div class=\"elementor-widget-wrap elementor-element-populated\">\n\t\t\t\t\t\t<div class=\"elementor-element elementor-element-08730e0 elementor-widget elementor-widget-image\" data-id=\"08730e0\" data-element_type=\"widget\" data-e-type=\"widget\" data-widget_type=\"image.default\">\n\t\t\t\t\t\t\t\t\t\t\t\t\t\t\t\t<a href=\"https:\/\/abdellahdeddah.com\/fr\/le-prince\/\">\n\t\t\t\t\t\t\t<img loading=\"lazy\" decoding=\"async\" width=\"590\" height=\"390\" src=\"https:\/\/abdellahdeddah.com\/wp-content\/uploads\/2025\/11\/le-prince-1-1.jpg\" class=\"attachment-large size-large wp-image-1127\" alt=\"\" srcset=\"https:\/\/abdellahdeddah.com\/wp-content\/uploads\/2025\/11\/le-prince-1-1.jpg 590w, https:\/\/abdellahdeddah.com\/wp-content\/uploads\/2025\/11\/le-prince-1-1-300x198.jpg 300w, https:\/\/abdellahdeddah.com\/wp-content\/uploads\/2025\/11\/le-prince-1-1-150x99.jpg 150w\" sizes=\"(max-width: 590px) 100vw, 590px\" \/>\t\t\t\t\t\t\t\t<\/a>\n\t\t\t\t\t\t\t\t\t\t\t\t\t\t\t<\/div>\n\t\t\t\t\t<\/div>\n\t\t<\/div>\n\t\t\t\t\t<\/div>\n\t\t<\/section>\n\t\t\t\t<section class=\"elementor-section elementor-top-section elementor-element elementor-element-8d02640 elementor-section-boxed elementor-section-height-default elementor-section-height-default\" data-id=\"8d02640\" data-element_type=\"section\" data-e-type=\"section\">\n\t\t\t\t\t\t<div class=\"elementor-container elementor-column-gap-default\">\n\t\t\t\t\t<div class=\"elementor-column elementor-col-50 elementor-top-column elementor-element elementor-element-c073862\" data-id=\"c073862\" data-element_type=\"column\" data-e-type=\"column\">\n\t\t\t<div class=\"elementor-widget-wrap elementor-element-populated\">\n\t\t\t\t\t\t<div class=\"elementor-element elementor-element-8e7b603 elementor-widget elementor-widget-image\" data-id=\"8e7b603\" data-element_type=\"widget\" data-e-type=\"widget\" data-widget_type=\"image.default\">\n\t\t\t\t\t\t\t\t\t\t\t\t\t\t\t\t<a href=\"https:\/\/abdellahdeddah.com\/fr\/al-naqel\/\">\n\t\t\t\t\t\t\t<img loading=\"lazy\" decoding=\"async\" width=\"590\" height=\"390\" src=\"https:\/\/abdellahdeddah.com\/wp-content\/uploads\/2025\/11\/al-naqel.jpg\" class=\"attachment-large size-large wp-image-1216\" alt=\"\" srcset=\"https:\/\/abdellahdeddah.com\/wp-content\/uploads\/2025\/11\/al-naqel.jpg 590w, https:\/\/abdellahdeddah.com\/wp-content\/uploads\/2025\/11\/al-naqel-300x198.jpg 300w, https:\/\/abdellahdeddah.com\/wp-content\/uploads\/2025\/11\/al-naqel-150x99.jpg 150w\" sizes=\"(max-width: 590px) 100vw, 590px\" \/>\t\t\t\t\t\t\t\t<\/a>\n\t\t\t\t\t\t\t\t\t\t\t\t\t\t\t<\/div>\n\t\t\t\t\t<\/div>\n\t\t<\/div>\n\t\t\t\t<div class=\"elementor-column elementor-col-50 elementor-top-column elementor-element elementor-element-03888ca\" data-id=\"03888ca\" data-element_type=\"column\" data-e-type=\"column\">\n\t\t\t<div class=\"elementor-widget-wrap elementor-element-populated\">\n\t\t\t\t\t\t<div class=\"elementor-element elementor-element-6dae85a elementor-widget elementor-widget-image\" data-id=\"6dae85a\" data-element_type=\"widget\" data-e-type=\"widget\" data-widget_type=\"image.default\">\n\t\t\t\t\t\t\t\t\t\t\t\t\t\t\t\t<a href=\"https:\/\/abdellahdeddah.com\/fr\/ecosaha\/\">\n\t\t\t\t\t\t\t<img loading=\"lazy\" decoding=\"async\" width=\"590\" height=\"390\" src=\"https:\/\/abdellahdeddah.com\/wp-content\/uploads\/2025\/11\/eco-saha-1.jpg\" class=\"attachment-large size-large wp-image-1128\" alt=\"\" srcset=\"https:\/\/abdellahdeddah.com\/wp-content\/uploads\/2025\/11\/eco-saha-1.jpg 590w, https:\/\/abdellahdeddah.com\/wp-content\/uploads\/2025\/11\/eco-saha-1-300x198.jpg 300w, https:\/\/abdellahdeddah.com\/wp-content\/uploads\/2025\/11\/eco-saha-1-150x99.jpg 150w\" sizes=\"(max-width: 590px) 100vw, 590px\" \/>\t\t\t\t\t\t\t\t<\/a>\n\t\t\t\t\t\t\t\t\t\t\t\t\t\t\t<\/div>\n\t\t\t\t\t<\/div>\n\t\t<\/div>\n\t\t\t\t\t<\/div>\n\t\t<\/section>\n\t\t\t\t<section class=\"elementor-section elementor-top-section elementor-element elementor-element-c437dd6 elementor-section-boxed elementor-section-height-default elementor-section-height-default\" data-id=\"c437dd6\" data-element_type=\"section\" data-e-type=\"section\">\n\t\t\t\t\t\t<div class=\"elementor-container elementor-column-gap-default\">\n\t\t\t\t\t<div class=\"elementor-column elementor-col-50 elementor-top-column elementor-element elementor-element-983ca20\" data-id=\"983ca20\" data-element_type=\"column\" data-e-type=\"column\">\n\t\t\t<div class=\"elementor-widget-wrap elementor-element-populated\">\n\t\t\t\t\t\t<div class=\"elementor-element elementor-element-d0ae4bb elementor-widget elementor-widget-image\" data-id=\"d0ae4bb\" data-element_type=\"widget\" data-e-type=\"widget\" data-widget_type=\"image.default\">\n\t\t\t\t\t\t\t\t\t\t\t\t\t\t\t<img loading=\"lazy\" decoding=\"async\" width=\"590\" height=\"390\" src=\"https:\/\/abdellahdeddah.com\/wp-content\/uploads\/2025\/11\/maurimed-1-1.jpg\" class=\"attachment-large size-large wp-image-1130\" alt=\"\" srcset=\"https:\/\/abdellahdeddah.com\/wp-content\/uploads\/2025\/11\/maurimed-1-1.jpg 590w, https:\/\/abdellahdeddah.com\/wp-content\/uploads\/2025\/11\/maurimed-1-1-300x198.jpg 300w, https:\/\/abdellahdeddah.com\/wp-content\/uploads\/2025\/11\/maurimed-1-1-150x99.jpg 150w\" sizes=\"(max-width: 590px) 100vw, 590px\" \/>\t\t\t\t\t\t\t\t\t\t\t\t\t\t\t<\/div>\n\t\t\t\t\t<\/div>\n\t\t<\/div>\n\t\t\t\t<div class=\"elementor-column elementor-col-50 elementor-top-column elementor-element elementor-element-6582972\" data-id=\"6582972\" data-element_type=\"column\" data-e-type=\"column\">\n\t\t\t<div class=\"elementor-widget-wrap elementor-element-populated\">\n\t\t\t\t\t\t<div class=\"elementor-element elementor-element-951907b elementor-widget elementor-widget-image\" data-id=\"951907b\" data-element_type=\"widget\" data-e-type=\"widget\" data-widget_type=\"image.default\">\n\t\t\t\t\t\t\t\t\t\t\t\t\t\t\t<img loading=\"lazy\" decoding=\"async\" width=\"590\" height=\"390\" src=\"https:\/\/abdellahdeddah.com\/wp-content\/uploads\/2025\/11\/radar-1.jpg\" class=\"attachment-large size-large wp-image-936\" alt=\"\" srcset=\"https:\/\/abdellahdeddah.com\/wp-content\/uploads\/2025\/11\/radar-1.jpg 590w, https:\/\/abdellahdeddah.com\/wp-content\/uploads\/2025\/11\/radar-1-300x198.jpg 300w, https:\/\/abdellahdeddah.com\/wp-content\/uploads\/2025\/11\/radar-1-150x99.jpg 150w\" sizes=\"(max-width: 590px) 100vw, 590px\" \/>\t\t\t\t\t\t\t\t\t\t\t\t\t\t\t<\/div>\n\t\t\t\t\t<\/div>\n\t\t<\/div>\n\t\t\t\t\t<\/div>\n\t\t<\/section>\n\t\t\t\t<section class=\"elementor-section elementor-top-section elementor-element elementor-element-d4585a5 elementor-section-boxed elementor-section-height-default elementor-section-height-default\" data-id=\"d4585a5\" data-element_type=\"section\" data-e-type=\"section\">\n\t\t\t\t\t\t<div class=\"elementor-container elementor-column-gap-default\">\n\t\t\t\t\t<div class=\"elementor-column elementor-col-50 elementor-top-column elementor-element elementor-element-53af508\" data-id=\"53af508\" data-element_type=\"column\" data-e-type=\"column\">\n\t\t\t<div class=\"elementor-widget-wrap elementor-element-populated\">\n\t\t\t\t\t\t<div class=\"elementor-element elementor-element-0e186d1 elementor-widget elementor-widget-image\" data-id=\"0e186d1\" data-element_type=\"widget\" data-e-type=\"widget\" data-widget_type=\"image.default\">\n\t\t\t\t\t\t\t\t\t\t\t\t\t\t\t<img loading=\"lazy\" decoding=\"async\" width=\"590\" height=\"390\" src=\"https:\/\/abdellahdeddah.com\/wp-content\/uploads\/2025\/11\/logos-1.jpg\" class=\"attachment-large size-large wp-image-929\" alt=\"\" srcset=\"https:\/\/abdellahdeddah.com\/wp-content\/uploads\/2025\/11\/logos-1.jpg 590w, https:\/\/abdellahdeddah.com\/wp-content\/uploads\/2025\/11\/logos-1-300x198.jpg 300w, https:\/\/abdellahdeddah.com\/wp-content\/uploads\/2025\/11\/logos-1-150x99.jpg 150w\" sizes=\"(max-width: 590px) 100vw, 590px\" \/>\t\t\t\t\t\t\t\t\t\t\t\t\t\t\t<\/div>\n\t\t\t\t\t<\/div>\n\t\t<\/div>\n\t\t\t\t<div class=\"elementor-column elementor-col-50 elementor-top-column elementor-element elementor-element-1c979c8\" data-id=\"1c979c8\" data-element_type=\"column\" data-e-type=\"column\">\n\t\t\t<div class=\"elementor-widget-wrap elementor-element-populated\">\n\t\t\t\t\t\t<div class=\"elementor-element elementor-element-6b4754f elementor-widget elementor-widget-image\" data-id=\"6b4754f\" data-element_type=\"widget\" data-e-type=\"widget\" data-widget_type=\"image.default\">\n\t\t\t\t\t\t\t\t\t\t\t\t\t\t\t<img loading=\"lazy\" decoding=\"async\" width=\"590\" height=\"390\" src=\"https:\/\/abdellahdeddah.com\/wp-content\/uploads\/2025\/11\/logos-2.jpg\" class=\"attachment-large size-large wp-image-930\" alt=\"\" srcset=\"https:\/\/abdellahdeddah.com\/wp-content\/uploads\/2025\/11\/logos-2.jpg 590w, https:\/\/abdellahdeddah.com\/wp-content\/uploads\/2025\/11\/logos-2-300x198.jpg 300w, https:\/\/abdellahdeddah.com\/wp-content\/uploads\/2025\/11\/logos-2-150x99.jpg 150w\" sizes=\"(max-width: 590px) 100vw, 590px\" \/>\t\t\t\t\t\t\t\t\t\t\t\t\t\t\t<\/div>\n\t\t\t\t\t<\/div>\n\t\t<\/div>\n\t\t\t\t\t<\/div>\n\t\t<\/section>\n\t\t\t\t<\/div>","protected":false},"excerpt":{"rendered":"Brand Identity Design \u00a0Brand identity is one of the most essential elements for any business today, as it plays a powerful role in shaping your image and building trust with your audience. A strong visual identity instantly communicates who you are and sets you apart from competitors \u2014 whether you\u2019re a startup or an established","protected":false},"author":1,"featured_media":0,"parent":0,"menu_order":0,"comment_status":"closed","ping_status":"closed","template":"","meta":{"footnotes":""},"class_list":["post-861","page","type-page","status-publish","hentry"],"_hostinger_reach_plugin_has_subscription_block":false,"_hostinger_reach_plugin_is_elementor":false,"_links":{"self":[{"href":"https:\/\/abdellahdeddah.com\/fr\/wp-json\/wp\/v2\/pages\/861","targetHints":{"allow":["GET"]}}],"collection":[{"href":"https:\/\/abdellahdeddah.com\/fr\/wp-json\/wp\/v2\/pages"}],"about":[{"href":"https:\/\/abdellahdeddah.com\/fr\/wp-json\/wp\/v2\/types\/page"}],"author":[{"embeddable":true,"href":"https:\/\/abdellahdeddah.com\/fr\/wp-json\/wp\/v2\/users\/1"}],"replies":[{"embeddable":true,"href":"https:\/\/abdellahdeddah.com\/fr\/wp-json\/wp\/v2\/comments?post=861"}],"version-history":[{"count":74,"href":"https:\/\/abdellahdeddah.com\/fr\/wp-json\/wp\/v2\/pages\/861\/revisions"}],"predecessor-version":[{"id":1516,"href":"https:\/\/abdellahdeddah.com\/fr\/wp-json\/wp\/v2\/pages\/861\/revisions\/1516"}],"wp:attachment":[{"href":"https:\/\/abdellahdeddah.com\/fr\/wp-json\/wp\/v2\/media?parent=861"}],"curies":[{"name":"wp","href":"https:\/\/api.w.org\/{rel}","templated":true}]}}