{"id":38,"date":"2022-04-18T06:55:17","date_gmt":"2022-04-18T06:55:17","guid":{"rendered":"https:\/\/wpolive.com\/elito\/?page_id=38"},"modified":"2025-12-03T21:03:43","modified_gmt":"2025-12-03T21:03:43","slug":"projects","status":"publish","type":"page","link":"https:\/\/abdellahdeddah.com\/fr\/projects\/","title":{"rendered":"Projects"},"content":{"rendered":"<div data-elementor-type=\"wp-page\" data-elementor-id=\"38\" class=\"elementor elementor-38\">\n\t\t\t\t\t\t<section class=\"elementor-section elementor-top-section elementor-element elementor-element-e934fdc elementor-section-full_width elementor-section-height-default elementor-section-height-default\" data-id=\"e934fdc\" data-element_type=\"section\" data-e-type=\"section\">\n\t\t\t\t\t\t<div class=\"elementor-container elementor-column-gap-no\">\n\t\t\t\t\t<div class=\"elementor-column elementor-col-100 elementor-top-column elementor-element elementor-element-9b7c59e\" data-id=\"9b7c59e\" data-element_type=\"column\" data-e-type=\"column\">\n\t\t\t<div class=\"elementor-widget-wrap elementor-element-populated\">\n\t\t\t\t\t\t<div class=\"elementor-element elementor-element-8158a7e elementor-widget elementor-widget-wpo-elito_project\" data-id=\"8158a7e\" data-element_type=\"widget\" data-e-type=\"widget\" data-settings=\"{&quot;shape_image&quot;:{&quot;url&quot;:&quot;https:\\\/\\\/wpolive.com\\\/elito\\\/wp-content\\\/uploads\\\/2022\\\/05\\\/line-1.png&quot;,&quot;id&quot;:185,&quot;size&quot;:&quot;&quot;,&quot;alt&quot;:&quot;&quot;,&quot;source&quot;:&quot;library&quot;},&quot;shape_image2&quot;:{&quot;url&quot;:&quot;https:\\\/\\\/wpolive.com\\\/elito\\\/wp-content\\\/uploads\\\/2022\\\/05\\\/line-2.png&quot;,&quot;id&quot;:186,&quot;size&quot;:&quot;&quot;,&quot;alt&quot;:&quot;&quot;,&quot;source&quot;:&quot;library&quot;}}\" data-widget_type=\"wpo-elito_project.default\">\n\t\t\t\t<div class=\"elementor-widget-container\">\n\t\t\t\t\t\n\t\t<div class=\"wpo-project-area section-padding\">\n\t\t\t<div class=\"container\">\n\t\t\t\t<div class=\"wpo-section-title-s2\">\n\t\t\t\t\t<div class=\"row align-items-center\">\n\t\t\t\t\t\t<div class=\"col-lg-4 col-12\">\n\t\t\t\t\t\t\t<div class=\"title\">\n\t\t\t\t\t\t\t\t<h2>Projets r\u00e9cents<\/h2><p>D\u00e9couvrez quelques-uns de mes projets de design les plus r\u00e9cents, r\u00e9alis\u00e9s avec pr\u00e9cision, cr\u00e9ativit\u00e9 et une grande attention aux d\u00e9tails.<\/p>\t\t\t\t\t\t\t<\/div>\n\t\t\t\t\t\t<\/div>\n\t\t\t\t\t\t<div class=\"col-lg-6 offset-lg-2\">\n\t\t\t\t\t\t\t<div class=\"sec-title-icon\">\n\t\t\t\t\t\t\t\t<i class=\"fi flaticon-self-growth\"><\/i>\t\t\t\t\t\t\t<\/div>\n\t\t\t\t\t\t<\/div>\n\t\t\t\t\t<\/div>\n\t\t\t\t<\/div>\n\t\t\t\t<div class=\"wpo-project-wrap wpo-project-slide owl-carousel\">\n\t\t\t\t\t\t\t\t\t\t\t\t<div class=\"wpo-project-item\">\n\t\t\t\t\t\t\t\t<div class=\"wpo-project-img\">\n\t\t\t\t\t\t\t\t\t<img decoding=\"async\" src=\"https:\/\/abdellahdeddah.com\/wp-content\/uploads\/2025\/11\/forum2025-1.png\" alt=\"\">\t\t\t\t\t\t\t\t<\/div>\n\t\t\t\t\t\t\t\t<div class=\"wpo-project-text\">\n\t\t\t\t\t\t\t\t\t<h2>\n\t\t\t\t\t\t\t\t\t\t<a href=\"https:\/\/abdellahdeddah.com\/fr\/project\/1er-forum-africain-sur-le-don-et-la-transplantation-dorganes\/\">\n\t\t\t\t\t\t\t\t\t\t\t1er Forum Africain sur le Don  et la Transplantation d\u2019Organes\t\t\t\t\t\t\t\t\t\t<\/a>\n\t\t\t\t\t\t\t\t\t<\/h2>\n\t\t\t\t\t\t\t\t\t<span>Design \/ \u00c9v\u00e9nement <\/span>\t\t\t\t\t\t\t\t<\/div>\n\t\t\t\t\t\t\t<\/div>\n\t\t\t\t\t\t\t\t\t\t\t\t<div class=\"wpo-project-item\">\n\t\t\t\t\t\t\t\t<div class=\"wpo-project-img\">\n\t\t\t\t\t\t\t\t\t<img decoding=\"async\" src=\"https:\/\/abdellahdeddah.com\/wp-content\/uploads\/2022\/05\/SMAUPED.png\" alt=\"\">\t\t\t\t\t\t\t\t<\/div>\n\t\t\t\t\t\t\t\t<div class=\"wpo-project-text\">\n\t\t\t\t\t\t\t\t\t<h2>\n\t\t\t\t\t\t\t\t\t\t<a href=\"https:\/\/abdellahdeddah.com\/fr\/project\/41eme-congres-maghrebin-de-pediatrie\/\">\n\t\t\t\t\t\t\t\t\t\t\t41\u00e8me congr\u00e8s maghr\u00e9bin de p\u00e9diatrie\t\t\t\t\t\t\t\t\t\t<\/a>\n\t\t\t\t\t\t\t\t\t<\/h2>\n\t\t\t\t\t\t\t\t\t<span>Design \/ \u00c9v\u00e9nement <\/span>\t\t\t\t\t\t\t\t<\/div>\n\t\t\t\t\t\t\t<\/div>\n\t\t\t\t\t\t\t\t\t\t\t\t<div class=\"wpo-project-item\">\n\t\t\t\t\t\t\t\t<div class=\"wpo-project-img\">\n\t\t\t\t\t\t\t\t\t<img decoding=\"async\" src=\"https:\/\/abdellahdeddah.com\/wp-content\/uploads\/2022\/05\/cover-project-SMN.png\" alt=\"\">\t\t\t\t\t\t\t\t<\/div>\n\t\t\t\t\t\t\t\t<div class=\"wpo-project-text\">\n\t\t\t\t\t\t\t\t\t<h2>\n\t\t\t\t\t\t\t\t\t\t<a href=\"https:\/\/abdellahdeddah.com\/fr\/project\/congres-de-neurologie-mauritanienne\/\">\n\t\t\t\t\t\t\t\t\t\t\t1er Congr\u00e8s de Neurologie Mauritanienne\t\t\t\t\t\t\t\t\t\t<\/a>\n\t\t\t\t\t\t\t\t\t<\/h2>\n\t\t\t\t\t\t\t\t\t<span>Design \/ \u00c9v\u00e9nement <\/span>\t\t\t\t\t\t\t\t<\/div>\n\t\t\t\t\t\t\t<\/div>\n\t\t\t\t\t\t\t\t\t<\/div>\n\t\t\t<\/div>\n\t\t\t<div class=\"shape-p\">\n\t\t\t\t<svg width=\"1325\" height=\"1687\" viewbox=\"0 0 1325 1687\" fill=\"none\">\n\t\t\t\t\t<g filter=\"url(#filter0_f_39_4166)\">\n\t\t\t\t\t\t<circle cx=\"481.5\" cy=\"843.5\" r=\"343.5\" fill-opacity=\"0.27\" \/>\n\t\t\t\t\t<\/g>\n\t\t\t\t\t<defs>\n\t\t\t\t\t\t<filter id=\"filter0_f_39_4166\" x=\"-362\" y=\"0\" width=\"1687\" height=\"1687\" filterunits=\"userSpaceOnUse\" color-interpolation-filters=\"sRGB\">\n\t\t\t\t\t\t\t<feflood flood-opacity=\"0\" result=\"BackgroundImageFix\" \/>\n\t\t\t\t\t\t\t<feblend mode=\"normal\" in=\"SourceGraphic\" in2=\"BackgroundImageFix\" result=\"shape\" \/>\n\t\t\t\t\t\t\t<fegaussianblur stddeviation=\"250\" result=\"effect1_foregroundBlur_39_4166\" \/>\n\t\t\t\t\t\t<\/filter>\n\t\t\t\t\t<\/defs>\n\t\t\t\t<\/svg>\n\t\t\t<\/div>\n\t\t\t<div class=\"line-shape-1\">\n\t\t\t\t<img decoding=\"async\" src=\"https:\/\/abdellahdeddah.com\/wp-content\/uploads\/2022\/05\/line-1.png\" alt=\"\">\t\t\t<\/div>\n\t\t\t<div class=\"line-shape-2\">\n\t\t\t\t<img decoding=\"async\" src=\"https:\/\/abdellahdeddah.com\/wp-content\/uploads\/2022\/05\/line-2.png\" alt=\"\">\t\t\t<\/div>\n\t\t<\/div>\n\t\t\t\t<\/div>\n\t\t\t\t<\/div>\n\t\t\t\t\t<\/div>\n\t\t<\/div>\n\t\t\t\t\t<\/div>\n\t\t<\/section>\n\t\t\t\t<\/div>","protected":false},"excerpt":{"rendered":"Recent Projects Discover some of my most recent design projects, crafted with precision, creativity, and a strong attention to detail. 1er Forum Africain sur le Don et la Transplantation d&#8217;Organes 1er Forum Africain sur le Don et la Transplantation d&#039;Organes 41\u00e8me congr\u00e8s maghr\u00e9bin de p\u00e9diatrie Portfolio Template 1er Congr\u00e8s de Neurologie Mauritanienne \u2014 Full Conference","protected":false},"author":1,"featured_media":0,"parent":0,"menu_order":0,"comment_status":"closed","ping_status":"closed","template":"elementor_header_footer","meta":{"footnotes":""},"class_list":["post-38","page","type-page","status-publish","hentry"],"_hostinger_reach_plugin_has_subscription_block":false,"_hostinger_reach_plugin_is_elementor":false,"_links":{"self":[{"href":"https:\/\/abdellahdeddah.com\/fr\/wp-json\/wp\/v2\/pages\/38","targetHints":{"allow":["GET"]}}],"collection":[{"href":"https:\/\/abdellahdeddah.com\/fr\/wp-json\/wp\/v2\/pages"}],"about":[{"href":"https:\/\/abdellahdeddah.com\/fr\/wp-json\/wp\/v2\/types\/page"}],"author":[{"embeddable":true,"href":"https:\/\/abdellahdeddah.com\/fr\/wp-json\/wp\/v2\/users\/1"}],"replies":[{"embeddable":true,"href":"https:\/\/abdellahdeddah.com\/fr\/wp-json\/wp\/v2\/comments?post=38"}],"version-history":[{"count":10,"href":"https:\/\/abdellahdeddah.com\/fr\/wp-json\/wp\/v2\/pages\/38\/revisions"}],"predecessor-version":[{"id":1578,"href":"https:\/\/abdellahdeddah.com\/fr\/wp-json\/wp\/v2\/pages\/38\/revisions\/1578"}],"wp:attachment":[{"href":"https:\/\/abdellahdeddah.com\/fr\/wp-json\/wp\/v2\/media?parent=38"}],"curies":[{"name":"wp","href":"https:\/\/api.w.org\/{rel}","templated":true}]}}