{"id":36,"date":"2022-04-18T06:55:05","date_gmt":"2022-04-18T06:55:05","guid":{"rendered":"https:\/\/wpolive.com\/elito\/?page_id=36"},"modified":"2025-11-20T15:48:50","modified_gmt":"2025-11-20T15:48:50","slug":"services","status":"publish","type":"page","link":"https:\/\/abdellahdeddah.com\/fr\/services\/","title":{"rendered":"Services"},"content":{"rendered":"<div data-elementor-type=\"wp-page\" data-elementor-id=\"36\" class=\"elementor elementor-36\">\n\t\t\t\t\t\t<section class=\"elementor-section elementor-top-section elementor-element elementor-element-07eb757 elementor-section-full_width elementor-section-height-default elementor-section-height-default\" data-id=\"07eb757\" data-element_type=\"section\" data-e-type=\"section\">\n\t\t\t\t\t\t<div class=\"elementor-container elementor-column-gap-no\">\n\t\t\t\t\t<div class=\"elementor-column elementor-col-100 elementor-top-column elementor-element elementor-element-41c047f\" data-id=\"41c047f\" data-element_type=\"column\" data-e-type=\"column\">\n\t\t\t<div class=\"elementor-widget-wrap elementor-element-populated\">\n\t\t\t\t\t\t<div class=\"elementor-element elementor-element-229e2ac elementor-widget elementor-widget-wpo-elito_service\" data-id=\"229e2ac\" data-element_type=\"widget\" data-e-type=\"widget\" data-widget_type=\"wpo-elito_service.default\">\n\t\t\t\t<div class=\"elementor-widget-container\">\n\t\t\t\t\t\n\t\t\t<div class=\"wpo-service-area section-padding\">\n\t\t\t\t<div class=\"container\">\n\t\t\t\t\t<div class=\"row justify-content-center\">\n\t\t\t\t\t\t<div class=\"col-lg-6 col-12\">\n\t\t\t\t\t\t\t<div class=\"wpo-section-title\">\n\t\t\t\t\t\t\t\t<h2>Services<\/h2><p>D\u00e9couvrez une gamme de services cr\u00e9atifs et professionnels con\u00e7us pour aider votre marque \u00e0 se d\u00e9velopper, \u00e0 se d\u00e9marquer et \u00e0 communiquer efficacement.<\/p>\t\t\t\t\t\t\t<\/div>\n\t\t\t\t\t\t<\/div>\n\t\t\t\t\t<\/div>\n\t\t\t\t\t<div class=\"wpo-service-wrap\">\n\t\t\t\t\t\t<ul class=\"nav nav-tabs\" id=\"myTab\" role=\"tablist\">\n\t\t\t\t\t\t\t\t\t\t\t\t\t\t\t<li class=\"nav-item\" role=\"presentation\">\n\t\t\t\t\t\t\t\t\t<a class=\"nav-link\" id=\"Development-tab\" data-bs-toggle=\"tab\" href=\"#Development\" role=\"tab\" aria-controls=\"Development\" aria-selected=\"true\">D\u00e9veloppement<\/a>\n\t\t\t\t\t\t\t\t<\/li>\n\t\t\t\t\t\t\t\t\t\t\t\t\t\t\t<li class=\"nav-item\" role=\"presentation\">\n\t\t\t\t\t\t\t\t\t<a class=\"nav-link active\" id=\"Design-tab\" data-bs-toggle=\"tab\" href=\"#Design\" role=\"tab\" aria-controls=\"Design\" aria-selected=\"false\">Design<\/a>\n\t\t\t\t\t\t\t\t<\/li>\n\t\t\t\t\t\t\t\t\t\t\t\t\t\t\t<li class=\"nav-item\" role=\"presentation\">\n\t\t\t\t\t\t\t\t\t<a class=\"nav-link\" id=\"Marketing-tab\" data-bs-toggle=\"tab\" href=\"#Marketing\" role=\"tab\" aria-controls=\"Marketing\" aria-selected=\"false\">Marketing<\/a>\n\t\t\t\t\t\t\t\t<\/li>\n\t\t\t\t\t\t\t\t\t\t\t\t\t<\/ul>\n\t\t\t\t\t\t<div class=\"tab-content\">\n\t\t\t\t\t\t\t<div role=\"tabpanel\" class=\"tab-pane\" id=\"Development\">\n\t\t\t\t\t\t\t\t<div class=\"row align-items-center\">\n\t\t\t\t\t\t\t\t\t\t\t\t\t\t\t\t\t\t\t\t<div class=\"col-lg-4 col-md-6 col-12\">\n\t\t\t\t\t\t\t\t\t\t\t\t<div class=\"wpo-service-item\">\n\t\t\t\t\t\t\t\t\t\t\t\t\t\t\t\t\t\t\t\t\t\t\t\t\t\t\t<div class=\"icon\">\n\t\t\t\t\t\t\t\t\t\t\t\t\t\t\t<i class=\"fi flaticon-coding\"><\/i>\n\t\t\t\t\t\t\t\t\t\t\t\t\t\t<\/div>\n\t\t\t\t\t\t\t\t\t\t\t\t\t\t\t\t\t\t\t\t\t\t\t\t\t\t<h2>D\u00e9veloppement web<\/h2>\n\t\t\t\t\t\t\t\t\t\t\t\t\t<p>Des sites web professionnels et responsives, con\u00e7us pour offrir vitesse, facilit\u00e9 d\u2019utilisation et performances.<\/p>\n\t\t\t\t\t\t\t\t\t\t\t\t\t<a href=\"https:\/\/abdellahdeddah.com\/fr\/services-03\/web-development\/\">\n\t\t\t\t\t\t\t\t\t\t\t\t\t\tEn savoir plus\t\t\t\t\t\t\t\t\t\t\t\t\t<\/a>\n\t\t\t\t\t\t\t\t\t\t\t\t<\/div>\n\t\t\t\t\t\t\t\t\t\t\t<\/div>\n\t\t\t\t\t\t\t\t\t\t\t\t\t\t\t\t\t<\/div>\n\t\t\t\t\t\t\t<\/div>\n\t\t\t\t\t\t\t<div role=\"tabpanel\" class=\"tab-pane active\" id=\"Design\">\n\t\t\t\t\t\t\t\t<div class=\"row align-items-center\">\n\n\t\t\t\t\t\t\t\t\t\t\t\t\t\t\t\t\t\t\t\t<div class=\"col-lg-4 col-md-6 col-12\">\n\t\t\t\t\t\t\t\t\t\t\t\t<div class=\"wpo-service-item\">\n\t\t\t\t\t\t\t\t\t\t\t\t\t\t\t\t\t\t\t\t\t\t\t\t\t\t\t<div class=\"icon\">\n\t\t\t\t\t\t\t\t\t\t\t\t\t\t\t<i class=\"fi flaticon-social-media\"><\/i>\n\t\t\t\t\t\t\t\t\t\t\t\t\t\t<\/div>\n\t\t\t\t\t\t\t\t\t\t\t\t\t\t\t\t\t\t\t\t\t\t\t\t\t\t<h2>Design pour les R\u00e9seaux Sociaux<\/h2>\n\t\t\t\t\t\t\t\t\t\t\t\t\t<p>Des designs cr\u00e9atifs pour les r\u00e9seaux sociaux qui font briller votre marque sur toutes les plateformes.<\/p>\n\t\t\t\t\t\t\t\t\t\t\t\t\t<a href=\"https:\/\/abdellahdeddah.com\/fr\/services-03\/social-media-design\/\">\n\t\t\t\t\t\t\t\t\t\t\t\t\t\tEn savoir plus\t\t\t\t\t\t\t\t\t\t\t\t\t<\/a>\n\t\t\t\t\t\t\t\t\t\t\t\t<\/div>\n\t\t\t\t\t\t\t\t\t\t\t<\/div>\n\t\t\t\t\t\t\t\t\t\t\t\t\t\t\t\t\t\t\t\t<div class=\"col-lg-4 col-md-6 col-12\">\n\t\t\t\t\t\t\t\t\t\t\t\t<div class=\"wpo-service-item\">\n\t\t\t\t\t\t\t\t\t\t\t\t\t\t\t\t\t\t\t\t\t\t\t\t\t\t\t<div class=\"icon\">\n\t\t\t\t\t\t\t\t\t\t\t\t\t\t\t<i class=\"fi flaticon-palette\"><\/i>\n\t\t\t\t\t\t\t\t\t\t\t\t\t\t<\/div>\n\t\t\t\t\t\t\t\t\t\t\t\t\t\t\t\t\t\t\t\t\t\t\t\t\t\t<h2>Identit\u00e9 de Marque<\/h2>\n\t\t\t\t\t\t\t\t\t\t\t\t\t<p>Cr\u00e9ation d\u2019identit\u00e9s de marque distinctives qui expriment votre personnalit\u00e9 avec style et impact.<\/p>\n\t\t\t\t\t\t\t\t\t\t\t\t\t<a href=\"https:\/\/abdellahdeddah.com\/fr\/services-03\/brand-identity\/\">\n\t\t\t\t\t\t\t\t\t\t\t\t\t\tEn savoir plus\t\t\t\t\t\t\t\t\t\t\t\t\t<\/a>\n\t\t\t\t\t\t\t\t\t\t\t\t<\/div>\n\t\t\t\t\t\t\t\t\t\t\t<\/div>\n\t\t\t\t\t\t\t\t\t\t\t\t\t\t\t\t\t\t\t\t<div class=\"col-lg-4 col-md-6 col-12\">\n\t\t\t\t\t\t\t\t\t\t\t\t<div class=\"wpo-service-item\">\n\t\t\t\t\t\t\t\t\t\t\t\t\t\t\t\t\t\t\t\t\t\t\t\t\t\t\t<div class=\"icon\">\n\t\t\t\t\t\t\t\t\t\t\t\t\t\t\t<i class=\"fi flaticon-vector\"><\/i>\n\t\t\t\t\t\t\t\t\t\t\t\t\t\t<\/div>\n\t\t\t\t\t\t\t\t\t\t\t\t\t\t\t\t\t\t\t\t\t\t\t\t\t\t<h2>Design Graphique<\/h2>\n\t\t\t\t\t\t\t\t\t\t\t\t\t<p>Un design graphique cr\u00e9atif qui transforme vos id\u00e9es en messages visuels puissants.<\/p>\n\t\t\t\t\t\t\t\t\t\t\t\t\t<a href=\"https:\/\/abdellahdeddah.com\/fr\/services-03\/graphic-design\/\">\n\t\t\t\t\t\t\t\t\t\t\t\t\t\tEn savoir plus\t\t\t\t\t\t\t\t\t\t\t\t\t<\/a>\n\t\t\t\t\t\t\t\t\t\t\t\t<\/div>\n\t\t\t\t\t\t\t\t\t\t\t<\/div>\n\t\t\t\t\t\t\t\t\t\n\t\t\t\t\t\t\t\t<\/div>\n\t\t\t\t\t\t\t<\/div>\n\t\t\t\t\t\t\t<div role=\"tabpanel\" class=\"tab-pane\" id=\"Marketing\">\n\t\t\t\t\t\t\t\t<div class=\"row align-items-center\">\n\n\t\t\t\t\t\t\t\t\t\t\t\t\t\t\t\t\t\t\t\t<div class=\"col-lg-4 col-md-6 col-12\">\n\t\t\t\t\t\t\t\t\t\t\t\t<div class=\"wpo-service-item\">\n\t\t\t\t\t\t\t\t\t\t\t\t\t\t\t\t\t\t\t\t\t\t\t\t\t\t\t<div class=\"icon\">\n\t\t\t\t\t\t\t\t\t\t\t\t\t\t\t<i class=\"fi flaticon-email-marketing\"><\/i>\n\t\t\t\t\t\t\t\t\t\t\t\t\t\t<\/div>\n\t\t\t\t\t\t\t\t\t\t\t\t\t\t\t\t\t\t\t\t\t\t\t\t\t\t<h2>Email Marketing<\/h2>\n\t\t\t\t\t\t\t\t\t\t\t\t\t<p>Des strat\u00e9gies d\u2019e-mailing intelligentes con\u00e7ues pour accro\u00eetre votre port\u00e9e, am\u00e9liorer la fid\u00e9lisation et stimuler les ventes.\r\n<\/p>\n\t\t\t\t\t\t\t\t\t\t\t\t\t<a href=\"https:\/\/abdellahdeddah.com\/fr\/services-03\/email-marketing\/\">\n\t\t\t\t\t\t\t\t\t\t\t\t\t\tEn savoir plus\t\t\t\t\t\t\t\t\t\t\t\t\t<\/a>\n\t\t\t\t\t\t\t\t\t\t\t\t<\/div>\n\t\t\t\t\t\t\t\t\t\t\t<\/div>\n\t\t\t\t\t\t\t\t\t\t\t\t\t\t\t\t\t\t\t\t<div class=\"col-lg-4 col-md-6 col-12\">\n\t\t\t\t\t\t\t\t\t\t\t\t<div class=\"wpo-service-item\">\n\t\t\t\t\t\t\t\t\t\t\t\t\t\t\t\t\t\t\t\t\t\t\t\t\t\t\t<div class=\"icon\">\n\t\t\t\t\t\t\t\t\t\t\t\t\t\t\t<i class=\"fi flaticon-promotion\"><\/i>\n\t\t\t\t\t\t\t\t\t\t\t\t\t\t<\/div>\n\t\t\t\t\t\t\t\t\t\t\t\t\t\t\t\t\t\t\t\t\t\t\t\t\t\t<h2>Digital Marketing<\/h2>\n\t\t\t\t\t\t\t\t\t\t\t\t\t<p>Stimuler la r\u00e9ussite de votre marque gr\u00e2ce \u00e0 des campagnes cibl\u00e9es, \u00e0 un contenu cr\u00e9atif et \u00e0 l\u2019optimisation des performanc<\/p>\n\t\t\t\t\t\t\t\t\t\t\t\t\t<a href=\"https:\/\/abdellahdeddah.com\/fr\/services-03\/digital-marketing\/\">\n\t\t\t\t\t\t\t\t\t\t\t\t\t\tEn savoir plus\t\t\t\t\t\t\t\t\t\t\t\t\t<\/a>\n\t\t\t\t\t\t\t\t\t\t\t\t<\/div>\n\t\t\t\t\t\t\t\t\t\t\t<\/div>\n\t\t\t\t\t\t\t\t\t\t\t\t\t\t\t\t\t\t\t\t<div class=\"col-lg-4 col-md-6 col-12\">\n\t\t\t\t\t\t\t\t\t\t\t\t<div class=\"wpo-service-item\">\n\t\t\t\t\t\t\t\t\t\t\t\t\t\t\t\t\t\t\t\t\t\t\t\t\t\t\t<div class=\"icon\">\n\t\t\t\t\t\t\t\t\t\t\t\t\t\t\t<i class=\"fi flaticon-social-media\"><\/i>\n\t\t\t\t\t\t\t\t\t\t\t\t\t\t<\/div>\n\t\t\t\t\t\t\t\t\t\t\t\t\t\t\t\t\t\t\t\t\t\t\t\t\t\t<h2>Marketing des r\u00e9seaux sociaux<\/h2>\n\t\t\t\t\t\t\t\t\t\t\t\t\t<p>Des campagnes cibl\u00e9es et un contenu cr\u00e9atif qui transforment vos abonn\u00e9s en clients fid\u00e8les.<\/p>\n\t\t\t\t\t\t\t\t\t\t\t\t\t<a href=\"https:\/\/abdellahdeddah.com\/fr\/services-03\/social-media-marketing\/\">\n\t\t\t\t\t\t\t\t\t\t\t\t\t\tEn savoir plus\t\t\t\t\t\t\t\t\t\t\t\t\t<\/a>\n\t\t\t\t\t\t\t\t\t\t\t\t<\/div>\n\t\t\t\t\t\t\t\t\t\t\t<\/div>\n\t\t\t\t\t\t\t\t\t\n\t\t\t\t\t\t\t\t<\/div>\n\t\t\t\t\t\t\t<\/div>\n\t\t\t\t\t\t<\/div>\n\t\t\t\t\t<\/div>\n\t\t\t\t<\/div>\n\t\t\t\t<div class=\"ab-shape\">\n\t\t\t\t\t<svg width=\"995\" height=\"1495\" viewbox=\"0 0 995 1495\" fill=\"none\">\n\t\t\t\t\t\t<g opacity=\"0.3\" filter=\"url(#filter0_f_39_4268)\">\n\t\t\t\t\t\t\t<circle cx=\"247.5\" cy=\"747.5\" r=\"247.5\" fill=\"#FFE500\" \/>\n\t\t\t\t\t\t<\/g>\n\t\t\t\t\t\t<defs>\n\t\t\t\t\t\t\t<filter id=\"filter0_f_39_4268\" x=\"-500\" y=\"0\" width=\"1495\" height=\"1495\" filterunits=\"userSpaceOnUse\" color-interpolation-filters=\"sRGB\">\n\t\t\t\t\t\t\t\t<feflood flood-opacity=\"0\" result=\"BackgroundImageFix\" \/>\n\t\t\t\t\t\t\t\t<feblend mode=\"normal\" in=\"SourceGraphic\" in2=\"BackgroundImageFix\" result=\"shape\" \/>\n\t\t\t\t\t\t\t\t<fegaussianblur stddeviation=\"250\" result=\"effect1_foregroundBlur_39_4267\" \/>\n\t\t\t\t\t\t\t<\/filter>\n\t\t\t\t\t\t<\/defs>\n\t\t\t\t\t<\/svg>\n\t\t\t\t<\/div>\n\t\t\t<\/div>\n\n\t\t\t\t<\/div>\n\t\t\t\t<\/div>\n\t\t\t\t\t<\/div>\n\t\t<\/div>\n\t\t\t\t\t<\/div>\n\t\t<\/section>\n\t\t\t\t<\/div>","protected":false},"excerpt":{"rendered":"Services Discover a range of creative and professional services designed to help your brand grow, stand out, and communicate effectively. Development Design Marketing Web Development I build professional, fast, and fully customized websites designed to match your business goals. Your website will be responsive on all devices, visually appealing, and optimized for a smooth user","protected":false},"author":1,"featured_media":0,"parent":0,"menu_order":0,"comment_status":"closed","ping_status":"closed","template":"elementor_header_footer","meta":{"footnotes":""},"class_list":["post-36","page","type-page","status-publish","hentry"],"_hostinger_reach_plugin_has_subscription_block":false,"_hostinger_reach_plugin_is_elementor":false,"_links":{"self":[{"href":"https:\/\/abdellahdeddah.com\/fr\/wp-json\/wp\/v2\/pages\/36","targetHints":{"allow":["GET"]}}],"collection":[{"href":"https:\/\/abdellahdeddah.com\/fr\/wp-json\/wp\/v2\/pages"}],"about":[{"href":"https:\/\/abdellahdeddah.com\/fr\/wp-json\/wp\/v2\/types\/page"}],"author":[{"embeddable":true,"href":"https:\/\/abdellahdeddah.com\/fr\/wp-json\/wp\/v2\/users\/1"}],"replies":[{"embeddable":true,"href":"https:\/\/abdellahdeddah.com\/fr\/wp-json\/wp\/v2\/comments?post=36"}],"version-history":[{"count":3,"href":"https:\/\/abdellahdeddah.com\/fr\/wp-json\/wp\/v2\/pages\/36\/revisions"}],"predecessor-version":[{"id":875,"href":"https:\/\/abdellahdeddah.com\/fr\/wp-json\/wp\/v2\/pages\/36\/revisions\/875"}],"wp:attachment":[{"href":"https:\/\/abdellahdeddah.com\/fr\/wp-json\/wp\/v2\/media?parent=36"}],"curies":[{"name":"wp","href":"https:\/\/api.w.org\/{rel}","templated":true}]}}