{"id":32,"date":"2022-04-18T06:54:31","date_gmt":"2022-04-18T06:54:31","guid":{"rendered":"https:\/\/wpolive.com\/elito\/?page_id=32"},"modified":"2025-11-29T08:32:40","modified_gmt":"2025-11-29T08:32:40","slug":"about","status":"publish","type":"page","link":"https:\/\/abdellahdeddah.com\/fr\/about\/","title":{"rendered":"\u00c0 propos"},"content":{"rendered":"<div data-elementor-type=\"wp-page\" data-elementor-id=\"32\" class=\"elementor elementor-32\">\n\t\t\t\t\t\t<section class=\"elementor-section elementor-top-section elementor-element elementor-element-ad0d598 elementor-section-full_width elementor-section-height-default elementor-section-height-default\" data-id=\"ad0d598\" data-element_type=\"section\" data-e-type=\"section\">\n\t\t\t\t\t\t<div class=\"elementor-container elementor-column-gap-no\">\n\t\t\t\t\t<div class=\"elementor-column elementor-col-100 elementor-top-column elementor-element elementor-element-f9f8f9d\" data-id=\"f9f8f9d\" data-element_type=\"column\" data-e-type=\"column\">\n\t\t\t<div class=\"elementor-widget-wrap elementor-element-populated\">\n\t\t\t\t\t\t<div class=\"elementor-element elementor-element-68f6f73 elementor-widget elementor-widget-wpo-elito_funfact\" data-id=\"68f6f73\" data-element_type=\"widget\" data-e-type=\"widget\" data-settings=\"{&quot;about_image&quot;:{&quot;url&quot;:&quot;https:\\\/\\\/www.abdellahdeddah.com\\\/wp-content\\\/uploads\\\/2025\\\/11\\\/about2.png&quot;,&quot;id&quot;:770,&quot;size&quot;:&quot;&quot;,&quot;alt&quot;:&quot;&quot;,&quot;source&quot;:&quot;library&quot;},&quot;shape_one&quot;:{&quot;url&quot;:&quot;https:\\\/\\\/abdellahdeddah.com\\\/wp-content\\\/plugins\\\/elementor\\\/assets\\\/images\\\/placeholder.png&quot;,&quot;id&quot;:&quot;&quot;,&quot;size&quot;:&quot;&quot;},&quot;shape_two&quot;:{&quot;url&quot;:&quot;https:\\\/\\\/abdellahdeddah.com\\\/wp-content\\\/plugins\\\/elementor\\\/assets\\\/images\\\/placeholder.png&quot;,&quot;id&quot;:&quot;&quot;,&quot;size&quot;:&quot;&quot;}}\" data-widget_type=\"wpo-elito_funfact.default\">\n\t\t\t\t<div class=\"elementor-widget-container\">\n\t\t\t\t\t\t\t<div class=\"elito-about wpo-about-area-s2 section-padding\">\n\t\t\t<div class=\"container\">\n\t\t\t\t<div class=\"row align-items-center\">\n\t\t\t\t\t\t\t\t\t\t\t<div class=\"col-lg-5 col-md-12 col-sm-12\">\n\t\t\t\t\t\t\t<div class=\"wpo-about-img\">\n\t\t\t\t\t\t\t\t<img decoding=\"async\" src=\"https:\/\/abdellahdeddah.com\/wp-content\/uploads\/2025\/11\/about2.png\" alt=\"\">\n\t\t\t\t\t\t\t\t<div class=\"icon-1 floating-item\">\n\t\t\t\t\t\t\t\t\t<img decoding=\"async\" class=\"default-icon\"  src=\"https:\/\/wpolive.com\/elito\/wp-content\/uploads\/2022\/04\/photoshop.svg\" alt=\"\">\t\t\t\t\t\t\t\t<\/div>\n\n\t\t\t\t\t\t\t\t<div class=\"icon-2 floating-item\">\n\t\t\t\t\t\t\t\t\t<img decoding=\"async\" class=\"default-icon\"  src=\"https:\/\/wpolive.com\/elito\/wp-content\/uploads\/2022\/04\/illustrator.svg\" alt=\"\">\t\t\t\t\t\t\t\t<\/div>\n\n\t\t\t\t\t\t\t\t<div class=\"icon-3 floating-item\">\n\t\t\t\t\t\t\t\t\t<img decoding=\"async\" class=\"default-icon\"  src=\"https:\/\/wpolive.com\/elito\/wp-content\/uploads\/2022\/04\/diamond.svg\" alt=\"\">\t\t\t\t\t\t\t\t<\/div>\n\n\t\t\t\t\t\t\t\t<div class=\"project floating-item\">\n\t\t\t\t\t\t\t\t\t<div class=\"icon\">\n\t\t\t\t\t\t\t\t\t\t<i class=\"fi flaticon-verified\"><\/i>\t\t\t\t\t\t\t\t\t<\/div>\n\t\t\t\t\t\t\t\t\t<div class=\"p-text\">\n\t\t\t\t\t\t\t\t\t\t<h3><span class=\"odometer\" data-count=\"100\">1500<\/span>%<\/h3><p>Complete Project<\/p>\t\t\t\t\t\t\t\t\t<\/div>\n\t\t\t\t\t\t\t\t<\/div>\n\t\t\t\t\t\t\t<\/div>\n\t\t\t\t\t\t<\/div>\n\t\t\t\t\t\t\t\t\t\t<div class=\"col-lg-6 offset-lg-1 col-md-12 col-sm-12\">\n\t\t\t\t\t\t<div class=\"wpo-about-content\">\n\t\t\t\t\t\t\t<div class=\"wpo-about-title\">\n\t\t\t\t\t\t\t\t<h2>\u00c0 propos de moi<\/h2><p>Je suis Abdellah Deddah, designer graphique senior et sp\u00e9cialiste du marketing digital. Je suis passionn\u00e9 par la transformation des id\u00e9es en histoires visuelles percutantes et en contenus marketing strat\u00e9giques. Pour moi, le design ne se r\u00e9sume pas \u00e0 l\u2019esth\u00e9tique \u2014 il s\u2019agit de clart\u00e9, de communication et de cr\u00e9ation de r\u00e9sultats mesurables.\nChaque projet que j\u2019entreprends est abord\u00e9 avec pr\u00e9cision, cr\u00e9ativit\u00e9 et un engagement constant envers l\u2019excellence.<\/p>\t\t\t\t\t\t\t<\/div>\n\t\t\t\t\t\t\t<div class=\"wpo-about-funfact\">\n\t\t\t\t\t\t\t\t\t\t\t\t\t\t\t\t\t\t<div class=\"grid\">\n\t\t\t\t\t\t\t\t\t\t\t<div class=\"grid-inner\">\n\t\t\t\t\t\t\t\t\t\t\t\t<h3><span class=\"odometer\" data-count=\"94\">00<\/span>%<\/h3><p>Photoshop<\/p>\t\t\t\t\t\t\t\t\t\t\t<\/div>\n\t\t\t\t\t\t\t\t\t\t<\/div>\n\t\t\t\t\t\t\t\t\t\t\t\t\t\t\t\t\t\t<div class=\"grid\">\n\t\t\t\t\t\t\t\t\t\t\t<div class=\"grid-inner\">\n\t\t\t\t\t\t\t\t\t\t\t\t<h3><span class=\"odometer\" data-count=\"93\">00<\/span>%<\/h3><p>Illustrator<\/p>\t\t\t\t\t\t\t\t\t\t\t<\/div>\n\t\t\t\t\t\t\t\t\t\t<\/div>\n\t\t\t\t\t\t\t\t\t\t\t\t\t\t\t\t\t\t<div class=\"grid\">\n\t\t\t\t\t\t\t\t\t\t\t<div class=\"grid-inner\">\n\t\t\t\t\t\t\t\t\t\t\t\t<h3><span class=\"odometer\" data-count=\"88\">00<\/span>%<\/h3><p>Premiere Pro<\/p>\t\t\t\t\t\t\t\t\t\t\t<\/div>\n\t\t\t\t\t\t\t\t\t\t<\/div>\n\t\t\t\t\t\t\t\t\t\t\t\t\t\t\t\t\t\t<div class=\"grid\">\n\t\t\t\t\t\t\t\t\t\t\t<div class=\"grid-inner\">\n\t\t\t\t\t\t\t\t\t\t\t\t<h3><span class=\"odometer\" data-count=\"72\">00<\/span>%<\/h3><p>InDesign<\/p>\t\t\t\t\t\t\t\t\t\t\t<\/div>\n\t\t\t\t\t\t\t\t\t\t<\/div>\n\t\t\t\t\t\t\t\t\t\t\t\t\t\t\t\t\t\t<div class=\"grid\">\n\t\t\t\t\t\t\t\t\t\t\t<div class=\"grid-inner\">\n\t\t\t\t\t\t\t\t\t\t\t\t<h3><span class=\"odometer\" data-count=\"80\">00<\/span>%<\/h3><p>After Effects<\/p>\t\t\t\t\t\t\t\t\t\t\t<\/div>\n\t\t\t\t\t\t\t\t\t\t<\/div>\n\t\t\t\t\t\t\t\t\t\t\t\t\t\t\t\t\t\t<div class=\"grid\">\n\t\t\t\t\t\t\t\t\t\t\t<div class=\"grid-inner\">\n\t\t\t\t\t\t\t\t\t\t\t\t<h3><span class=\"odometer\" data-count=\"75\">00<\/span>%<\/h3><p>Web design<\/p>\t\t\t\t\t\t\t\t\t\t\t<\/div>\n\t\t\t\t\t\t\t\t\t\t<\/div>\n\t\t\t\t\t\t\t\t\t\t\t\t\t\t\t<\/div>\n\t\t\t\t\t\t<\/div>\n\t\t\t\t\t<\/div>\n\t\t\t\t<\/div>\n\t\t\t<\/div>\n\t\t\t<div class=\"ab-shape\">\n\t\t\t\t<svg width=\"995\" height=\"1495\" viewbox=\"0 0 995 1495\" fill=\"none\">\n\t\t\t\t\t<g opacity=\"0.3\" filter=\"url(#filter0_f_39_4267)\">\n\t\t\t\t\t\t<circle cx=\"247.5\" cy=\"747.5\" r=\"247.5\" fill=\"#FFE500\" \/>\n\t\t\t\t\t<\/g>\n\t\t\t\t\t<defs>\n\t\t\t\t\t\t<filter id=\"filter0_f_39_4267\" x=\"-500\" y=\"0\" width=\"1495\" height=\"1495\" filterunits=\"userSpaceOnUse\" color-interpolation-filters=\"sRGB\">\n\t\t\t\t\t\t\t<feflood flood-opacity=\"0\" result=\"BackgroundImageFix\" \/>\n\t\t\t\t\t\t\t<feblend mode=\"normal\" in=\"SourceGraphic\" in2=\"BackgroundImageFix\" result=\"shape\" \/>\n\t\t\t\t\t\t\t<fegaussianblur stddeviation=\"250\" result=\"effect1_foregroundBlur_39_4267\" \/>\n\t\t\t\t\t\t<\/filter>\n\t\t\t\t\t<\/defs>\n\t\t\t\t<\/svg>\n\t\t\t<\/div>\n\t\t\t<div class=\"ab-shape-s2\">\n\t\t\t\t<svg width=\"1252\" height=\"1901\" viewbox=\"0 0 1252 1901\" fill=\"none\">\n\t\t\t\t\t<g opacity=\"0.15\" filter=\"url(#filter0_f_39_4265)\">\n\t\t\t\t\t\t<circle cx=\"950\" cy=\"950.004\" r=\"450\" \/>\n\t\t\t\t\t<\/g>\n\t\t\t\t\t<defs>\n\t\t\t\t\t\t<filter id=\"filter0_f_39_4265\" x=\"-0.00012207\" y=\"0.00402832\" width=\"1900\" height=\"1900\" filterunits=\"userSpaceOnUse\" color-interpolation-filters=\"sRGB\">\n\t\t\t\t\t\t\t<feflood flood-opacity=\"0\" result=\"BackgroundImageFix\" \/>\n\t\t\t\t\t\t\t<feblend mode=\"normal\" in=\"SourceGraphic\" in2=\"BackgroundImageFix\" result=\"shape\" \/>\n\t\t\t\t\t\t\t<fegaussianblur stddeviation=\"250\" result=\"effect1_foregroundBlur_39_4265\" \/>\n\t\t\t\t\t\t<\/filter>\n\t\t\t\t\t<\/defs>\n\t\t\t\t<\/svg>\n\t\t\t<\/div>\n\t\t\t<div class=\"line-shape-1\">\n\t\t\t\t\t\t\t<\/div>\n\t\t\t<div class=\"line-shape-2\">\n\t\t\t\t\t\t\t<\/div>\n\t\t<\/div>\n\t\t\t\t<\/div>\n\t\t\t\t<\/div>\n\t\t\t\t<div class=\"elementor-element elementor-element-dfe6a91 elementor-widget elementor-widget-wpo-elito_project\" data-id=\"dfe6a91\" data-element_type=\"widget\" data-e-type=\"widget\" data-settings=\"{&quot;shape_image&quot;:{&quot;url&quot;:&quot;https:\\\/\\\/wpolive.com\\\/elito\\\/wp-content\\\/uploads\\\/2022\\\/05\\\/line-1.png&quot;,&quot;id&quot;:185,&quot;size&quot;:&quot;&quot;,&quot;alt&quot;:&quot;&quot;,&quot;source&quot;:&quot;library&quot;},&quot;shape_image2&quot;:{&quot;url&quot;:&quot;https:\\\/\\\/wpolive.com\\\/elito\\\/wp-content\\\/uploads\\\/2022\\\/05\\\/line-2.png&quot;,&quot;id&quot;:186,&quot;size&quot;:&quot;&quot;,&quot;alt&quot;:&quot;&quot;,&quot;source&quot;:&quot;library&quot;}}\" data-widget_type=\"wpo-elito_project.default\">\n\t\t\t\t<div class=\"elementor-widget-container\">\n\t\t\t\t\t\n\t\t<div class=\"wpo-project-area section-padding\">\n\t\t\t<div class=\"container\">\n\t\t\t\t<div class=\"wpo-section-title-s2\">\n\t\t\t\t\t<div class=\"row align-items-center\">\n\t\t\t\t\t\t<div class=\"col-lg-4 col-12\">\n\t\t\t\t\t\t\t<div class=\"title\">\n\t\t\t\t\t\t\t\t<h2>PROJETS<\/h2><p>\nD\u00e9couvrez quelques-uns de mes projets de design les plus r\u00e9cents, r\u00e9alis\u00e9s avec pr\u00e9cision, cr\u00e9ativit\u00e9 et une grande attention aux d\u00e9tails.\n\n\n\n<\/p>\t\t\t\t\t\t\t<\/div>\n\t\t\t\t\t\t<\/div>\n\t\t\t\t\t\t<div class=\"col-lg-6 offset-lg-2\">\n\t\t\t\t\t\t\t<div class=\"sec-title-icon\">\n\t\t\t\t\t\t\t\t<i class=\"fi flaticon-self-growth\"><\/i>\t\t\t\t\t\t\t<\/div>\n\t\t\t\t\t\t<\/div>\n\t\t\t\t\t<\/div>\n\t\t\t\t<\/div>\n\t\t\t\t<div class=\"wpo-project-wrap wpo-project-slide owl-carousel\">\n\t\t\t\t\t\t\t\t\t\t\t\t<div class=\"wpo-project-item\">\n\t\t\t\t\t\t\t\t<div class=\"wpo-project-img\">\n\t\t\t\t\t\t\t\t\t<img decoding=\"async\" src=\"https:\/\/abdellahdeddah.com\/wp-content\/uploads\/2025\/11\/forum2025-1.png\" alt=\"\">\t\t\t\t\t\t\t\t<\/div>\n\t\t\t\t\t\t\t\t<div class=\"wpo-project-text\">\n\t\t\t\t\t\t\t\t\t<h2>\n\t\t\t\t\t\t\t\t\t\t<a href=\"https:\/\/abdellahdeddah.com\/fr\/project\/1er-forum-africain-sur-le-don-et-la-transplantation-dorganes\/\">\n\t\t\t\t\t\t\t\t\t\t\t1er Forum Africain sur le Don  et la Transplantation d\u2019Organes\t\t\t\t\t\t\t\t\t\t<\/a>\n\t\t\t\t\t\t\t\t\t<\/h2>\n\t\t\t\t\t\t\t\t\t<span>Design \/ \u00c9v\u00e9nement <\/span>\t\t\t\t\t\t\t\t<\/div>\n\t\t\t\t\t\t\t<\/div>\n\t\t\t\t\t\t\t\t\t\t\t\t<div class=\"wpo-project-item\">\n\t\t\t\t\t\t\t\t<div class=\"wpo-project-img\">\n\t\t\t\t\t\t\t\t\t<img decoding=\"async\" src=\"https:\/\/abdellahdeddah.com\/wp-content\/uploads\/2022\/05\/SMAUPED.png\" alt=\"\">\t\t\t\t\t\t\t\t<\/div>\n\t\t\t\t\t\t\t\t<div class=\"wpo-project-text\">\n\t\t\t\t\t\t\t\t\t<h2>\n\t\t\t\t\t\t\t\t\t\t<a href=\"https:\/\/abdellahdeddah.com\/fr\/project\/41eme-congres-maghrebin-de-pediatrie\/\">\n\t\t\t\t\t\t\t\t\t\t\t41\u00e8me congr\u00e8s maghr\u00e9bin de p\u00e9diatrie\t\t\t\t\t\t\t\t\t\t<\/a>\n\t\t\t\t\t\t\t\t\t<\/h2>\n\t\t\t\t\t\t\t\t\t<span>Design \/ \u00c9v\u00e9nement <\/span>\t\t\t\t\t\t\t\t<\/div>\n\t\t\t\t\t\t\t<\/div>\n\t\t\t\t\t\t\t\t\t\t\t\t<div class=\"wpo-project-item\">\n\t\t\t\t\t\t\t\t<div class=\"wpo-project-img\">\n\t\t\t\t\t\t\t\t\t<img decoding=\"async\" src=\"https:\/\/abdellahdeddah.com\/wp-content\/uploads\/2022\/05\/cover-project-SMN.png\" alt=\"\">\t\t\t\t\t\t\t\t<\/div>\n\t\t\t\t\t\t\t\t<div class=\"wpo-project-text\">\n\t\t\t\t\t\t\t\t\t<h2>\n\t\t\t\t\t\t\t\t\t\t<a href=\"https:\/\/abdellahdeddah.com\/fr\/project\/congres-de-neurologie-mauritanienne\/\">\n\t\t\t\t\t\t\t\t\t\t\t1er Congr\u00e8s de Neurologie Mauritanienne\t\t\t\t\t\t\t\t\t\t<\/a>\n\t\t\t\t\t\t\t\t\t<\/h2>\n\t\t\t\t\t\t\t\t\t<span>Design \/ \u00c9v\u00e9nement <\/span>\t\t\t\t\t\t\t\t<\/div>\n\t\t\t\t\t\t\t<\/div>\n\t\t\t\t\t\t\t\t\t<\/div>\n\t\t\t<\/div>\n\t\t\t<div class=\"shape-p\">\n\t\t\t\t<svg width=\"1325\" height=\"1687\" viewbox=\"0 0 1325 1687\" fill=\"none\">\n\t\t\t\t\t<g filter=\"url(#filter0_f_39_4166)\">\n\t\t\t\t\t\t<circle cx=\"481.5\" cy=\"843.5\" r=\"343.5\" fill-opacity=\"0.27\" \/>\n\t\t\t\t\t<\/g>\n\t\t\t\t\t<defs>\n\t\t\t\t\t\t<filter id=\"filter0_f_39_4166\" x=\"-362\" y=\"0\" width=\"1687\" height=\"1687\" filterunits=\"userSpaceOnUse\" color-interpolation-filters=\"sRGB\">\n\t\t\t\t\t\t\t<feflood flood-opacity=\"0\" result=\"BackgroundImageFix\" \/>\n\t\t\t\t\t\t\t<feblend mode=\"normal\" in=\"SourceGraphic\" in2=\"BackgroundImageFix\" result=\"shape\" \/>\n\t\t\t\t\t\t\t<fegaussianblur stddeviation=\"250\" result=\"effect1_foregroundBlur_39_4166\" \/>\n\t\t\t\t\t\t<\/filter>\n\t\t\t\t\t<\/defs>\n\t\t\t\t<\/svg>\n\t\t\t<\/div>\n\t\t\t<div class=\"line-shape-1\">\n\t\t\t\t<img decoding=\"async\" src=\"https:\/\/abdellahdeddah.com\/wp-content\/uploads\/2022\/05\/line-1.png\" alt=\"\">\t\t\t<\/div>\n\t\t\t<div class=\"line-shape-2\">\n\t\t\t\t<img decoding=\"async\" src=\"https:\/\/abdellahdeddah.com\/wp-content\/uploads\/2022\/05\/line-2.png\" alt=\"\">\t\t\t<\/div>\n\t\t<\/div>\n\t\t\t\t<\/div>\n\t\t\t\t<\/div>\n\t\t\t\t\t<\/div>\n\t\t<\/div>\n\t\t\t\t\t<\/div>\n\t\t<\/section>\n\t\t\t\t<section class=\"elementor-section elementor-top-section elementor-element elementor-element-cfb0607 elementor-section-full_width elementor-section-height-default elementor-section-height-default\" data-id=\"cfb0607\" data-element_type=\"section\" data-e-type=\"section\">\n\t\t\t\t\t\t<div class=\"elementor-container elementor-column-gap-no\">\n\t\t\t\t\t<div class=\"elementor-column elementor-col-100 elementor-top-column elementor-element elementor-element-3d60f61\" data-id=\"3d60f61\" data-element_type=\"column\" data-e-type=\"column\">\n\t\t\t<div class=\"elementor-widget-wrap\">\n\t\t\t\t\t\t\t<\/div>\n\t\t<\/div>\n\t\t\t\t\t<\/div>\n\t\t<\/section>\n\t\t\t\t<section class=\"elementor-section elementor-top-section elementor-element elementor-element-a37595f elementor-section-full_width elementor-section-height-default elementor-section-height-default\" data-id=\"a37595f\" data-element_type=\"section\" data-e-type=\"section\">\n\t\t\t\t\t\t<div class=\"elementor-container elementor-column-gap-no\">\n\t\t\t\t\t<div class=\"elementor-column elementor-col-100 elementor-top-column elementor-element elementor-element-eaa9cb1\" data-id=\"eaa9cb1\" data-element_type=\"column\" data-e-type=\"column\">\n\t\t\t<div class=\"elementor-widget-wrap elementor-element-populated\">\n\t\t\t\t\t\t<div class=\"elementor-element elementor-element-db76227 elementor-widget elementor-widget-wpo-elito_cta\" data-id=\"db76227\" data-element_type=\"widget\" data-e-type=\"widget\" data-widget_type=\"wpo-elito_cta.default\">\n\t\t\t\t<div class=\"elementor-widget-container\">\n\t\t\t\t\t\t\t<div class=\"upper-contact-area\">\r\n\t\t\t<div class=\"container\">\r\n\t\t\t\t<div class=\"contact-grids\">\r\n\t\t\t\t\t<div class=\"row align-items-center\">\r\n\t\t\t\t\t\t<div class=\"col col-lg-6\">\r\n\t\t\t\t\t\t\t<h2>Envoyez-moi un message et cr\u00e9ons quelque chose ensemble.<\/h2>\t\t\t\t\t\t<\/div>\r\n\t\t\t\t\t\t<div class=\"col col-lg-6\">\r\n\t\t\t\t\t\t\t<div class=\"send-message-btn\">\r\n\t\t\t\t\t\t\t\t<a href=\"#\"   class=\"theme-btn\" >Contactez-nous<\/a>\t\t\t\t\t\t\t<\/div>\r\n\t\t\t\t\t\t<\/div>\r\n\t\t\t\t\t<\/div>\r\n\t\t\t\t\t<div class=\"left-shape\"><\/div>\r\n\t\t\t\t<\/div>\r\n\t\t\t<\/div>\r\n\t\t<\/div>\r\n\t\t\t\t<\/div>\n\t\t\t\t<\/div>\n\t\t\t\t\t<\/div>\n\t\t<\/div>\n\t\t\t\t\t<\/div>\n\t\t<\/section>\n\t\t\t\t<\/div>","protected":false},"excerpt":{"rendered":"1500% Complete Project About me I\u2019m Abdellah Deddah, a senior graphic designer and digital marketing specialist. I\u2019m passionate about transforming ideas into impactful visual stories and strategic marketing content. To me, design is not just about aesthetics \u2014 it\u2019s about clarity, communication, and creating measurable results. Every project I take on is approached with precision,","protected":false},"author":1,"featured_media":0,"parent":0,"menu_order":0,"comment_status":"closed","ping_status":"closed","template":"elementor_header_footer","meta":{"footnotes":""},"class_list":["post-32","page","type-page","status-publish","hentry"],"_hostinger_reach_plugin_has_subscription_block":false,"_hostinger_reach_plugin_is_elementor":false,"_links":{"self":[{"href":"https:\/\/abdellahdeddah.com\/fr\/wp-json\/wp\/v2\/pages\/32","targetHints":{"allow":["GET"]}}],"collection":[{"href":"https:\/\/abdellahdeddah.com\/fr\/wp-json\/wp\/v2\/pages"}],"about":[{"href":"https:\/\/abdellahdeddah.com\/fr\/wp-json\/wp\/v2\/types\/page"}],"author":[{"embeddable":true,"href":"https:\/\/abdellahdeddah.com\/fr\/wp-json\/wp\/v2\/users\/1"}],"replies":[{"embeddable":true,"href":"https:\/\/abdellahdeddah.com\/fr\/wp-json\/wp\/v2\/comments?post=32"}],"version-history":[{"count":19,"href":"https:\/\/abdellahdeddah.com\/fr\/wp-json\/wp\/v2\/pages\/32\/revisions"}],"predecessor-version":[{"id":1166,"href":"https:\/\/abdellahdeddah.com\/fr\/wp-json\/wp\/v2\/pages\/32\/revisions\/1166"}],"wp:attachment":[{"href":"https:\/\/abdellahdeddah.com\/fr\/wp-json\/wp\/v2\/media?parent=32"}],"curies":[{"name":"wp","href":"https:\/\/api.w.org\/{rel}","templated":true}]}}