{"id":1236,"date":"2025-11-29T11:13:29","date_gmt":"2025-11-29T11:13:29","guid":{"rendered":"https:\/\/www.abdellahdeddah.com\/?page_id=1236"},"modified":"2025-12-05T18:35:58","modified_gmt":"2025-12-05T18:35:58","slug":"al-naqel","status":"publish","type":"page","link":"https:\/\/abdellahdeddah.com\/fr\/al-naqel\/","title":{"rendered":"Al Naqel"},"content":{"rendered":"<div data-elementor-type=\"wp-page\" data-elementor-id=\"1236\" class=\"elementor elementor-1236\">\n\t\t\t\t\t\t<section class=\"elementor-section elementor-top-section elementor-element elementor-element-19d00fd elementor-section-boxed elementor-section-height-default elementor-section-height-default\" data-id=\"19d00fd\" data-element_type=\"section\" data-e-type=\"section\">\n\t\t\t\t\t\t<div class=\"elementor-container elementor-column-gap-default\">\n\t\t\t\t\t<div class=\"elementor-column elementor-col-50 elementor-top-column elementor-element elementor-element-99b51d5\" data-id=\"99b51d5\" data-element_type=\"column\" data-e-type=\"column\">\n\t\t\t<div class=\"elementor-widget-wrap elementor-element-populated\">\n\t\t\t\t\t\t<div class=\"elementor-element elementor-element-1342b72 elementor-widget elementor-widget-heading\" data-id=\"1342b72\" data-element_type=\"widget\" data-e-type=\"widget\" data-widget_type=\"heading.default\">\n\t\t\t\t\t<h2 class=\"elementor-heading-title elementor-size-default\">Al Naqel \u2014 Soci\u00e9t\u00e9 de Construction<\/h2>\t\t\t\t<\/div>\n\t\t\t\t<div class=\"elementor-element elementor-element-a4b8a65 elementor-widget__width-initial elementor-widget elementor-widget-text-editor\" data-id=\"a4b8a65\" data-element_type=\"widget\" data-e-type=\"widget\" data-widget_type=\"text-editor.default\">\n\t\t\t\t\t\t\t\t\t<p data-start=\"421\" data-end=\"930\">J\u2019ai cr\u00e9\u00e9 l\u2019identit\u00e9 visuelle compl\u00e8te pour <strong data-start=\"492\" data-end=\"524\">AL NAQEL Contracting Company<\/strong>, une entreprise de construction et de travaux visant \u00e0 se pr\u00e9senter avec force, professionnalisme et raffinement architectural.<\/p><p data-start=\"932\" data-end=\"1382\">Le projet a inclus la conception de l\u2019ensemble du syst\u00e8me graphique :\nvariations du logo, proportions et r\u00e8gles d\u2019utilisation, typographie, cartes de visite, papeterie de bureau, packaging et applications compl\u00e8tes de la marque.<\/p><p data-start=\"1384\" data-end=\"1563\">Cette identit\u00e9 offre \u00e0 AL NAQEL une pr\u00e9sence de marque moderne, structur\u00e9e et hautement reconnaissable, refl\u00e9tant la vision de l\u2019entreprise et renfor\u00e7ant sa position dans le secteur du b\u00e2timent et de la construction.<\/p>\t\t\t\t\t\t\t\t<\/div>\n\t\t\t\t\t<\/div>\n\t\t<\/div>\n\t\t\t\t<div class=\"elementor-column elementor-col-50 elementor-top-column elementor-element elementor-element-2948193\" data-id=\"2948193\" data-element_type=\"column\" data-e-type=\"column\">\n\t\t\t<div class=\"elementor-widget-wrap elementor-element-populated\">\n\t\t\t\t\t\t<div class=\"elementor-element elementor-element-cbfa848 elementor-widget__width-initial elementor-widget elementor-widget-wpo-follio_projectitem\" data-id=\"cbfa848\" data-element_type=\"widget\" data-e-type=\"widget\" data-widget_type=\"wpo-follio_projectitem.default\">\n\t\t\t\t<div class=\"elementor-widget-container\">\n\t\t\t\t\t\t\t<div class=\"wpo-project-single-box\">\n\t\t\t<ul>\n\t\t\t\t<li>Location :<span>Nouakchott\n<\/span><\/li><li>Client :<span>Al Naqel<\/span><\/li><li>Project Type :<span>Marketing + design \n<\/span><\/li><li>Duration : <span>3 Month\n<\/span><\/li><li>Completion :<span>12 JUN  2023\n<\/span><\/li><li>Tags:<span>Design,  Marketing \n\n<\/span><\/li>\t\t\t<\/ul>\n\t\t<\/div>\n\t\t\t\t<\/div>\n\t\t\t\t<\/div>\n\t\t\t\t\t<\/div>\n\t\t<\/div>\n\t\t\t\t\t<\/div>\n\t\t<\/section>\n\t\t\t\t<section class=\"elementor-section elementor-top-section elementor-element elementor-element-15b255c elementor-section-boxed elementor-section-height-default elementor-section-height-default\" data-id=\"15b255c\" data-element_type=\"section\" data-e-type=\"section\">\n\t\t\t\t\t\t<div class=\"elementor-container elementor-column-gap-default\">\n\t\t\t\t\t<div class=\"elementor-column elementor-col-100 elementor-top-column elementor-element elementor-element-27a6ad8\" data-id=\"27a6ad8\" data-element_type=\"column\" data-e-type=\"column\">\n\t\t\t<div class=\"elementor-widget-wrap elementor-element-populated\">\n\t\t\t\t\t\t<div class=\"elementor-element elementor-element-e6c379a elementor-widget__width-initial elementor-widget elementor-widget-image\" data-id=\"e6c379a\" data-element_type=\"widget\" data-e-type=\"widget\" data-widget_type=\"image.default\">\n\t\t\t\t\t\t\t\t\t\t\t\t\t\t\t<img fetchpriority=\"high\" decoding=\"async\" width=\"1140\" height=\"390\" src=\"https:\/\/abdellahdeddah.com\/wp-content\/uploads\/2025\/11\/BQNNER-PORTFO-qlnqael.jpg\" class=\"attachment-full size-full wp-image-1371\" alt=\"\" srcset=\"https:\/\/abdellahdeddah.com\/wp-content\/uploads\/2025\/11\/BQNNER-PORTFO-qlnqael.jpg 1140w, https:\/\/abdellahdeddah.com\/wp-content\/uploads\/2025\/11\/BQNNER-PORTFO-qlnqael-300x103.jpg 300w, https:\/\/abdellahdeddah.com\/wp-content\/uploads\/2025\/11\/BQNNER-PORTFO-qlnqael-1024x350.jpg 1024w, https:\/\/abdellahdeddah.com\/wp-content\/uploads\/2025\/11\/BQNNER-PORTFO-qlnqael-768x263.jpg 768w, https:\/\/abdellahdeddah.com\/wp-content\/uploads\/2025\/11\/BQNNER-PORTFO-qlnqael-600x205.jpg 600w, https:\/\/abdellahdeddah.com\/wp-content\/uploads\/2025\/11\/BQNNER-PORTFO-qlnqael-150x51.jpg 150w\" sizes=\"(max-width: 1140px) 100vw, 1140px\" \/>\t\t\t\t\t\t\t\t\t\t\t\t\t\t\t<\/div>\n\t\t\t\t\t<\/div>\n\t\t<\/div>\n\t\t\t\t\t<\/div>\n\t\t<\/section>\n\t\t\t\t<section class=\"elementor-section elementor-top-section elementor-element elementor-element-e6a2c38 elementor-section-boxed elementor-section-height-default elementor-section-height-default\" data-id=\"e6a2c38\" data-element_type=\"section\" data-e-type=\"section\">\n\t\t\t\t\t\t<div class=\"elementor-container elementor-column-gap-default\">\n\t\t\t\t\t<div class=\"elementor-column elementor-col-50 elementor-top-column elementor-element elementor-element-3203dba\" data-id=\"3203dba\" data-element_type=\"column\" data-e-type=\"column\">\n\t\t\t<div class=\"elementor-widget-wrap elementor-element-populated\">\n\t\t\t\t\t\t<div class=\"elementor-element elementor-element-b44830c elementor-widget elementor-widget-image\" data-id=\"b44830c\" data-element_type=\"widget\" data-e-type=\"widget\" data-widget_type=\"image.default\">\n\t\t\t\t\t\t\t\t\t\t\t\t\t\t\t<img decoding=\"async\" width=\"590\" height=\"390\" src=\"https:\/\/abdellahdeddah.com\/wp-content\/uploads\/2025\/11\/al-naqel6.jpg\" class=\"attachment-large size-large wp-image-1242\" alt=\"\" srcset=\"https:\/\/abdellahdeddah.com\/wp-content\/uploads\/2025\/11\/al-naqel6.jpg 590w, https:\/\/abdellahdeddah.com\/wp-content\/uploads\/2025\/11\/al-naqel6-300x198.jpg 300w, https:\/\/abdellahdeddah.com\/wp-content\/uploads\/2025\/11\/al-naqel6-150x99.jpg 150w\" sizes=\"(max-width: 590px) 100vw, 590px\" \/>\t\t\t\t\t\t\t\t\t\t\t\t\t\t\t<\/div>\n\t\t\t\t\t<\/div>\n\t\t<\/div>\n\t\t\t\t<div class=\"elementor-column elementor-col-50 elementor-top-column elementor-element elementor-element-8669680\" data-id=\"8669680\" data-element_type=\"column\" data-e-type=\"column\">\n\t\t\t<div class=\"elementor-widget-wrap elementor-element-populated\">\n\t\t\t\t\t\t<div class=\"elementor-element elementor-element-302c520 elementor-widget elementor-widget-image\" data-id=\"302c520\" data-element_type=\"widget\" data-e-type=\"widget\" data-widget_type=\"image.default\">\n\t\t\t\t\t\t\t\t\t\t\t\t\t\t\t<img decoding=\"async\" width=\"590\" height=\"390\" src=\"https:\/\/abdellahdeddah.com\/wp-content\/uploads\/2025\/11\/al-naqel5.jpg\" class=\"attachment-large size-large wp-image-1241\" alt=\"\" srcset=\"https:\/\/abdellahdeddah.com\/wp-content\/uploads\/2025\/11\/al-naqel5.jpg 590w, https:\/\/abdellahdeddah.com\/wp-content\/uploads\/2025\/11\/al-naqel5-300x198.jpg 300w, https:\/\/abdellahdeddah.com\/wp-content\/uploads\/2025\/11\/al-naqel5-150x99.jpg 150w\" sizes=\"(max-width: 590px) 100vw, 590px\" \/>\t\t\t\t\t\t\t\t\t\t\t\t\t\t\t<\/div>\n\t\t\t\t\t<\/div>\n\t\t<\/div>\n\t\t\t\t\t<\/div>\n\t\t<\/section>\n\t\t\t\t<section class=\"elementor-section elementor-top-section elementor-element elementor-element-41a296f elementor-section-boxed elementor-section-height-default elementor-section-height-default\" data-id=\"41a296f\" data-element_type=\"section\" data-e-type=\"section\">\n\t\t\t\t\t\t<div class=\"elementor-container elementor-column-gap-default\">\n\t\t\t\t\t<div class=\"elementor-column elementor-col-50 elementor-top-column elementor-element elementor-element-f9df13c\" data-id=\"f9df13c\" data-element_type=\"column\" data-e-type=\"column\">\n\t\t\t<div class=\"elementor-widget-wrap elementor-element-populated\">\n\t\t\t\t\t\t<div class=\"elementor-element elementor-element-a310263 elementor-widget elementor-widget-image\" data-id=\"a310263\" data-element_type=\"widget\" data-e-type=\"widget\" data-widget_type=\"image.default\">\n\t\t\t\t\t\t\t\t\t\t\t\t\t\t\t<img loading=\"lazy\" decoding=\"async\" width=\"590\" height=\"390\" src=\"https:\/\/abdellahdeddah.com\/wp-content\/uploads\/2025\/11\/al-naqel8.jpg\" class=\"attachment-large size-large wp-image-1244\" alt=\"\" srcset=\"https:\/\/abdellahdeddah.com\/wp-content\/uploads\/2025\/11\/al-naqel8.jpg 590w, https:\/\/abdellahdeddah.com\/wp-content\/uploads\/2025\/11\/al-naqel8-300x198.jpg 300w, https:\/\/abdellahdeddah.com\/wp-content\/uploads\/2025\/11\/al-naqel8-150x99.jpg 150w\" sizes=\"(max-width: 590px) 100vw, 590px\" \/>\t\t\t\t\t\t\t\t\t\t\t\t\t\t\t<\/div>\n\t\t\t\t\t<\/div>\n\t\t<\/div>\n\t\t\t\t<div class=\"elementor-column elementor-col-50 elementor-top-column elementor-element elementor-element-3c6b62c\" data-id=\"3c6b62c\" data-element_type=\"column\" data-e-type=\"column\">\n\t\t\t<div class=\"elementor-widget-wrap elementor-element-populated\">\n\t\t\t\t\t\t<div class=\"elementor-element elementor-element-8cae302 elementor-widget elementor-widget-image\" data-id=\"8cae302\" data-element_type=\"widget\" data-e-type=\"widget\" data-widget_type=\"image.default\">\n\t\t\t\t\t\t\t\t\t\t\t\t\t\t\t<img loading=\"lazy\" decoding=\"async\" width=\"590\" height=\"390\" src=\"https:\/\/abdellahdeddah.com\/wp-content\/uploads\/2025\/11\/al-naqel7.jpg\" class=\"attachment-large size-large wp-image-1243\" alt=\"\" srcset=\"https:\/\/abdellahdeddah.com\/wp-content\/uploads\/2025\/11\/al-naqel7.jpg 590w, https:\/\/abdellahdeddah.com\/wp-content\/uploads\/2025\/11\/al-naqel7-300x198.jpg 300w, https:\/\/abdellahdeddah.com\/wp-content\/uploads\/2025\/11\/al-naqel7-150x99.jpg 150w\" sizes=\"(max-width: 590px) 100vw, 590px\" \/>\t\t\t\t\t\t\t\t\t\t\t\t\t\t\t<\/div>\n\t\t\t\t\t<\/div>\n\t\t<\/div>\n\t\t\t\t\t<\/div>\n\t\t<\/section>\n\t\t\t\t<section class=\"elementor-section elementor-top-section elementor-element elementor-element-8289940 elementor-section-boxed elementor-section-height-default elementor-section-height-default\" data-id=\"8289940\" data-element_type=\"section\" data-e-type=\"section\">\n\t\t\t\t\t\t<div class=\"elementor-container elementor-column-gap-default\">\n\t\t\t\t\t<div class=\"elementor-column elementor-col-50 elementor-top-column elementor-element elementor-element-7018dbe\" data-id=\"7018dbe\" data-element_type=\"column\" data-e-type=\"column\">\n\t\t\t<div class=\"elementor-widget-wrap elementor-element-populated\">\n\t\t\t\t\t\t<div class=\"elementor-element elementor-element-9ef5ecd elementor-widget elementor-widget-image\" data-id=\"9ef5ecd\" data-element_type=\"widget\" data-e-type=\"widget\" data-widget_type=\"image.default\">\n\t\t\t\t\t\t\t\t\t\t\t\t\t\t\t<img loading=\"lazy\" decoding=\"async\" width=\"590\" height=\"390\" src=\"https:\/\/abdellahdeddah.com\/wp-content\/uploads\/2025\/11\/al-naqel10.jpg\" class=\"attachment-large size-large wp-image-1246\" alt=\"\" srcset=\"https:\/\/abdellahdeddah.com\/wp-content\/uploads\/2025\/11\/al-naqel10.jpg 590w, https:\/\/abdellahdeddah.com\/wp-content\/uploads\/2025\/11\/al-naqel10-300x198.jpg 300w, https:\/\/abdellahdeddah.com\/wp-content\/uploads\/2025\/11\/al-naqel10-150x99.jpg 150w\" sizes=\"(max-width: 590px) 100vw, 590px\" \/>\t\t\t\t\t\t\t\t\t\t\t\t\t\t\t<\/div>\n\t\t\t\t\t<\/div>\n\t\t<\/div>\n\t\t\t\t<div class=\"elementor-column elementor-col-50 elementor-top-column elementor-element elementor-element-74fb213\" data-id=\"74fb213\" data-element_type=\"column\" data-e-type=\"column\">\n\t\t\t<div class=\"elementor-widget-wrap elementor-element-populated\">\n\t\t\t\t\t\t<div class=\"elementor-element elementor-element-c88a5a4 elementor-widget elementor-widget-image\" data-id=\"c88a5a4\" data-element_type=\"widget\" data-e-type=\"widget\" data-widget_type=\"image.default\">\n\t\t\t\t\t\t\t\t\t\t\t\t\t\t\t<img loading=\"lazy\" decoding=\"async\" width=\"590\" height=\"390\" src=\"https:\/\/abdellahdeddah.com\/wp-content\/uploads\/2025\/11\/al-naqel9.jpg\" class=\"attachment-large size-large wp-image-1245\" alt=\"\" srcset=\"https:\/\/abdellahdeddah.com\/wp-content\/uploads\/2025\/11\/al-naqel9.jpg 590w, https:\/\/abdellahdeddah.com\/wp-content\/uploads\/2025\/11\/al-naqel9-300x198.jpg 300w, https:\/\/abdellahdeddah.com\/wp-content\/uploads\/2025\/11\/al-naqel9-150x99.jpg 150w\" sizes=\"(max-width: 590px) 100vw, 590px\" \/>\t\t\t\t\t\t\t\t\t\t\t\t\t\t\t<\/div>\n\t\t\t\t\t<\/div>\n\t\t<\/div>\n\t\t\t\t\t<\/div>\n\t\t<\/section>\n\t\t\t\t<section class=\"elementor-section elementor-top-section elementor-element elementor-element-5fbe647 elementor-section-boxed elementor-section-height-default elementor-section-height-default\" data-id=\"5fbe647\" data-element_type=\"section\" data-e-type=\"section\">\n\t\t\t\t\t\t<div class=\"elementor-container elementor-column-gap-default\">\n\t\t\t\t\t<div class=\"elementor-column elementor-col-50 elementor-top-column elementor-element elementor-element-eff83c6\" data-id=\"eff83c6\" data-element_type=\"column\" data-e-type=\"column\">\n\t\t\t<div class=\"elementor-widget-wrap elementor-element-populated\">\n\t\t\t\t\t\t<div class=\"elementor-element elementor-element-bd55121 elementor-widget elementor-widget-image\" data-id=\"bd55121\" data-element_type=\"widget\" data-e-type=\"widget\" data-widget_type=\"image.default\">\n\t\t\t\t\t\t\t\t\t\t\t\t\t\t\t<img loading=\"lazy\" decoding=\"async\" width=\"590\" height=\"390\" src=\"https:\/\/abdellahdeddah.com\/wp-content\/uploads\/2025\/11\/al-naqel12.jpg\" class=\"attachment-large size-large wp-image-1248\" alt=\"\" srcset=\"https:\/\/abdellahdeddah.com\/wp-content\/uploads\/2025\/11\/al-naqel12.jpg 590w, https:\/\/abdellahdeddah.com\/wp-content\/uploads\/2025\/11\/al-naqel12-300x198.jpg 300w, https:\/\/abdellahdeddah.com\/wp-content\/uploads\/2025\/11\/al-naqel12-150x99.jpg 150w\" sizes=\"(max-width: 590px) 100vw, 590px\" \/>\t\t\t\t\t\t\t\t\t\t\t\t\t\t\t<\/div>\n\t\t\t\t\t<\/div>\n\t\t<\/div>\n\t\t\t\t<div class=\"elementor-column elementor-col-50 elementor-top-column elementor-element elementor-element-e5f8296\" data-id=\"e5f8296\" data-element_type=\"column\" data-e-type=\"column\">\n\t\t\t<div class=\"elementor-widget-wrap elementor-element-populated\">\n\t\t\t\t\t\t<div class=\"elementor-element elementor-element-16e7a89 elementor-widget elementor-widget-image\" data-id=\"16e7a89\" data-element_type=\"widget\" data-e-type=\"widget\" data-widget_type=\"image.default\">\n\t\t\t\t\t\t\t\t\t\t\t\t\t\t\t<img loading=\"lazy\" decoding=\"async\" width=\"590\" height=\"390\" src=\"https:\/\/abdellahdeddah.com\/wp-content\/uploads\/2025\/11\/al-naqel11.jpg\" class=\"attachment-large size-large wp-image-1247\" alt=\"\" srcset=\"https:\/\/abdellahdeddah.com\/wp-content\/uploads\/2025\/11\/al-naqel11.jpg 590w, https:\/\/abdellahdeddah.com\/wp-content\/uploads\/2025\/11\/al-naqel11-300x198.jpg 300w, https:\/\/abdellahdeddah.com\/wp-content\/uploads\/2025\/11\/al-naqel11-150x99.jpg 150w\" sizes=\"(max-width: 590px) 100vw, 590px\" \/>\t\t\t\t\t\t\t\t\t\t\t\t\t\t\t<\/div>\n\t\t\t\t\t<\/div>\n\t\t<\/div>\n\t\t\t\t\t<\/div>\n\t\t<\/section>\n\t\t\t\t<\/div>","protected":false},"excerpt":{"rendered":"Al Naqel \u2014 Construction company I created the complete visual identity for AL NAQEL Contracting Company, a construction and contracting firm aiming to present itself with strength, professionalism, and architectural refinement. The project included designing the complete graphic system: logo variations, measurements, usage rules, typography , business cards, office stationery, packaging, and full brand applications","protected":false},"author":1,"featured_media":0,"parent":0,"menu_order":0,"comment_status":"closed","ping_status":"closed","template":"","meta":{"footnotes":""},"class_list":["post-1236","page","type-page","status-publish","hentry"],"_hostinger_reach_plugin_has_subscription_block":false,"_hostinger_reach_plugin_is_elementor":false,"_links":{"self":[{"href":"https:\/\/abdellahdeddah.com\/fr\/wp-json\/wp\/v2\/pages\/1236","targetHints":{"allow":["GET"]}}],"collection":[{"href":"https:\/\/abdellahdeddah.com\/fr\/wp-json\/wp\/v2\/pages"}],"about":[{"href":"https:\/\/abdellahdeddah.com\/fr\/wp-json\/wp\/v2\/types\/page"}],"author":[{"embeddable":true,"href":"https:\/\/abdellahdeddah.com\/fr\/wp-json\/wp\/v2\/users\/1"}],"replies":[{"embeddable":true,"href":"https:\/\/abdellahdeddah.com\/fr\/wp-json\/wp\/v2\/comments?post=1236"}],"version-history":[{"count":16,"href":"https:\/\/abdellahdeddah.com\/fr\/wp-json\/wp\/v2\/pages\/1236\/revisions"}],"predecessor-version":[{"id":1715,"href":"https:\/\/abdellahdeddah.com\/fr\/wp-json\/wp\/v2\/pages\/1236\/revisions\/1715"}],"wp:attachment":[{"href":"https:\/\/abdellahdeddah.com\/fr\/wp-json\/wp\/v2\/media?parent=1236"}],"curies":[{"name":"wp","href":"https:\/\/api.w.org\/{rel}","templated":true}]}}