{"id":1189,"date":"2025-11-29T08:44:43","date_gmt":"2025-11-29T08:44:43","guid":{"rendered":"https:\/\/www.abdellahdeddah.com\/?page_id=1189"},"modified":"2025-12-05T18:29:55","modified_gmt":"2025-12-05T18:29:55","slug":"mini-market","status":"publish","type":"page","link":"https:\/\/abdellahdeddah.com\/fr\/mini-market\/","title":{"rendered":"Mini Market"},"content":{"rendered":"<div data-elementor-type=\"wp-page\" data-elementor-id=\"1189\" class=\"elementor elementor-1189\">\n\t\t\t\t\t\t<section class=\"elementor-section elementor-top-section elementor-element elementor-element-77085e8 elementor-section-boxed elementor-section-height-default elementor-section-height-default\" data-id=\"77085e8\" data-element_type=\"section\" data-e-type=\"section\">\n\t\t\t\t\t\t<div class=\"elementor-container elementor-column-gap-default\">\n\t\t\t\t\t<div class=\"elementor-column elementor-col-50 elementor-top-column elementor-element elementor-element-6b082d1\" data-id=\"6b082d1\" data-element_type=\"column\" data-e-type=\"column\">\n\t\t\t<div class=\"elementor-widget-wrap elementor-element-populated\">\n\t\t\t\t\t\t<div class=\"elementor-element elementor-element-f06c87d elementor-widget elementor-widget-heading\" data-id=\"f06c87d\" data-element_type=\"widget\" data-e-type=\"widget\" data-widget_type=\"heading.default\">\n\t\t\t\t\t<h2 class=\"elementor-heading-title elementor-size-default\">Mini Market \u2014 Identit\u00e9 de Marque Compl\u00e8te \n<\/h2>\t\t\t\t<\/div>\n\t\t\t\t<div class=\"elementor-element elementor-element-ef1474e elementor-widget__width-initial elementor-widget elementor-widget-text-editor\" data-id=\"ef1474e\" data-element_type=\"widget\" data-e-type=\"widget\" data-widget_type=\"text-editor.default\">\n\t\t\t\t\t\t\t\t\t<p data-start=\"156\" data-end=\"703\">J\u2019ai con\u00e7u l\u2019identit\u00e9 de marque compl\u00e8te de <strong data-start=\"199\" data-end=\"214\">Mini Market<\/strong>un magasin moderne et diversifi\u00e9 offrant un large choix de produits alimentaires de haute qualit\u00e9.<br data-start=\"306\" data-end=\"309\" \/>L\u2019identit\u00e9 visuelle refl\u00e8te la fra\u00eecheur, l\u2019accessibilit\u00e9 et une exp\u00e9rience d\u2019achat conviviale \u2014 capturant l\u2019esprit d\u2019un espace o\u00f9 les clients trouvent tout ce dont ils ont besoin en un seul endroit.<br data-start=\"502\" data-end=\"505\" \/>Gr\u00e2ce \u00e0 ses visuels \u00e9pur\u00e9s et \u00e0 un syst\u00e8me de design pratique, le branding renforce la pr\u00e9sence de Mini Market et le positionne comme une destination fiable, pratique et centr\u00e9e sur le client pour les besoins essentiels du quotidien.<\/p><p data-start=\"191\" data-end=\"398\">\u00a0<\/p>\t\t\t\t\t\t\t\t<\/div>\n\t\t\t\t\t<\/div>\n\t\t<\/div>\n\t\t\t\t<div class=\"elementor-column elementor-col-50 elementor-top-column elementor-element elementor-element-01a7763\" data-id=\"01a7763\" data-element_type=\"column\" data-e-type=\"column\">\n\t\t\t<div class=\"elementor-widget-wrap elementor-element-populated\">\n\t\t\t\t\t\t<div class=\"elementor-element elementor-element-48e9614 elementor-widget__width-initial elementor-widget elementor-widget-wpo-follio_projectitem\" data-id=\"48e9614\" data-element_type=\"widget\" data-e-type=\"widget\" data-widget_type=\"wpo-follio_projectitem.default\">\n\t\t\t\t<div class=\"elementor-widget-container\">\n\t\t\t\t\t\t\t<div class=\"wpo-project-single-box\">\n\t\t\t<ul>\n\t\t\t\t<li>Location :<span>Nouakchott\n<\/span><\/li><li>Client :<span>MINI MARKET\n<\/span><\/li><li>Project Type :<span>Marketing + design \n<\/span><\/li><li>Duration : <span>3 Month\n<\/span><\/li><li>Completion :<span>18 Oct 2023\n<\/span><\/li><li>Tags:<span>Design,  Marketing \n\n<\/span><\/li>\t\t\t<\/ul>\n\t\t<\/div>\n\t\t\t\t<\/div>\n\t\t\t\t<\/div>\n\t\t\t\t\t<\/div>\n\t\t<\/div>\n\t\t\t\t\t<\/div>\n\t\t<\/section>\n\t\t\t\t<section class=\"elementor-section elementor-top-section elementor-element elementor-element-bfff599 elementor-section-boxed elementor-section-height-default elementor-section-height-default\" data-id=\"bfff599\" data-element_type=\"section\" data-e-type=\"section\">\n\t\t\t\t\t\t<div class=\"elementor-container elementor-column-gap-default\">\n\t\t\t\t\t<div class=\"elementor-column elementor-col-100 elementor-top-column elementor-element elementor-element-5e0954d\" data-id=\"5e0954d\" data-element_type=\"column\" data-e-type=\"column\">\n\t\t\t<div class=\"elementor-widget-wrap elementor-element-populated\">\n\t\t\t\t\t\t<div class=\"elementor-element elementor-element-ba558cb elementor-widget__width-initial elementor-widget elementor-widget-image\" data-id=\"ba558cb\" data-element_type=\"widget\" data-e-type=\"widget\" data-widget_type=\"image.default\">\n\t\t\t\t\t\t\t\t\t\t\t\t\t\t\t<img fetchpriority=\"high\" decoding=\"async\" width=\"1140\" height=\"390\" src=\"https:\/\/abdellahdeddah.com\/wp-content\/uploads\/2025\/11\/BQNNER-PORTFO-MINIMARKET.jpg\" class=\"attachment-full size-full wp-image-1317\" alt=\"\" srcset=\"https:\/\/abdellahdeddah.com\/wp-content\/uploads\/2025\/11\/BQNNER-PORTFO-MINIMARKET.jpg 1140w, https:\/\/abdellahdeddah.com\/wp-content\/uploads\/2025\/11\/BQNNER-PORTFO-MINIMARKET-300x103.jpg 300w, https:\/\/abdellahdeddah.com\/wp-content\/uploads\/2025\/11\/BQNNER-PORTFO-MINIMARKET-1024x350.jpg 1024w, https:\/\/abdellahdeddah.com\/wp-content\/uploads\/2025\/11\/BQNNER-PORTFO-MINIMARKET-768x263.jpg 768w, https:\/\/abdellahdeddah.com\/wp-content\/uploads\/2025\/11\/BQNNER-PORTFO-MINIMARKET-600x205.jpg 600w, https:\/\/abdellahdeddah.com\/wp-content\/uploads\/2025\/11\/BQNNER-PORTFO-MINIMARKET-150x51.jpg 150w\" sizes=\"(max-width: 1140px) 100vw, 1140px\" \/>\t\t\t\t\t\t\t\t\t\t\t\t\t\t\t<\/div>\n\t\t\t\t\t<\/div>\n\t\t<\/div>\n\t\t\t\t\t<\/div>\n\t\t<\/section>\n\t\t\t\t<section class=\"elementor-section elementor-top-section elementor-element elementor-element-ebae8f3 elementor-section-boxed elementor-section-height-default elementor-section-height-default\" data-id=\"ebae8f3\" data-element_type=\"section\" data-e-type=\"section\">\n\t\t\t\t\t\t<div class=\"elementor-container elementor-column-gap-default\">\n\t\t\t\t\t<div class=\"elementor-column elementor-col-50 elementor-top-column elementor-element elementor-element-522230d\" data-id=\"522230d\" data-element_type=\"column\" data-e-type=\"column\">\n\t\t\t<div class=\"elementor-widget-wrap elementor-element-populated\">\n\t\t\t\t\t\t<div class=\"elementor-element elementor-element-c4a140f elementor-widget elementor-widget-image\" data-id=\"c4a140f\" data-element_type=\"widget\" data-e-type=\"widget\" data-widget_type=\"image.default\">\n\t\t\t\t\t\t\t\t\t\t\t\t\t\t\t<img decoding=\"async\" width=\"590\" height=\"390\" src=\"https:\/\/abdellahdeddah.com\/wp-content\/uploads\/2025\/11\/mini-market-1-2.jpg\" class=\"attachment-large size-large wp-image-1318\" alt=\"\" srcset=\"https:\/\/abdellahdeddah.com\/wp-content\/uploads\/2025\/11\/mini-market-1-2.jpg 590w, https:\/\/abdellahdeddah.com\/wp-content\/uploads\/2025\/11\/mini-market-1-2-300x198.jpg 300w, https:\/\/abdellahdeddah.com\/wp-content\/uploads\/2025\/11\/mini-market-1-2-150x99.jpg 150w\" sizes=\"(max-width: 590px) 100vw, 590px\" \/>\t\t\t\t\t\t\t\t\t\t\t\t\t\t\t<\/div>\n\t\t\t\t\t<\/div>\n\t\t<\/div>\n\t\t\t\t<div class=\"elementor-column elementor-col-50 elementor-top-column elementor-element elementor-element-5b20079\" data-id=\"5b20079\" data-element_type=\"column\" data-e-type=\"column\">\n\t\t\t<div class=\"elementor-widget-wrap elementor-element-populated\">\n\t\t\t\t\t\t<div class=\"elementor-element elementor-element-d558ba9 elementor-widget elementor-widget-image\" data-id=\"d558ba9\" data-element_type=\"widget\" data-e-type=\"widget\" data-widget_type=\"image.default\">\n\t\t\t\t\t\t\t\t\t\t\t\t\t\t\t<img decoding=\"async\" width=\"590\" height=\"390\" src=\"https:\/\/abdellahdeddah.com\/wp-content\/uploads\/2025\/11\/mini-market-4.jpg\" class=\"attachment-large size-large wp-image-1321\" alt=\"\" srcset=\"https:\/\/abdellahdeddah.com\/wp-content\/uploads\/2025\/11\/mini-market-4.jpg 590w, https:\/\/abdellahdeddah.com\/wp-content\/uploads\/2025\/11\/mini-market-4-300x198.jpg 300w, https:\/\/abdellahdeddah.com\/wp-content\/uploads\/2025\/11\/mini-market-4-150x99.jpg 150w\" sizes=\"(max-width: 590px) 100vw, 590px\" \/>\t\t\t\t\t\t\t\t\t\t\t\t\t\t\t<\/div>\n\t\t\t\t\t<\/div>\n\t\t<\/div>\n\t\t\t\t\t<\/div>\n\t\t<\/section>\n\t\t\t\t<section class=\"elementor-section elementor-top-section elementor-element elementor-element-fa707a9 elementor-section-boxed elementor-section-height-default elementor-section-height-default\" data-id=\"fa707a9\" data-element_type=\"section\" data-e-type=\"section\">\n\t\t\t\t\t\t<div class=\"elementor-container elementor-column-gap-default\">\n\t\t\t\t\t<div class=\"elementor-column elementor-col-50 elementor-top-column elementor-element elementor-element-6ce35a1\" data-id=\"6ce35a1\" data-element_type=\"column\" data-e-type=\"column\">\n\t\t\t<div class=\"elementor-widget-wrap elementor-element-populated\">\n\t\t\t\t\t\t<div class=\"elementor-element elementor-element-0a83b33 elementor-widget elementor-widget-image\" data-id=\"0a83b33\" data-element_type=\"widget\" data-e-type=\"widget\" data-widget_type=\"image.default\">\n\t\t\t\t\t\t\t\t\t\t\t\t\t\t\t<img loading=\"lazy\" decoding=\"async\" width=\"590\" height=\"390\" src=\"https:\/\/abdellahdeddah.com\/wp-content\/uploads\/2025\/11\/mini-market-3.jpg\" class=\"attachment-large size-large wp-image-1320\" alt=\"\" srcset=\"https:\/\/abdellahdeddah.com\/wp-content\/uploads\/2025\/11\/mini-market-3.jpg 590w, https:\/\/abdellahdeddah.com\/wp-content\/uploads\/2025\/11\/mini-market-3-300x198.jpg 300w, https:\/\/abdellahdeddah.com\/wp-content\/uploads\/2025\/11\/mini-market-3-150x99.jpg 150w\" sizes=\"(max-width: 590px) 100vw, 590px\" \/>\t\t\t\t\t\t\t\t\t\t\t\t\t\t\t<\/div>\n\t\t\t\t\t<\/div>\n\t\t<\/div>\n\t\t\t\t<div class=\"elementor-column elementor-col-50 elementor-top-column elementor-element elementor-element-68b39c1\" data-id=\"68b39c1\" data-element_type=\"column\" data-e-type=\"column\">\n\t\t\t<div class=\"elementor-widget-wrap elementor-element-populated\">\n\t\t\t\t\t\t<div class=\"elementor-element elementor-element-3565baa elementor-widget elementor-widget-image\" data-id=\"3565baa\" data-element_type=\"widget\" data-e-type=\"widget\" data-widget_type=\"image.default\">\n\t\t\t\t\t\t\t\t\t\t\t\t\t\t\t<img loading=\"lazy\" decoding=\"async\" width=\"590\" height=\"390\" src=\"https:\/\/abdellahdeddah.com\/wp-content\/uploads\/2025\/11\/mini-market-2-1.jpg\" class=\"attachment-large size-large wp-image-1319\" alt=\"\" srcset=\"https:\/\/abdellahdeddah.com\/wp-content\/uploads\/2025\/11\/mini-market-2-1.jpg 590w, https:\/\/abdellahdeddah.com\/wp-content\/uploads\/2025\/11\/mini-market-2-1-300x198.jpg 300w, https:\/\/abdellahdeddah.com\/wp-content\/uploads\/2025\/11\/mini-market-2-1-150x99.jpg 150w\" sizes=\"(max-width: 590px) 100vw, 590px\" \/>\t\t\t\t\t\t\t\t\t\t\t\t\t\t\t<\/div>\n\t\t\t\t\t<\/div>\n\t\t<\/div>\n\t\t\t\t\t<\/div>\n\t\t<\/section>\n\t\t\t\t<section class=\"elementor-section elementor-top-section elementor-element elementor-element-c1c0b53 elementor-section-boxed elementor-section-height-default elementor-section-height-default\" data-id=\"c1c0b53\" data-element_type=\"section\" data-e-type=\"section\">\n\t\t\t\t\t\t<div class=\"elementor-container elementor-column-gap-default\">\n\t\t\t\t\t<div class=\"elementor-column elementor-col-50 elementor-top-column elementor-element elementor-element-e1c65c5\" data-id=\"e1c65c5\" data-element_type=\"column\" data-e-type=\"column\">\n\t\t\t<div class=\"elementor-widget-wrap elementor-element-populated\">\n\t\t\t\t\t\t<div class=\"elementor-element elementor-element-90d5bd6 elementor-widget elementor-widget-image\" data-id=\"90d5bd6\" data-element_type=\"widget\" data-e-type=\"widget\" data-widget_type=\"image.default\">\n\t\t\t\t\t\t\t\t\t\t\t\t\t\t\t<img loading=\"lazy\" decoding=\"async\" width=\"590\" height=\"390\" src=\"https:\/\/abdellahdeddah.com\/wp-content\/uploads\/2025\/11\/mini-market-6.jpg\" class=\"attachment-large size-large wp-image-1323\" alt=\"\" srcset=\"https:\/\/abdellahdeddah.com\/wp-content\/uploads\/2025\/11\/mini-market-6.jpg 590w, https:\/\/abdellahdeddah.com\/wp-content\/uploads\/2025\/11\/mini-market-6-300x198.jpg 300w, https:\/\/abdellahdeddah.com\/wp-content\/uploads\/2025\/11\/mini-market-6-150x99.jpg 150w\" sizes=\"(max-width: 590px) 100vw, 590px\" \/>\t\t\t\t\t\t\t\t\t\t\t\t\t\t\t<\/div>\n\t\t\t\t\t<\/div>\n\t\t<\/div>\n\t\t\t\t<div class=\"elementor-column elementor-col-50 elementor-top-column elementor-element elementor-element-f4b59f0\" data-id=\"f4b59f0\" data-element_type=\"column\" data-e-type=\"column\">\n\t\t\t<div class=\"elementor-widget-wrap elementor-element-populated\">\n\t\t\t\t\t\t<div class=\"elementor-element elementor-element-0c8c78d elementor-widget elementor-widget-image\" data-id=\"0c8c78d\" data-element_type=\"widget\" data-e-type=\"widget\" data-widget_type=\"image.default\">\n\t\t\t\t\t\t\t\t\t\t\t\t\t\t\t<img loading=\"lazy\" decoding=\"async\" width=\"590\" height=\"390\" src=\"https:\/\/abdellahdeddah.com\/wp-content\/uploads\/2025\/11\/mini-market-5.jpg\" class=\"attachment-large size-large wp-image-1322\" alt=\"\" srcset=\"https:\/\/abdellahdeddah.com\/wp-content\/uploads\/2025\/11\/mini-market-5.jpg 590w, https:\/\/abdellahdeddah.com\/wp-content\/uploads\/2025\/11\/mini-market-5-300x198.jpg 300w, https:\/\/abdellahdeddah.com\/wp-content\/uploads\/2025\/11\/mini-market-5-150x99.jpg 150w\" sizes=\"(max-width: 590px) 100vw, 590px\" \/>\t\t\t\t\t\t\t\t\t\t\t\t\t\t\t<\/div>\n\t\t\t\t\t<\/div>\n\t\t<\/div>\n\t\t\t\t\t<\/div>\n\t\t<\/section>\n\t\t\t\t<\/div>","protected":false},"excerpt":{"rendered":"Mini Market \u2014 I designed the complete brand identity for Mini Market, a modern and diverse retail store offering a wide selection of high-quality food products.The visual identity reflects freshness, accessibility, and a friendly shopping experience \u2014 capturing the spirit of a marketplace that provides customers with everything they need in one place.With its clean","protected":false},"author":1,"featured_media":0,"parent":0,"menu_order":0,"comment_status":"closed","ping_status":"closed","template":"","meta":{"footnotes":""},"class_list":["post-1189","page","type-page","status-publish","hentry"],"_hostinger_reach_plugin_has_subscription_block":false,"_hostinger_reach_plugin_is_elementor":false,"_links":{"self":[{"href":"https:\/\/abdellahdeddah.com\/fr\/wp-json\/wp\/v2\/pages\/1189","targetHints":{"allow":["GET"]}}],"collection":[{"href":"https:\/\/abdellahdeddah.com\/fr\/wp-json\/wp\/v2\/pages"}],"about":[{"href":"https:\/\/abdellahdeddah.com\/fr\/wp-json\/wp\/v2\/types\/page"}],"author":[{"embeddable":true,"href":"https:\/\/abdellahdeddah.com\/fr\/wp-json\/wp\/v2\/users\/1"}],"replies":[{"embeddable":true,"href":"https:\/\/abdellahdeddah.com\/fr\/wp-json\/wp\/v2\/comments?post=1189"}],"version-history":[{"count":19,"href":"https:\/\/abdellahdeddah.com\/fr\/wp-json\/wp\/v2\/pages\/1189\/revisions"}],"predecessor-version":[{"id":1712,"href":"https:\/\/abdellahdeddah.com\/fr\/wp-json\/wp\/v2\/pages\/1189\/revisions\/1712"}],"wp:attachment":[{"href":"https:\/\/abdellahdeddah.com\/fr\/wp-json\/wp\/v2\/media?parent=1189"}],"curies":[{"name":"wp","href":"https:\/\/api.w.org\/{rel}","templated":true}]}}