{"id":1179,"date":"2025-11-29T08:42:29","date_gmt":"2025-11-29T08:42:29","guid":{"rendered":"https:\/\/www.abdellahdeddah.com\/?page_id=1179"},"modified":"2025-12-05T18:27:01","modified_gmt":"2025-12-05T18:27:01","slug":"royal-services","status":"publish","type":"page","link":"https:\/\/abdellahdeddah.com\/fr\/royal-services\/","title":{"rendered":"Royal services"},"content":{"rendered":"<div data-elementor-type=\"wp-page\" data-elementor-id=\"1179\" class=\"elementor elementor-1179\">\n\t\t\t\t\t\t<section class=\"elementor-section elementor-top-section elementor-element elementor-element-1a64dca elementor-section-boxed elementor-section-height-default elementor-section-height-default\" data-id=\"1a64dca\" data-element_type=\"section\" data-e-type=\"section\">\n\t\t\t\t\t\t<div class=\"elementor-container elementor-column-gap-default\">\n\t\t\t\t\t<div class=\"elementor-column elementor-col-50 elementor-top-column elementor-element elementor-element-944e6dd\" data-id=\"944e6dd\" data-element_type=\"column\" data-e-type=\"column\">\n\t\t\t<div class=\"elementor-widget-wrap elementor-element-populated\">\n\t\t\t\t\t\t<div class=\"elementor-element elementor-element-89d5160 elementor-widget elementor-widget-heading\" data-id=\"89d5160\" data-element_type=\"widget\" data-e-type=\"widget\" data-widget_type=\"heading.default\">\n\t\t\t\t\t<h2 class=\"elementor-heading-title elementor-size-default\">Branding \u2014 ROYALE SERVICES\n<\/h2>\t\t\t\t<\/div>\n\t\t\t\t<div class=\"elementor-element elementor-element-b078d35 elementor-widget__width-initial elementor-widget elementor-widget-text-editor\" data-id=\"b078d35\" data-element_type=\"widget\" data-e-type=\"widget\" data-widget_type=\"text-editor.default\">\n\t\t\t\t\t\t\t\t\t<p data-start=\"544\" data-end=\"687\">Une identit\u00e9 de marque moderne et raffin\u00e9e cr\u00e9\u00e9e pour Royale Services, une agence de voyage engag\u00e9e \u00e0 offrir des exp\u00e9riences de voyage exceptionnelles.<\/p><p data-start=\"544\" data-end=\"687\">J\u2019ai con\u00e7u une identit\u00e9 de marque \u00e9l\u00e9gante et percutante pour <strong data-start=\"227\" data-end=\"244\">Royal Service<\/strong>une agence de voyage d\u00e9di\u00e9e \u00e0 proposer des exp\u00e9riences de voyage exceptionnelles et sans contraintes.<br data-start=\"330\" data-end=\"333\" \/>Le branding transmet la confiance, le confort et l\u2019\u00e9l\u00e9gance \u2014 refl\u00e9tant la mission de l\u2019agence : accompagner ses clients en toute fluidit\u00e9 \u00e0 chaque \u00e9tape de leur voyage.<br data-start=\"484\" data-end=\"487\" \/>Avec son style visuel moderne et son syst\u00e8me d\u2019identit\u00e9 soign\u00e9, Royale Services se distingue d\u00e9sormais comme un partenaire de voyage fiable, professionnel et v\u00e9ritablement orient\u00e9 client.<\/p><p data-start=\"689\" data-end=\"814\">\u00a0<\/p>\t\t\t\t\t\t\t\t<\/div>\n\t\t\t\t\t<\/div>\n\t\t<\/div>\n\t\t\t\t<div class=\"elementor-column elementor-col-50 elementor-top-column elementor-element elementor-element-1163ee5\" data-id=\"1163ee5\" data-element_type=\"column\" data-e-type=\"column\">\n\t\t\t<div class=\"elementor-widget-wrap elementor-element-populated\">\n\t\t\t\t\t\t<div class=\"elementor-element elementor-element-3df5a13 elementor-widget__width-initial elementor-widget elementor-widget-wpo-follio_projectitem\" data-id=\"3df5a13\" data-element_type=\"widget\" data-e-type=\"widget\" data-widget_type=\"wpo-follio_projectitem.default\">\n\t\t\t\t<div class=\"elementor-widget-container\">\n\t\t\t\t\t\t\t<div class=\"wpo-project-single-box\">\n\t\t\t<ul>\n\t\t\t\t<li>Location :<span>Nouakchott\n<\/span><\/li><li>Client :<span>Royale Services<\/span><\/li><li>Project Type :<span>Marketing + design \n<\/span><\/li><li>Duration : <span>3 Month\n<\/span><\/li><li>Completion :<span>28 Aug 2023\n<\/span><\/li><li>Tags:<span>Design,  Marketing \n\n<\/span><\/li>\t\t\t<\/ul>\n\t\t<\/div>\n\t\t\t\t<\/div>\n\t\t\t\t<\/div>\n\t\t\t\t\t<\/div>\n\t\t<\/div>\n\t\t\t\t\t<\/div>\n\t\t<\/section>\n\t\t\t\t<section class=\"elementor-section elementor-top-section elementor-element elementor-element-7c84111 elementor-section-boxed elementor-section-height-default elementor-section-height-default\" data-id=\"7c84111\" data-element_type=\"section\" data-e-type=\"section\">\n\t\t\t\t\t\t<div class=\"elementor-container elementor-column-gap-default\">\n\t\t\t\t\t<div class=\"elementor-column elementor-col-100 elementor-top-column elementor-element elementor-element-cb19b99\" data-id=\"cb19b99\" data-element_type=\"column\" data-e-type=\"column\">\n\t\t\t<div class=\"elementor-widget-wrap elementor-element-populated\">\n\t\t\t\t\t\t<div class=\"elementor-element elementor-element-01e6156 elementor-widget__width-initial elementor-widget elementor-widget-image\" data-id=\"01e6156\" data-element_type=\"widget\" data-e-type=\"widget\" data-widget_type=\"image.default\">\n\t\t\t\t\t\t\t\t\t\t\t\t\t\t\t<img fetchpriority=\"high\" decoding=\"async\" width=\"1140\" height=\"390\" src=\"https:\/\/abdellahdeddah.com\/wp-content\/uploads\/2025\/11\/BQNNER-PORTFO-royalservice.jpg\" class=\"attachment-full size-full wp-image-1289\" alt=\"\" srcset=\"https:\/\/abdellahdeddah.com\/wp-content\/uploads\/2025\/11\/BQNNER-PORTFO-royalservice.jpg 1140w, https:\/\/abdellahdeddah.com\/wp-content\/uploads\/2025\/11\/BQNNER-PORTFO-royalservice-300x103.jpg 300w, https:\/\/abdellahdeddah.com\/wp-content\/uploads\/2025\/11\/BQNNER-PORTFO-royalservice-1024x350.jpg 1024w, https:\/\/abdellahdeddah.com\/wp-content\/uploads\/2025\/11\/BQNNER-PORTFO-royalservice-768x263.jpg 768w, https:\/\/abdellahdeddah.com\/wp-content\/uploads\/2025\/11\/BQNNER-PORTFO-royalservice-600x205.jpg 600w, https:\/\/abdellahdeddah.com\/wp-content\/uploads\/2025\/11\/BQNNER-PORTFO-royalservice-150x51.jpg 150w\" sizes=\"(max-width: 1140px) 100vw, 1140px\" \/>\t\t\t\t\t\t\t\t\t\t\t\t\t\t\t<\/div>\n\t\t\t\t\t<\/div>\n\t\t<\/div>\n\t\t\t\t\t<\/div>\n\t\t<\/section>\n\t\t\t\t<section class=\"elementor-section elementor-top-section elementor-element elementor-element-d805053 elementor-section-boxed elementor-section-height-default elementor-section-height-default\" data-id=\"d805053\" data-element_type=\"section\" data-e-type=\"section\">\n\t\t\t\t\t\t<div class=\"elementor-container elementor-column-gap-default\">\n\t\t\t\t\t<div class=\"elementor-column elementor-col-50 elementor-top-column elementor-element elementor-element-3966aad\" data-id=\"3966aad\" data-element_type=\"column\" data-e-type=\"column\">\n\t\t\t<div class=\"elementor-widget-wrap elementor-element-populated\">\n\t\t\t\t\t\t<div class=\"elementor-element elementor-element-ff1bd79 elementor-widget elementor-widget-image\" data-id=\"ff1bd79\" data-element_type=\"widget\" data-e-type=\"widget\" data-widget_type=\"image.default\">\n\t\t\t\t\t\t\t\t\t\t\t\t\t\t\t<img decoding=\"async\" width=\"590\" height=\"390\" src=\"https:\/\/abdellahdeddah.com\/wp-content\/uploads\/2025\/11\/royal-service-5.jpg\" class=\"attachment-large size-large wp-image-1291\" alt=\"\" srcset=\"https:\/\/abdellahdeddah.com\/wp-content\/uploads\/2025\/11\/royal-service-5.jpg 590w, https:\/\/abdellahdeddah.com\/wp-content\/uploads\/2025\/11\/royal-service-5-300x198.jpg 300w, https:\/\/abdellahdeddah.com\/wp-content\/uploads\/2025\/11\/royal-service-5-150x99.jpg 150w\" sizes=\"(max-width: 590px) 100vw, 590px\" \/>\t\t\t\t\t\t\t\t\t\t\t\t\t\t\t<\/div>\n\t\t\t\t\t<\/div>\n\t\t<\/div>\n\t\t\t\t<div class=\"elementor-column elementor-col-50 elementor-top-column elementor-element elementor-element-e775a34\" data-id=\"e775a34\" data-element_type=\"column\" data-e-type=\"column\">\n\t\t\t<div class=\"elementor-widget-wrap elementor-element-populated\">\n\t\t\t\t\t\t<div class=\"elementor-element elementor-element-7d5bf13 elementor-widget elementor-widget-image\" data-id=\"7d5bf13\" data-element_type=\"widget\" data-e-type=\"widget\" data-widget_type=\"image.default\">\n\t\t\t\t\t\t\t\t\t\t\t\t\t\t\t<img decoding=\"async\" width=\"590\" height=\"390\" src=\"https:\/\/abdellahdeddah.com\/wp-content\/uploads\/2025\/11\/royal-service-4.jpg\" class=\"attachment-large size-large wp-image-1290\" alt=\"\" srcset=\"https:\/\/abdellahdeddah.com\/wp-content\/uploads\/2025\/11\/royal-service-4.jpg 590w, https:\/\/abdellahdeddah.com\/wp-content\/uploads\/2025\/11\/royal-service-4-300x198.jpg 300w, https:\/\/abdellahdeddah.com\/wp-content\/uploads\/2025\/11\/royal-service-4-150x99.jpg 150w\" sizes=\"(max-width: 590px) 100vw, 590px\" \/>\t\t\t\t\t\t\t\t\t\t\t\t\t\t\t<\/div>\n\t\t\t\t\t<\/div>\n\t\t<\/div>\n\t\t\t\t\t<\/div>\n\t\t<\/section>\n\t\t\t\t<section class=\"elementor-section elementor-top-section elementor-element elementor-element-f1a6076 elementor-section-boxed elementor-section-height-default elementor-section-height-default\" data-id=\"f1a6076\" data-element_type=\"section\" data-e-type=\"section\">\n\t\t\t\t\t\t<div class=\"elementor-container elementor-column-gap-default\">\n\t\t\t\t\t<div class=\"elementor-column elementor-col-50 elementor-top-column elementor-element elementor-element-d10a082\" data-id=\"d10a082\" data-element_type=\"column\" data-e-type=\"column\">\n\t\t\t<div class=\"elementor-widget-wrap elementor-element-populated\">\n\t\t\t\t\t\t<div class=\"elementor-element elementor-element-674b4bf elementor-widget elementor-widget-image\" data-id=\"674b4bf\" data-element_type=\"widget\" data-e-type=\"widget\" data-widget_type=\"image.default\">\n\t\t\t\t\t\t\t\t\t\t\t\t\t\t\t<img loading=\"lazy\" decoding=\"async\" width=\"590\" height=\"390\" src=\"https:\/\/abdellahdeddah.com\/wp-content\/uploads\/2025\/11\/royal-service-6.jpg\" class=\"attachment-large size-large wp-image-1292\" alt=\"\" srcset=\"https:\/\/abdellahdeddah.com\/wp-content\/uploads\/2025\/11\/royal-service-6.jpg 590w, https:\/\/abdellahdeddah.com\/wp-content\/uploads\/2025\/11\/royal-service-6-300x198.jpg 300w, https:\/\/abdellahdeddah.com\/wp-content\/uploads\/2025\/11\/royal-service-6-150x99.jpg 150w\" sizes=\"(max-width: 590px) 100vw, 590px\" \/>\t\t\t\t\t\t\t\t\t\t\t\t\t\t\t<\/div>\n\t\t\t\t<div class=\"elementor-element elementor-element-3fd8983 elementor-widget elementor-widget-image\" data-id=\"3fd8983\" data-element_type=\"widget\" data-e-type=\"widget\" data-widget_type=\"image.default\">\n\t\t\t\t\t\t\t\t\t\t\t\t\t\t\t<img loading=\"lazy\" decoding=\"async\" width=\"590\" height=\"390\" src=\"https:\/\/abdellahdeddah.com\/wp-content\/uploads\/2025\/11\/royal-service-8.jpg\" class=\"attachment-large size-large wp-image-1294\" alt=\"\" srcset=\"https:\/\/abdellahdeddah.com\/wp-content\/uploads\/2025\/11\/royal-service-8.jpg 590w, https:\/\/abdellahdeddah.com\/wp-content\/uploads\/2025\/11\/royal-service-8-300x198.jpg 300w, https:\/\/abdellahdeddah.com\/wp-content\/uploads\/2025\/11\/royal-service-8-150x99.jpg 150w\" sizes=\"(max-width: 590px) 100vw, 590px\" \/>\t\t\t\t\t\t\t\t\t\t\t\t\t\t\t<\/div>\n\t\t\t\t\t<\/div>\n\t\t<\/div>\n\t\t\t\t<div class=\"elementor-column elementor-col-50 elementor-top-column elementor-element elementor-element-55e71b7\" data-id=\"55e71b7\" data-element_type=\"column\" data-e-type=\"column\">\n\t\t\t<div class=\"elementor-widget-wrap elementor-element-populated\">\n\t\t\t\t\t\t<div class=\"elementor-element elementor-element-325d7eb elementor-widget elementor-widget-image\" data-id=\"325d7eb\" data-element_type=\"widget\" data-e-type=\"widget\" data-widget_type=\"image.default\">\n\t\t\t\t\t\t\t\t\t\t\t\t\t\t\t<img loading=\"lazy\" decoding=\"async\" width=\"590\" height=\"390\" src=\"https:\/\/abdellahdeddah.com\/wp-content\/uploads\/2025\/11\/royqle-1.jpg\" class=\"attachment-large size-large wp-image-1295\" alt=\"\" srcset=\"https:\/\/abdellahdeddah.com\/wp-content\/uploads\/2025\/11\/royqle-1.jpg 590w, https:\/\/abdellahdeddah.com\/wp-content\/uploads\/2025\/11\/royqle-1-300x198.jpg 300w, https:\/\/abdellahdeddah.com\/wp-content\/uploads\/2025\/11\/royqle-1-150x99.jpg 150w\" sizes=\"(max-width: 590px) 100vw, 590px\" \/>\t\t\t\t\t\t\t\t\t\t\t\t\t\t\t<\/div>\n\t\t\t\t<div class=\"elementor-element elementor-element-c9e0960 elementor-widget elementor-widget-image\" data-id=\"c9e0960\" data-element_type=\"widget\" data-e-type=\"widget\" data-widget_type=\"image.default\">\n\t\t\t\t\t\t\t\t\t\t\t\t\t\t\t<img loading=\"lazy\" decoding=\"async\" width=\"590\" height=\"390\" src=\"https:\/\/abdellahdeddah.com\/wp-content\/uploads\/2025\/11\/royal-service-7.jpg\" class=\"attachment-large size-large wp-image-1293\" alt=\"\" srcset=\"https:\/\/abdellahdeddah.com\/wp-content\/uploads\/2025\/11\/royal-service-7.jpg 590w, https:\/\/abdellahdeddah.com\/wp-content\/uploads\/2025\/11\/royal-service-7-300x198.jpg 300w, https:\/\/abdellahdeddah.com\/wp-content\/uploads\/2025\/11\/royal-service-7-150x99.jpg 150w\" sizes=\"(max-width: 590px) 100vw, 590px\" \/>\t\t\t\t\t\t\t\t\t\t\t\t\t\t\t<\/div>\n\t\t\t\t\t<\/div>\n\t\t<\/div>\n\t\t\t\t\t<\/div>\n\t\t<\/section>\n\t\t\t\t<section class=\"elementor-section elementor-top-section elementor-element elementor-element-9947aab elementor-section-boxed elementor-section-height-default elementor-section-height-default\" data-id=\"9947aab\" data-element_type=\"section\" data-e-type=\"section\">\n\t\t\t\t\t\t<div class=\"elementor-container elementor-column-gap-default\">\n\t\t\t\t\t<div class=\"elementor-column elementor-col-50 elementor-top-column elementor-element elementor-element-51e49ba\" data-id=\"51e49ba\" data-element_type=\"column\" data-e-type=\"column\">\n\t\t\t<div class=\"elementor-widget-wrap\">\n\t\t\t\t\t\t\t<\/div>\n\t\t<\/div>\n\t\t\t\t<div class=\"elementor-column elementor-col-50 elementor-top-column elementor-element elementor-element-fe78bec\" data-id=\"fe78bec\" data-element_type=\"column\" data-e-type=\"column\">\n\t\t\t<div class=\"elementor-widget-wrap\">\n\t\t\t\t\t\t\t<\/div>\n\t\t<\/div>\n\t\t\t\t\t<\/div>\n\t\t<\/section>\n\t\t\t\t<\/div>","protected":false},"excerpt":{"rendered":"Branding \u2014 ROYALE SERVICES A refined and modern brand identity created for Royal Service, a travel agency committed to delivering exceptional travel experiences. I created a refined and impactful brand identity for Royal Service, a travel agency dedicated to delivering exceptional, hassle-free travel experiences.The branding communicates trust, comfort, and elegance \u2014 reflecting the agency\u2019s mission","protected":false},"author":1,"featured_media":0,"parent":0,"menu_order":0,"comment_status":"closed","ping_status":"closed","template":"","meta":{"footnotes":""},"class_list":["post-1179","page","type-page","status-publish","hentry"],"_hostinger_reach_plugin_has_subscription_block":false,"_hostinger_reach_plugin_is_elementor":false,"_links":{"self":[{"href":"https:\/\/abdellahdeddah.com\/fr\/wp-json\/wp\/v2\/pages\/1179","targetHints":{"allow":["GET"]}}],"collection":[{"href":"https:\/\/abdellahdeddah.com\/fr\/wp-json\/wp\/v2\/pages"}],"about":[{"href":"https:\/\/abdellahdeddah.com\/fr\/wp-json\/wp\/v2\/types\/page"}],"author":[{"embeddable":true,"href":"https:\/\/abdellahdeddah.com\/fr\/wp-json\/wp\/v2\/users\/1"}],"replies":[{"embeddable":true,"href":"https:\/\/abdellahdeddah.com\/fr\/wp-json\/wp\/v2\/comments?post=1179"}],"version-history":[{"count":10,"href":"https:\/\/abdellahdeddah.com\/fr\/wp-json\/wp\/v2\/pages\/1179\/revisions"}],"predecessor-version":[{"id":1706,"href":"https:\/\/abdellahdeddah.com\/fr\/wp-json\/wp\/v2\/pages\/1179\/revisions\/1706"}],"wp:attachment":[{"href":"https:\/\/abdellahdeddah.com\/fr\/wp-json\/wp\/v2\/media?parent=1179"}],"curies":[{"name":"wp","href":"https:\/\/api.w.org\/{rel}","templated":true}]}}