{"id":1167,"date":"2025-11-29T08:37:32","date_gmt":"2025-11-29T08:37:32","guid":{"rendered":"https:\/\/www.abdellahdeddah.com\/?page_id=1167"},"modified":"2025-12-02T14:00:24","modified_gmt":"2025-12-02T14:00:24","slug":"sedad","status":"publish","type":"page","link":"https:\/\/abdellahdeddah.com\/fr\/sedad\/","title":{"rendered":"Sedad"},"content":{"rendered":"<div data-elementor-type=\"wp-page\" data-elementor-id=\"1167\" class=\"elementor elementor-1167\">\n\t\t\t\t\t\t<section class=\"elementor-section elementor-top-section elementor-element elementor-element-a5be064 elementor-section-boxed elementor-section-height-default elementor-section-height-default\" data-id=\"a5be064\" data-element_type=\"section\" data-e-type=\"section\">\n\t\t\t\t\t\t<div class=\"elementor-container elementor-column-gap-default\">\n\t\t\t\t\t<div class=\"elementor-column elementor-col-50 elementor-top-column elementor-element elementor-element-87df739\" data-id=\"87df739\" data-element_type=\"column\" data-e-type=\"column\">\n\t\t\t<div class=\"elementor-widget-wrap elementor-element-populated\">\n\t\t\t\t\t\t<div class=\"elementor-element elementor-element-9e6b597 elementor-widget elementor-widget-heading\" data-id=\"9e6b597\" data-element_type=\"widget\" data-e-type=\"widget\" data-widget_type=\"heading.default\">\n\t\t\t\t\t<h2 class=\"elementor-heading-title elementor-size-default\">SEDAD \u2014 Banque Mobile \n<\/h2>\t\t\t\t<\/div>\n\t\t\t\t<div class=\"elementor-element elementor-element-16aeb41 elementor-widget__width-initial elementor-widget elementor-widget-text-editor\" data-id=\"16aeb41\" data-element_type=\"widget\" data-e-type=\"widget\" data-widget_type=\"text-editor.default\">\n\t\t\t\t\t\t\t\t\t<p data-start=\"191\" data-end=\"398\">\u00ab Sedad \u00bb est l\u2019application de banque mobile de la\u00a0<span data-processed=\"true\"><a class=\"H23r4e\" href=\"https:\/\/bmi.mr\/fr\/\" target=\"_blank\" rel=\"noopener\" data-processed=\"true\">BMI<\/a><\/span>\u00a0(Banque Mauritanienne de l\u2019Investissement).<\/p><p data-start=\"410\" data-end=\"749\">J\u2019ai d\u00e9velopp\u00e9 l\u2019identit\u00e9 visuelle compl\u00e8te de <strong data-start=\"451\" data-end=\"465\">SEDAD BANK<\/strong>un service bancaire digital moderne con\u00e7u pour offrir des transactions financi\u00e8res rapides, s\u00e9curis\u00e9es et pratiques via la technologie mobile.<br data-start=\"598\" data-end=\"601\" \/>Le syst\u00e8me de branding a \u00e9t\u00e9 cr\u00e9\u00e9 pour refl\u00e9ter la confiance, l\u2019innovation et l\u2019accessibilit\u00e9 \u2014 des valeurs essentielles pour une institution financi\u00e8re entrant dans l\u2019\u00e8re num\u00e9rique.<\/p><p data-start=\"1194\" data-end=\"1647\">Cette identit\u00e9 visuelle offre \u00e0 SEDAD BANK une pr\u00e9sence forte, moderne et facilement reconnaissable, soutenant sa mission consistant \u00e0 proposer des services de banque mobile fiables et accessibles.<\/p><p class=\"not-prose mt-0! mb-0! flex-auto truncate\">\u00a0<\/p><p data-start=\"191\" data-end=\"398\">\u00a0<\/p><p data-start=\"191\" data-end=\"398\">\u00a0<\/p>\t\t\t\t\t\t\t\t<\/div>\n\t\t\t\t\t<\/div>\n\t\t<\/div>\n\t\t\t\t<div class=\"elementor-column elementor-col-50 elementor-top-column elementor-element elementor-element-bfed506\" data-id=\"bfed506\" data-element_type=\"column\" data-e-type=\"column\">\n\t\t\t<div class=\"elementor-widget-wrap elementor-element-populated\">\n\t\t\t\t\t\t<div class=\"elementor-element elementor-element-a9094e0 elementor-widget__width-initial elementor-widget elementor-widget-wpo-follio_projectitem\" data-id=\"a9094e0\" data-element_type=\"widget\" data-e-type=\"widget\" data-widget_type=\"wpo-follio_projectitem.default\">\n\t\t\t\t<div class=\"elementor-widget-container\">\n\t\t\t\t\t\t\t<div class=\"wpo-project-single-box\">\n\t\t\t<ul>\n\t\t\t\t<li>Location :<span>Nouakchott\n<\/span><\/li><li>Client :<span>BMI<\/span><\/li><li>Project Type :<span>Marketing + design \n<\/span><\/li><li>Duration : <span>3 Month\n<\/span><\/li><li>Completion :<span>12 JUN 2021\n<\/span><\/li><li>Tags:<span>Design,  Marketing \n\n<\/span><\/li>\t\t\t<\/ul>\n\t\t<\/div>\n\t\t\t\t<\/div>\n\t\t\t\t<\/div>\n\t\t\t\t\t<\/div>\n\t\t<\/div>\n\t\t\t\t\t<\/div>\n\t\t<\/section>\n\t\t\t\t<section class=\"elementor-section elementor-top-section elementor-element elementor-element-5515611 elementor-section-boxed elementor-section-height-default elementor-section-height-default\" data-id=\"5515611\" data-element_type=\"section\" data-e-type=\"section\">\n\t\t\t\t\t\t<div class=\"elementor-container elementor-column-gap-default\">\n\t\t\t\t\t<div class=\"elementor-column elementor-col-100 elementor-top-column elementor-element elementor-element-5804f6f\" data-id=\"5804f6f\" data-element_type=\"column\" data-e-type=\"column\">\n\t\t\t<div class=\"elementor-widget-wrap elementor-element-populated\">\n\t\t\t\t\t\t<div class=\"elementor-element elementor-element-3cabd66 elementor-widget__width-initial elementor-widget elementor-widget-image\" data-id=\"3cabd66\" data-element_type=\"widget\" data-e-type=\"widget\" data-widget_type=\"image.default\">\n\t\t\t\t\t\t\t\t\t\t\t\t\t\t\t<img fetchpriority=\"high\" decoding=\"async\" width=\"1140\" height=\"390\" src=\"https:\/\/abdellahdeddah.com\/wp-content\/uploads\/2025\/12\/BQNNER-PORTFO-SEDAD.jpg\" class=\"attachment-full size-full wp-image-1388\" alt=\"\" srcset=\"https:\/\/abdellahdeddah.com\/wp-content\/uploads\/2025\/12\/BQNNER-PORTFO-SEDAD.jpg 1140w, https:\/\/abdellahdeddah.com\/wp-content\/uploads\/2025\/12\/BQNNER-PORTFO-SEDAD-300x103.jpg 300w, https:\/\/abdellahdeddah.com\/wp-content\/uploads\/2025\/12\/BQNNER-PORTFO-SEDAD-1024x350.jpg 1024w, https:\/\/abdellahdeddah.com\/wp-content\/uploads\/2025\/12\/BQNNER-PORTFO-SEDAD-768x263.jpg 768w, https:\/\/abdellahdeddah.com\/wp-content\/uploads\/2025\/12\/BQNNER-PORTFO-SEDAD-600x205.jpg 600w, https:\/\/abdellahdeddah.com\/wp-content\/uploads\/2025\/12\/BQNNER-PORTFO-SEDAD-150x51.jpg 150w\" sizes=\"(max-width: 1140px) 100vw, 1140px\" \/>\t\t\t\t\t\t\t\t\t\t\t\t\t\t\t<\/div>\n\t\t\t\t\t<\/div>\n\t\t<\/div>\n\t\t\t\t\t<\/div>\n\t\t<\/section>\n\t\t\t\t<section class=\"elementor-section elementor-top-section elementor-element elementor-element-e9c4c3b elementor-section-boxed elementor-section-height-default elementor-section-height-default\" data-id=\"e9c4c3b\" data-element_type=\"section\" data-e-type=\"section\">\n\t\t\t\t\t\t<div class=\"elementor-container elementor-column-gap-default\">\n\t\t\t\t\t<div class=\"elementor-column elementor-col-50 elementor-top-column elementor-element elementor-element-937fd0e\" data-id=\"937fd0e\" data-element_type=\"column\" data-e-type=\"column\">\n\t\t\t<div class=\"elementor-widget-wrap elementor-element-populated\">\n\t\t\t\t\t\t<div class=\"elementor-element elementor-element-bc59f18 elementor-widget elementor-widget-image\" data-id=\"bc59f18\" data-element_type=\"widget\" data-e-type=\"widget\" data-widget_type=\"image.default\">\n\t\t\t\t\t\t\t\t\t\t\t\t\t\t\t<img decoding=\"async\" width=\"590\" height=\"390\" src=\"https:\/\/abdellahdeddah.com\/wp-content\/uploads\/2025\/11\/idsedad.jpg\" class=\"attachment-large size-large wp-image-1226\" alt=\"\" srcset=\"https:\/\/abdellahdeddah.com\/wp-content\/uploads\/2025\/11\/idsedad.jpg 590w, https:\/\/abdellahdeddah.com\/wp-content\/uploads\/2025\/11\/idsedad-300x198.jpg 300w, https:\/\/abdellahdeddah.com\/wp-content\/uploads\/2025\/11\/idsedad-150x99.jpg 150w\" sizes=\"(max-width: 590px) 100vw, 590px\" \/>\t\t\t\t\t\t\t\t\t\t\t\t\t\t\t<\/div>\n\t\t\t\t\t<\/div>\n\t\t<\/div>\n\t\t\t\t<div class=\"elementor-column elementor-col-50 elementor-top-column elementor-element elementor-element-b0952d3\" data-id=\"b0952d3\" data-element_type=\"column\" data-e-type=\"column\">\n\t\t\t<div class=\"elementor-widget-wrap elementor-element-populated\">\n\t\t\t\t\t\t<div class=\"elementor-element elementor-element-9d62452 elementor-widget elementor-widget-image\" data-id=\"9d62452\" data-element_type=\"widget\" data-e-type=\"widget\" data-widget_type=\"image.default\">\n\t\t\t\t\t\t\t\t\t\t\t\t\t\t\t<img decoding=\"async\" width=\"590\" height=\"390\" src=\"https:\/\/abdellahdeddah.com\/wp-content\/uploads\/2025\/11\/sedad10.jpg\" class=\"attachment-large size-large wp-image-1227\" alt=\"\" srcset=\"https:\/\/abdellahdeddah.com\/wp-content\/uploads\/2025\/11\/sedad10.jpg 590w, https:\/\/abdellahdeddah.com\/wp-content\/uploads\/2025\/11\/sedad10-300x198.jpg 300w, https:\/\/abdellahdeddah.com\/wp-content\/uploads\/2025\/11\/sedad10-150x99.jpg 150w\" sizes=\"(max-width: 590px) 100vw, 590px\" \/>\t\t\t\t\t\t\t\t\t\t\t\t\t\t\t<\/div>\n\t\t\t\t\t<\/div>\n\t\t<\/div>\n\t\t\t\t\t<\/div>\n\t\t<\/section>\n\t\t\t\t<section class=\"elementor-section elementor-top-section elementor-element elementor-element-006110b elementor-section-boxed elementor-section-height-default elementor-section-height-default\" data-id=\"006110b\" data-element_type=\"section\" data-e-type=\"section\">\n\t\t\t\t\t\t<div class=\"elementor-container elementor-column-gap-default\">\n\t\t\t\t\t<div class=\"elementor-column elementor-col-50 elementor-top-column elementor-element elementor-element-db3693c\" data-id=\"db3693c\" data-element_type=\"column\" data-e-type=\"column\">\n\t\t\t<div class=\"elementor-widget-wrap elementor-element-populated\">\n\t\t\t\t\t\t<div class=\"elementor-element elementor-element-f7585e5 elementor-widget elementor-widget-image\" data-id=\"f7585e5\" data-element_type=\"widget\" data-e-type=\"widget\" data-widget_type=\"image.default\">\n\t\t\t\t\t\t\t\t\t\t\t\t\t\t\t<img loading=\"lazy\" decoding=\"async\" width=\"590\" height=\"390\" src=\"https:\/\/abdellahdeddah.com\/wp-content\/uploads\/2025\/11\/sedad11.jpg\" class=\"attachment-large size-large wp-image-1228\" alt=\"\" srcset=\"https:\/\/abdellahdeddah.com\/wp-content\/uploads\/2025\/11\/sedad11.jpg 590w, https:\/\/abdellahdeddah.com\/wp-content\/uploads\/2025\/11\/sedad11-300x198.jpg 300w, https:\/\/abdellahdeddah.com\/wp-content\/uploads\/2025\/11\/sedad11-150x99.jpg 150w\" sizes=\"(max-width: 590px) 100vw, 590px\" \/>\t\t\t\t\t\t\t\t\t\t\t\t\t\t\t<\/div>\n\t\t\t\t\t<\/div>\n\t\t<\/div>\n\t\t\t\t<div class=\"elementor-column elementor-col-50 elementor-top-column elementor-element elementor-element-dd0ff1e\" data-id=\"dd0ff1e\" data-element_type=\"column\" data-e-type=\"column\">\n\t\t\t<div class=\"elementor-widget-wrap elementor-element-populated\">\n\t\t\t\t\t\t<div class=\"elementor-element elementor-element-cb8f37c elementor-widget elementor-widget-image\" data-id=\"cb8f37c\" data-element_type=\"widget\" data-e-type=\"widget\" data-widget_type=\"image.default\">\n\t\t\t\t\t\t\t\t\t\t\t\t\t\t\t<img loading=\"lazy\" decoding=\"async\" width=\"590\" height=\"390\" src=\"https:\/\/abdellahdeddah.com\/wp-content\/uploads\/2025\/11\/sedad12.jpg\" class=\"attachment-large size-large wp-image-1229\" alt=\"\" srcset=\"https:\/\/abdellahdeddah.com\/wp-content\/uploads\/2025\/11\/sedad12.jpg 590w, https:\/\/abdellahdeddah.com\/wp-content\/uploads\/2025\/11\/sedad12-300x198.jpg 300w, https:\/\/abdellahdeddah.com\/wp-content\/uploads\/2025\/11\/sedad12-150x99.jpg 150w\" sizes=\"(max-width: 590px) 100vw, 590px\" \/>\t\t\t\t\t\t\t\t\t\t\t\t\t\t\t<\/div>\n\t\t\t\t\t<\/div>\n\t\t<\/div>\n\t\t\t\t\t<\/div>\n\t\t<\/section>\n\t\t\t\t<section class=\"elementor-section elementor-top-section elementor-element elementor-element-c30de51 elementor-section-boxed elementor-section-height-default elementor-section-height-default\" data-id=\"c30de51\" data-element_type=\"section\" data-e-type=\"section\">\n\t\t\t\t\t\t<div class=\"elementor-container elementor-column-gap-default\">\n\t\t\t\t\t<div class=\"elementor-column elementor-col-50 elementor-top-column elementor-element elementor-element-3a4df25\" data-id=\"3a4df25\" data-element_type=\"column\" data-e-type=\"column\">\n\t\t\t<div class=\"elementor-widget-wrap elementor-element-populated\">\n\t\t\t\t\t\t<div class=\"elementor-element elementor-element-6801112 elementor-widget elementor-widget-image\" data-id=\"6801112\" data-element_type=\"widget\" data-e-type=\"widget\" data-widget_type=\"image.default\">\n\t\t\t\t\t\t\t\t\t\t\t\t\t\t\t<img loading=\"lazy\" decoding=\"async\" width=\"590\" height=\"390\" src=\"https:\/\/abdellahdeddah.com\/wp-content\/uploads\/2025\/11\/sedad-2-1.jpg\" class=\"attachment-large size-large wp-image-1222\" alt=\"\" srcset=\"https:\/\/abdellahdeddah.com\/wp-content\/uploads\/2025\/11\/sedad-2-1.jpg 590w, https:\/\/abdellahdeddah.com\/wp-content\/uploads\/2025\/11\/sedad-2-1-300x198.jpg 300w, https:\/\/abdellahdeddah.com\/wp-content\/uploads\/2025\/11\/sedad-2-1-150x99.jpg 150w\" sizes=\"(max-width: 590px) 100vw, 590px\" \/>\t\t\t\t\t\t\t\t\t\t\t\t\t\t\t<\/div>\n\t\t\t\t\t<\/div>\n\t\t<\/div>\n\t\t\t\t<div class=\"elementor-column elementor-col-50 elementor-top-column elementor-element elementor-element-fd11115\" data-id=\"fd11115\" data-element_type=\"column\" data-e-type=\"column\">\n\t\t\t<div class=\"elementor-widget-wrap elementor-element-populated\">\n\t\t\t\t\t\t<div class=\"elementor-element elementor-element-60593be elementor-widget elementor-widget-image\" data-id=\"60593be\" data-element_type=\"widget\" data-e-type=\"widget\" data-widget_type=\"image.default\">\n\t\t\t\t\t\t\t\t\t\t\t\t\t\t\t<img loading=\"lazy\" decoding=\"async\" width=\"590\" height=\"390\" src=\"https:\/\/abdellahdeddah.com\/wp-content\/uploads\/2025\/11\/sedad-1-1.jpg\" class=\"attachment-large size-large wp-image-1223\" alt=\"\" srcset=\"https:\/\/abdellahdeddah.com\/wp-content\/uploads\/2025\/11\/sedad-1-1.jpg 590w, https:\/\/abdellahdeddah.com\/wp-content\/uploads\/2025\/11\/sedad-1-1-300x198.jpg 300w, https:\/\/abdellahdeddah.com\/wp-content\/uploads\/2025\/11\/sedad-1-1-150x99.jpg 150w\" sizes=\"(max-width: 590px) 100vw, 590px\" \/>\t\t\t\t\t\t\t\t\t\t\t\t\t\t\t<\/div>\n\t\t\t\t\t<\/div>\n\t\t<\/div>\n\t\t\t\t\t<\/div>\n\t\t<\/section>\n\t\t\t\t<section class=\"elementor-section elementor-top-section elementor-element elementor-element-241b4ba elementor-section-boxed elementor-section-height-default elementor-section-height-default\" data-id=\"241b4ba\" data-element_type=\"section\" data-e-type=\"section\">\n\t\t\t\t\t\t<div class=\"elementor-container elementor-column-gap-default\">\n\t\t\t\t\t<div class=\"elementor-column elementor-col-50 elementor-top-column elementor-element elementor-element-25aa769\" data-id=\"25aa769\" data-element_type=\"column\" data-e-type=\"column\">\n\t\t\t<div class=\"elementor-widget-wrap elementor-element-populated\">\n\t\t\t\t\t\t<div class=\"elementor-element elementor-element-c832d99 elementor-widget elementor-widget-image\" data-id=\"c832d99\" data-element_type=\"widget\" data-e-type=\"widget\" data-widget_type=\"image.default\">\n\t\t\t\t\t\t\t\t\t\t\t\t\t\t\t<img loading=\"lazy\" decoding=\"async\" width=\"590\" height=\"390\" src=\"https:\/\/abdellahdeddah.com\/wp-content\/uploads\/2025\/11\/sedad-48.jpg\" class=\"attachment-large size-large wp-image-1224\" alt=\"\" srcset=\"https:\/\/abdellahdeddah.com\/wp-content\/uploads\/2025\/11\/sedad-48.jpg 590w, https:\/\/abdellahdeddah.com\/wp-content\/uploads\/2025\/11\/sedad-48-300x198.jpg 300w, https:\/\/abdellahdeddah.com\/wp-content\/uploads\/2025\/11\/sedad-48-150x99.jpg 150w\" sizes=\"(max-width: 590px) 100vw, 590px\" \/>\t\t\t\t\t\t\t\t\t\t\t\t\t\t\t<\/div>\n\t\t\t\t\t<\/div>\n\t\t<\/div>\n\t\t\t\t<div class=\"elementor-column elementor-col-50 elementor-top-column elementor-element elementor-element-ccbd384\" data-id=\"ccbd384\" data-element_type=\"column\" data-e-type=\"column\">\n\t\t\t<div class=\"elementor-widget-wrap elementor-element-populated\">\n\t\t\t\t\t\t<div class=\"elementor-element elementor-element-04e2e80 elementor-widget elementor-widget-image\" data-id=\"04e2e80\" data-element_type=\"widget\" data-e-type=\"widget\" data-widget_type=\"image.default\">\n\t\t\t\t\t\t\t\t\t\t\t\t\t\t\t<img loading=\"lazy\" decoding=\"async\" width=\"590\" height=\"390\" src=\"https:\/\/abdellahdeddah.com\/wp-content\/uploads\/2025\/11\/envolppe-sedad.jpg\" class=\"attachment-large size-large wp-image-1225\" alt=\"\" srcset=\"https:\/\/abdellahdeddah.com\/wp-content\/uploads\/2025\/11\/envolppe-sedad.jpg 590w, https:\/\/abdellahdeddah.com\/wp-content\/uploads\/2025\/11\/envolppe-sedad-300x198.jpg 300w, https:\/\/abdellahdeddah.com\/wp-content\/uploads\/2025\/11\/envolppe-sedad-150x99.jpg 150w\" sizes=\"(max-width: 590px) 100vw, 590px\" \/>\t\t\t\t\t\t\t\t\t\t\t\t\t\t\t<\/div>\n\t\t\t\t\t<\/div>\n\t\t<\/div>\n\t\t\t\t\t<\/div>\n\t\t<\/section>\n\t\t\t\t<\/div>","protected":false},"excerpt":{"rendered":"SEDAD \u2014Mobile banking &#8220;Sedad&#8221; is the mobile banking application for the\u00a0BMI\u00a0(Banque Mauritanienne de l&#8217;Investissement). I developed the full visual identity for SEDAD BANK, a modern digital banking service designed to provide fast, secure, and convenient financial transactions through mobile technology.The branding system was built to reflect trust, innovation, and accessibility \u2014 the core values of","protected":false},"author":1,"featured_media":0,"parent":0,"menu_order":0,"comment_status":"closed","ping_status":"closed","template":"","meta":{"footnotes":""},"class_list":["post-1167","page","type-page","status-publish","hentry"],"_hostinger_reach_plugin_has_subscription_block":false,"_hostinger_reach_plugin_is_elementor":false,"_links":{"self":[{"href":"https:\/\/abdellahdeddah.com\/fr\/wp-json\/wp\/v2\/pages\/1167","targetHints":{"allow":["GET"]}}],"collection":[{"href":"https:\/\/abdellahdeddah.com\/fr\/wp-json\/wp\/v2\/pages"}],"about":[{"href":"https:\/\/abdellahdeddah.com\/fr\/wp-json\/wp\/v2\/types\/page"}],"author":[{"embeddable":true,"href":"https:\/\/abdellahdeddah.com\/fr\/wp-json\/wp\/v2\/users\/1"}],"replies":[{"embeddable":true,"href":"https:\/\/abdellahdeddah.com\/fr\/wp-json\/wp\/v2\/comments?post=1167"}],"version-history":[{"count":16,"href":"https:\/\/abdellahdeddah.com\/fr\/wp-json\/wp\/v2\/pages\/1167\/revisions"}],"predecessor-version":[{"id":1391,"href":"https:\/\/abdellahdeddah.com\/fr\/wp-json\/wp\/v2\/pages\/1167\/revisions\/1391"}],"wp:attachment":[{"href":"https:\/\/abdellahdeddah.com\/fr\/wp-json\/wp\/v2\/media?parent=1167"}],"curies":[{"name":"wp","href":"https:\/\/api.w.org\/{rel}","templated":true}]}}