{"id":1095,"date":"2025-11-25T12:26:07","date_gmt":"2025-11-25T12:26:07","guid":{"rendered":"https:\/\/www.abdellahdeddah.com\/?page_id=1095"},"modified":"2025-11-29T08:41:27","modified_gmt":"2025-11-29T08:41:27","slug":"elihsane","status":"publish","type":"page","link":"https:\/\/abdellahdeddah.com\/fr\/elihsane\/","title":{"rendered":"EL IHSANE"},"content":{"rendered":"<div data-elementor-type=\"wp-page\" data-elementor-id=\"1095\" class=\"elementor elementor-1095\">\n\t\t\t\t\t\t<section class=\"elementor-section elementor-top-section elementor-element elementor-element-8d75703 elementor-section-boxed elementor-section-height-default elementor-section-height-default\" data-id=\"8d75703\" data-element_type=\"section\" data-e-type=\"section\">\n\t\t\t\t\t\t<div class=\"elementor-container elementor-column-gap-default\">\n\t\t\t\t\t<div class=\"elementor-column elementor-col-50 elementor-top-column elementor-element elementor-element-3faed8d\" data-id=\"3faed8d\" data-element_type=\"column\" data-e-type=\"column\">\n\t\t\t<div class=\"elementor-widget-wrap elementor-element-populated\">\n\t\t\t\t\t\t<div class=\"elementor-element elementor-element-a6ffd02 elementor-widget elementor-widget-heading\" data-id=\"a6ffd02\" data-element_type=\"widget\" data-e-type=\"widget\" data-widget_type=\"heading.default\">\n\t\t\t\t\t<h2 class=\"elementor-heading-title elementor-size-default\">Branding \u2014 Clinique El IHSANE\n<\/h2>\t\t\t\t<\/div>\n\t\t\t\t<div class=\"elementor-element elementor-element-fdd626c elementor-widget__width-initial elementor-widget elementor-widget-text-editor\" data-id=\"fdd626c\" data-element_type=\"widget\" data-e-type=\"widget\" data-widget_type=\"text-editor.default\">\n\t\t\t\t\t\t\t\t\t<p data-start=\"191\" data-end=\"398\">La Clinique El IHSANE est une institution m\u00e9dicale bien \u00e9tablie et r\u00e9put\u00e9e, et j\u2019ai eu l\u2019honneur de repenser l\u2019ensemble de son identit\u00e9 visuelle afin de la transformer en une marque moderne, coh\u00e9rente et percutante.<\/p><p data-start=\"191\" data-end=\"398\">L\u2019identit\u00e9 visuelle de la Clinique El IHSANE refl\u00e8te son engagement \u00e0 offrir des soins alliant excellence m\u00e9dicale et valeurs humaines fortes.<br data-start=\"304\" data-end=\"307\" \/>Ce guide pr\u00e9sente les \u00e9l\u00e9ments graphiques essentiels \u2014 logo, palette de couleurs, typographie et r\u00e8gles d\u2019utilisation \u2014 con\u00e7us pour garantir une communication coh\u00e9rente et professionnelle, fid\u00e8le \u00e0 l\u2019esprit de l\u2019institution.<\/p><p data-start=\"191\" data-end=\"398\">\u00a0<\/p>\t\t\t\t\t\t\t\t<\/div>\n\t\t\t\t\t<\/div>\n\t\t<\/div>\n\t\t\t\t<div class=\"elementor-column elementor-col-50 elementor-top-column elementor-element elementor-element-4143f5f\" data-id=\"4143f5f\" data-element_type=\"column\" data-e-type=\"column\">\n\t\t\t<div class=\"elementor-widget-wrap elementor-element-populated\">\n\t\t\t\t\t\t<div class=\"elementor-element elementor-element-0be3581 elementor-widget__width-initial elementor-widget elementor-widget-wpo-follio_projectitem\" data-id=\"0be3581\" data-element_type=\"widget\" data-e-type=\"widget\" data-widget_type=\"wpo-follio_projectitem.default\">\n\t\t\t\t<div class=\"elementor-widget-container\">\n\t\t\t\t\t\t\t<div class=\"wpo-project-single-box\">\n\t\t\t<ul>\n\t\t\t\t<li>Location :<span>Nouakchott\n<\/span><\/li><li>Client :<span>EL Ihsane<\/span><\/li><li>Project Type :<span>Marketing + design \n<\/span><\/li><li>Duration : <span>3 Month\n<\/span><\/li><li>Completion :<span>12 Nov 2025\n<\/span><\/li><li>Tags:<span>Design,  Marketing \n\n<\/span><\/li>\t\t\t<\/ul>\n\t\t<\/div>\n\t\t\t\t<\/div>\n\t\t\t\t<\/div>\n\t\t\t\t\t<\/div>\n\t\t<\/div>\n\t\t\t\t\t<\/div>\n\t\t<\/section>\n\t\t\t\t<section class=\"elementor-section elementor-top-section elementor-element elementor-element-95849cc elementor-section-boxed elementor-section-height-default elementor-section-height-default\" data-id=\"95849cc\" data-element_type=\"section\" data-e-type=\"section\">\n\t\t\t\t\t\t<div class=\"elementor-container elementor-column-gap-default\">\n\t\t\t\t\t<div class=\"elementor-column elementor-col-100 elementor-top-column elementor-element elementor-element-49520f8\" data-id=\"49520f8\" data-element_type=\"column\" data-e-type=\"column\">\n\t\t\t<div class=\"elementor-widget-wrap elementor-element-populated\">\n\t\t\t\t\t\t<div class=\"elementor-element elementor-element-e8be651 elementor-widget__width-initial elementor-widget elementor-widget-image\" data-id=\"e8be651\" data-element_type=\"widget\" data-e-type=\"widget\" data-widget_type=\"image.default\">\n\t\t\t\t\t\t\t\t\t\t\t\t\t\t\t<img fetchpriority=\"high\" decoding=\"async\" width=\"1050\" height=\"550\" src=\"https:\/\/abdellahdeddah.com\/wp-content\/uploads\/2022\/05\/ihsane-th.jpg\" class=\"attachment-full size-full wp-image-826\" alt=\"\" srcset=\"https:\/\/abdellahdeddah.com\/wp-content\/uploads\/2022\/05\/ihsane-th.jpg 1050w, https:\/\/abdellahdeddah.com\/wp-content\/uploads\/2022\/05\/ihsane-th-300x157.jpg 300w, https:\/\/abdellahdeddah.com\/wp-content\/uploads\/2022\/05\/ihsane-th-1024x536.jpg 1024w, https:\/\/abdellahdeddah.com\/wp-content\/uploads\/2022\/05\/ihsane-th-768x402.jpg 768w, https:\/\/abdellahdeddah.com\/wp-content\/uploads\/2022\/05\/ihsane-th-600x314.jpg 600w, https:\/\/abdellahdeddah.com\/wp-content\/uploads\/2022\/05\/ihsane-th-150x79.jpg 150w\" sizes=\"(max-width: 1050px) 100vw, 1050px\" \/>\t\t\t\t\t\t\t\t\t\t\t\t\t\t\t<\/div>\n\t\t\t\t\t<\/div>\n\t\t<\/div>\n\t\t\t\t\t<\/div>\n\t\t<\/section>\n\t\t\t\t<section class=\"elementor-section elementor-top-section elementor-element elementor-element-f6c6e6e elementor-section-boxed elementor-section-height-default elementor-section-height-default\" data-id=\"f6c6e6e\" data-element_type=\"section\" data-e-type=\"section\">\n\t\t\t\t\t\t<div class=\"elementor-container elementor-column-gap-default\">\n\t\t\t\t\t<div class=\"elementor-column elementor-col-50 elementor-top-column elementor-element elementor-element-51d5af6\" data-id=\"51d5af6\" data-element_type=\"column\" data-e-type=\"column\">\n\t\t\t<div class=\"elementor-widget-wrap elementor-element-populated\">\n\t\t\t\t\t\t<div class=\"elementor-element elementor-element-a2f0840 elementor-widget elementor-widget-image\" data-id=\"a2f0840\" data-element_type=\"widget\" data-e-type=\"widget\" data-widget_type=\"image.default\">\n\t\t\t\t\t\t\t\t\t\t\t\t\t\t\t<img decoding=\"async\" width=\"590\" height=\"390\" src=\"https:\/\/abdellahdeddah.com\/wp-content\/uploads\/2022\/05\/doctor.jpg\" class=\"attachment-large size-large wp-image-828\" alt=\"\" srcset=\"https:\/\/abdellahdeddah.com\/wp-content\/uploads\/2022\/05\/doctor.jpg 590w, https:\/\/abdellahdeddah.com\/wp-content\/uploads\/2022\/05\/doctor-300x198.jpg 300w, https:\/\/abdellahdeddah.com\/wp-content\/uploads\/2022\/05\/doctor-150x99.jpg 150w\" sizes=\"(max-width: 590px) 100vw, 590px\" \/>\t\t\t\t\t\t\t\t\t\t\t\t\t\t\t<\/div>\n\t\t\t\t\t<\/div>\n\t\t<\/div>\n\t\t\t\t<div class=\"elementor-column elementor-col-50 elementor-top-column elementor-element elementor-element-3009b58\" data-id=\"3009b58\" data-element_type=\"column\" data-e-type=\"column\">\n\t\t\t<div class=\"elementor-widget-wrap elementor-element-populated\">\n\t\t\t\t\t\t<div class=\"elementor-element elementor-element-b5eb484 elementor-widget elementor-widget-image\" data-id=\"b5eb484\" data-element_type=\"widget\" data-e-type=\"widget\" data-widget_type=\"image.default\">\n\t\t\t\t\t\t\t\t\t\t\t\t\t\t\t<img decoding=\"async\" width=\"590\" height=\"390\" src=\"https:\/\/abdellahdeddah.com\/wp-content\/uploads\/2022\/05\/doctor-women.jpg\" class=\"attachment-large size-large wp-image-829\" alt=\"\" srcset=\"https:\/\/abdellahdeddah.com\/wp-content\/uploads\/2022\/05\/doctor-women.jpg 590w, https:\/\/abdellahdeddah.com\/wp-content\/uploads\/2022\/05\/doctor-women-300x198.jpg 300w, https:\/\/abdellahdeddah.com\/wp-content\/uploads\/2022\/05\/doctor-women-150x99.jpg 150w\" sizes=\"(max-width: 590px) 100vw, 590px\" \/>\t\t\t\t\t\t\t\t\t\t\t\t\t\t\t<\/div>\n\t\t\t\t\t<\/div>\n\t\t<\/div>\n\t\t\t\t\t<\/div>\n\t\t<\/section>\n\t\t\t\t<section class=\"elementor-section elementor-top-section elementor-element elementor-element-0e21c32 elementor-section-boxed elementor-section-height-default elementor-section-height-default\" data-id=\"0e21c32\" data-element_type=\"section\" data-e-type=\"section\">\n\t\t\t\t\t\t<div class=\"elementor-container elementor-column-gap-default\">\n\t\t\t\t\t<div class=\"elementor-column elementor-col-50 elementor-top-column elementor-element elementor-element-21da48c\" data-id=\"21da48c\" data-element_type=\"column\" data-e-type=\"column\">\n\t\t\t<div class=\"elementor-widget-wrap elementor-element-populated\">\n\t\t\t\t\t\t<div class=\"elementor-element elementor-element-2c7eb00 elementor-widget elementor-widget-image\" data-id=\"2c7eb00\" data-element_type=\"widget\" data-e-type=\"widget\" data-widget_type=\"image.default\">\n\t\t\t\t\t\t\t\t\t\t\t\t\t\t\t<img loading=\"lazy\" decoding=\"async\" width=\"590\" height=\"390\" src=\"https:\/\/abdellahdeddah.com\/wp-content\/uploads\/2022\/05\/business-card.jpg\" class=\"attachment-large size-large wp-image-827\" alt=\"\" srcset=\"https:\/\/abdellahdeddah.com\/wp-content\/uploads\/2022\/05\/business-card.jpg 590w, https:\/\/abdellahdeddah.com\/wp-content\/uploads\/2022\/05\/business-card-300x198.jpg 300w, https:\/\/abdellahdeddah.com\/wp-content\/uploads\/2022\/05\/business-card-150x99.jpg 150w\" sizes=\"(max-width: 590px) 100vw, 590px\" \/>\t\t\t\t\t\t\t\t\t\t\t\t\t\t\t<\/div>\n\t\t\t\t\t<\/div>\n\t\t<\/div>\n\t\t\t\t<div class=\"elementor-column elementor-col-50 elementor-top-column elementor-element elementor-element-77cedaf\" data-id=\"77cedaf\" data-element_type=\"column\" data-e-type=\"column\">\n\t\t\t<div class=\"elementor-widget-wrap elementor-element-populated\">\n\t\t\t\t\t\t<div class=\"elementor-element elementor-element-d0f4191 elementor-widget elementor-widget-image\" data-id=\"d0f4191\" data-element_type=\"widget\" data-e-type=\"widget\" data-widget_type=\"image.default\">\n\t\t\t\t\t\t\t\t\t\t\t\t\t\t\t<img loading=\"lazy\" decoding=\"async\" width=\"590\" height=\"390\" src=\"https:\/\/abdellahdeddah.com\/wp-content\/uploads\/2022\/05\/rollup.jpg\" class=\"attachment-large size-large wp-image-830\" alt=\"\" srcset=\"https:\/\/abdellahdeddah.com\/wp-content\/uploads\/2022\/05\/rollup.jpg 590w, https:\/\/abdellahdeddah.com\/wp-content\/uploads\/2022\/05\/rollup-300x198.jpg 300w, https:\/\/abdellahdeddah.com\/wp-content\/uploads\/2022\/05\/rollup-150x99.jpg 150w\" sizes=\"(max-width: 590px) 100vw, 590px\" \/>\t\t\t\t\t\t\t\t\t\t\t\t\t\t\t<\/div>\n\t\t\t\t\t<\/div>\n\t\t<\/div>\n\t\t\t\t\t<\/div>\n\t\t<\/section>\n\t\t\t\t<section class=\"elementor-section elementor-top-section elementor-element elementor-element-9bd3acb elementor-section-boxed elementor-section-height-default elementor-section-height-default\" data-id=\"9bd3acb\" data-element_type=\"section\" data-e-type=\"section\">\n\t\t\t\t\t\t<div class=\"elementor-container elementor-column-gap-default\">\n\t\t\t\t\t<div class=\"elementor-column elementor-col-50 elementor-top-column elementor-element elementor-element-e11bb2d\" data-id=\"e11bb2d\" data-element_type=\"column\" data-e-type=\"column\">\n\t\t\t<div class=\"elementor-widget-wrap elementor-element-populated\">\n\t\t\t\t\t\t<div class=\"elementor-element elementor-element-06e2d4f elementor-widget elementor-widget-image\" data-id=\"06e2d4f\" data-element_type=\"widget\" data-e-type=\"widget\" data-widget_type=\"image.default\">\n\t\t\t\t\t\t\t\t\t\t\t\t\t\t\t<img loading=\"lazy\" decoding=\"async\" width=\"590\" height=\"390\" src=\"https:\/\/abdellahdeddah.com\/wp-content\/uploads\/2022\/05\/docteur-2.jpg\" class=\"attachment-large size-large wp-image-831\" alt=\"\" srcset=\"https:\/\/abdellahdeddah.com\/wp-content\/uploads\/2022\/05\/docteur-2.jpg 590w, https:\/\/abdellahdeddah.com\/wp-content\/uploads\/2022\/05\/docteur-2-300x198.jpg 300w, https:\/\/abdellahdeddah.com\/wp-content\/uploads\/2022\/05\/docteur-2-150x99.jpg 150w\" sizes=\"(max-width: 590px) 100vw, 590px\" \/>\t\t\t\t\t\t\t\t\t\t\t\t\t\t\t<\/div>\n\t\t\t\t\t<\/div>\n\t\t<\/div>\n\t\t\t\t<div class=\"elementor-column elementor-col-50 elementor-top-column elementor-element elementor-element-dc5c6c7\" data-id=\"dc5c6c7\" data-element_type=\"column\" data-e-type=\"column\">\n\t\t\t<div class=\"elementor-widget-wrap elementor-element-populated\">\n\t\t\t\t\t\t<div class=\"elementor-element elementor-element-34bdefd elementor-widget elementor-widget-image\" data-id=\"34bdefd\" data-element_type=\"widget\" data-e-type=\"widget\" data-widget_type=\"image.default\">\n\t\t\t\t\t\t\t\t\t\t\t\t\t\t\t<img loading=\"lazy\" decoding=\"async\" width=\"590\" height=\"390\" src=\"https:\/\/abdellahdeddah.com\/wp-content\/uploads\/2022\/05\/rollup.jpg\" class=\"attachment-large size-large wp-image-830\" alt=\"\" srcset=\"https:\/\/abdellahdeddah.com\/wp-content\/uploads\/2022\/05\/rollup.jpg 590w, https:\/\/abdellahdeddah.com\/wp-content\/uploads\/2022\/05\/rollup-300x198.jpg 300w, https:\/\/abdellahdeddah.com\/wp-content\/uploads\/2022\/05\/rollup-150x99.jpg 150w\" sizes=\"(max-width: 590px) 100vw, 590px\" \/>\t\t\t\t\t\t\t\t\t\t\t\t\t\t\t<\/div>\n\t\t\t\t\t<\/div>\n\t\t<\/div>\n\t\t\t\t\t<\/div>\n\t\t<\/section>\n\t\t\t\t<\/div>","protected":false},"excerpt":{"rendered":"Branding \u2014 El IHSANE Clinic El IHSANE Clinic is a well-established and reputable medical institution, and I had the honor of redesigning its entire brand identity and transforming it into a modern, cohesive, and impactful visual brand. The visual identity of El Ihsane Clinic reflects its commitment to providing care that combines medical excellence with","protected":false},"author":1,"featured_media":0,"parent":0,"menu_order":0,"comment_status":"closed","ping_status":"closed","template":"","meta":{"footnotes":""},"class_list":["post-1095","page","type-page","status-publish","hentry"],"_hostinger_reach_plugin_has_subscription_block":false,"_hostinger_reach_plugin_is_elementor":false,"_links":{"self":[{"href":"https:\/\/abdellahdeddah.com\/fr\/wp-json\/wp\/v2\/pages\/1095","targetHints":{"allow":["GET"]}}],"collection":[{"href":"https:\/\/abdellahdeddah.com\/fr\/wp-json\/wp\/v2\/pages"}],"about":[{"href":"https:\/\/abdellahdeddah.com\/fr\/wp-json\/wp\/v2\/types\/page"}],"author":[{"embeddable":true,"href":"https:\/\/abdellahdeddah.com\/fr\/wp-json\/wp\/v2\/users\/1"}],"replies":[{"embeddable":true,"href":"https:\/\/abdellahdeddah.com\/fr\/wp-json\/wp\/v2\/comments?post=1095"}],"version-history":[{"count":13,"href":"https:\/\/abdellahdeddah.com\/fr\/wp-json\/wp\/v2\/pages\/1095\/revisions"}],"predecessor-version":[{"id":1197,"href":"https:\/\/abdellahdeddah.com\/fr\/wp-json\/wp\/v2\/pages\/1095\/revisions\/1197"}],"wp:attachment":[{"href":"https:\/\/abdellahdeddah.com\/fr\/wp-json\/wp\/v2\/media?parent=1095"}],"curies":[{"name":"wp","href":"https:\/\/api.w.org\/{rel}","templated":true}]}}